{"id":26420,"date":"2025-02-15T09:24:32","date_gmt":"2025-02-15T09:24:32","guid":{"rendered":"https:\/\/www.metlaninst.com\/?post_type=product&#038;p=26420"},"modified":"2025-06-17T03:14:44","modified_gmt":"2025-06-17T03:14:44","slug":"caudalimetro-ultrasonico-de-gas-de-alta-precision-mts-lynsb","status":"publish","type":"product","link":"https:\/\/metlaninst.com\/es\/p\/caudalimetro-ultrasonico-de-gas-de-alta-precision-mts-lynsb\/","title":{"rendered":"Medidor ultras\u00f3nico de flujo de gas de alta precisi\u00f3n (MTS-LYNSB)"},"content":{"rendered":"<div class=\"e-con-inner\">\n<div class=\"elementor-element e-con-full e-flex e-con e-child\">\n<div class=\"elementor-widget-container\">\n<h3 class=\"elementor-heading-title elementor-size-default\">Caracter\u00edsticas:<\/h3>\n<\/div>\n<div class=\"elementor-widget-container\">\n<ol>\n<li data-zone-id=\"0\" data-line-index=\"0\" data-line=\"true\">Alta precisi\u00f3n para gas de hasta \u00b10,5%<\/li>\n<li data-zone-id=\"0\" data-line-index=\"0\" data-line=\"true\">Sin piezas m\u00f3viles, sin p\u00e9rdida de presi\u00f3n, sin obstrucciones en la l\u00ednea<\/li>\n<li data-zone-id=\"0\" data-line-index=\"0\" data-line=\"true\">Sin lubricaci\u00f3n ni mantenimiento peri\u00f3dico<\/li>\n<li data-zone-id=\"0\" data-line-index=\"0\" data-line=\"true\">La medici\u00f3n no se ve afectada por las propiedades del gas<\/li>\n<li data-zone-id=\"0\" data-line-index=\"0\" data-line=\"true\">Relaci\u00f3n de reducci\u00f3n de 100:1<\/li>\n<li data-zone-id=\"0\" data-line-index=\"0\" data-line=\"true\">Capacidad bidireccional<\/li>\n<li data-zone-id=\"0\" data-line-index=\"0\" data-line=\"true\">La pantalla LCD est\u00e1 disponible en ingl\u00e9s, espa\u00f1ol, franc\u00e9s y otros idiomas previa petici\u00f3n.<\/li>\n<li data-zone-id=\"0\" data-line-index=\"0\" data-line=\"true\">Cada caudal\u00edmetro se calibra y se le asigna un n\u00famero de serie \u00fanico que corresponde a todos los datos de calibraci\u00f3n.<\/li>\n<\/ol>\n<\/div>\n<\/div>\n<div class=\"elementor-element e-con-full e-flex e-con e-child\">\n<div class=\"elementor-widget-container\">\n<h3 class=\"elementor-heading-title elementor-size-default\">Aplicaciones:<\/h3>\n<\/div>\n<div class=\"elementor-widget-container\">\n<h5 class=\"first\">Aplicaciones t\u00edpicas:<\/h5>\n<div>\n<ul>\n<li data-zone-id=\"0\" data-line-index=\"0\" data-line=\"true\">Aplicaciones de transferencia de custodia (gas natural, N2, 02, aire, etileno)<\/li>\n<li data-zone-id=\"0\" data-line-index=\"0\" data-line=\"true\">aplicaciones terrestres y mar\u00edtimas<\/li>\n<li data-zone-id=\"0\" data-line-index=\"0\" data-line=\"true\">Instalaciones subterr\u00e1neas de almacenamiento de gas (medici\u00f3n bidireccional posible)<\/li>\n<li data-zone-id=\"0\" data-line-index=\"0\" data-line=\"true\">Para gases con alto componente de H2S como el gas \u00e1cido o el biog\u00e1s<\/li>\n<\/ul>\n<\/div>\n<h5>Industrias:<\/h5>\n<div>\n<ul>\n<li data-zone-id=\"0\" data-line-index=\"0\" data-line=\"true\">Soluciones upstream\/ offshore<\/li>\n<li data-zone-id=\"0\" data-line-index=\"0\" data-line=\"true\">Almacenamiento y distribuci\u00f3n de petr\u00f3leo y gas<\/li>\n<li data-zone-id=\"0\" data-line-index=\"0\" data-line=\"true\">Soluciones para refiner\u00edas<\/li>\n<li data-zone-id=\"0\" data-line-index=\"0\" data-line=\"true\">Almacenamiento y tratamiento subterr\u00e1neos de gas<\/li>\n<li data-zone-id=\"0\" data-line-index=\"0\" data-line=\"true\">Soluciones para petr\u00f3leo y gas de esquisto y en tierraIndustria del hierro, el acero y el metal<\/li>\n<\/ul>\n<\/div>\n<div><\/div>\n<\/div>\n<\/div>\n<\/div>","protected":false},"excerpt":{"rendered":"<div class=\"short-description-head\">\n<div data-zone-id=\"0\" data-line-index=\"0\" data-line=\"true\">El MTS-LYNSB es ideal tanto para la transferencia de custodia de gas natural como para la medici\u00f3n de alta precisi\u00f3n de gases de proceso con una exactitud de hasta \u00b10,5%. Mide la velocidad de flujo del gas a trav\u00e9s de los tiempos de tr\u00e1nsito de los pulsos ultras\u00f3nicos y calcula a partir de ellos la velocidad de flujo en las condiciones de medici\u00f3n.<\/div>\n<\/div>","protected":false},"featured_media":26421,"template":"","meta":[],"product_brand":[],"product_cat":[216,208,164],"product_tag":[],"class_list":{"0":"post-26420","1":"product","2":"type-product","3":"status-publish","4":"has-post-thumbnail","6":"product_cat-ultrasonic-gas-flow-meter","7":"product_cat-gas-flow-meters","8":"product_cat-air-flow-meters","10":"first","11":"instock","12":"shipping-taxable","13":"purchasable","14":"product-type-simple"},"_links":{"self":[{"href":"https:\/\/metlaninst.com\/es\/wp-json\/wp\/v2\/product\/26420","targetHints":{"allow":["GET"]}}],"collection":[{"href":"https:\/\/metlaninst.com\/es\/wp-json\/wp\/v2\/product"}],"about":[{"href":"https:\/\/metlaninst.com\/es\/wp-json\/wp\/v2\/types\/product"}],"version-history":[{"count":2,"href":"https:\/\/metlaninst.com\/es\/wp-json\/wp\/v2\/product\/26420\/revisions"}],"predecessor-version":[{"id":27022,"href":"https:\/\/metlaninst.com\/es\/wp-json\/wp\/v2\/product\/26420\/revisions\/27022"}],"wp:featuredmedia":[{"embeddable":true,"href":"https:\/\/metlaninst.com\/es\/wp-json\/wp\/v2\/media\/26421"}],"wp:attachment":[{"href":"https:\/\/metlaninst.com\/es\/wp-json\/wp\/v2\/media?parent=26420"}],"wp:term":[{"taxonomy":"product_brand","embeddable":true,"href":"https:\/\/metlaninst.com\/es\/wp-json\/wp\/v2\/product_brand?post=26420"},{"taxonomy":"product_cat","embeddable":true,"href":"https:\/\/metlaninst.com\/es\/wp-json\/wp\/v2\/product_cat?post=26420"},{"taxonomy":"product_tag","embeddable":true,"href":"https:\/\/metlaninst.com\/es\/wp-json\/wp\/v2\/product_tag?post=26420"}],"curies":[{"name":"wp","href":"https:\/\/api.w.org\/{rel}","templated":true}]}}