{"id":26591,"date":"2024-12-15T08:22:22","date_gmt":"2024-12-15T08:22:22","guid":{"rendered":"https:\/\/www.metlaninst.com\/?post_type=product&#038;p=26591"},"modified":"2025-03-21T02:25:06","modified_gmt":"2025-03-21T02:25:06","slug":"caudalimetros-de-gas-de-turbina-de-alta-precision-lwgymt-es","status":"publish","type":"product","link":"https:\/\/metlaninst.com\/es\/p\/caudalimetros-de-gas-de-turbina-de-alta-precision-lwgymt-es\/","title":{"rendered":"Medidores de caudal de gas de turbina de alta precisi\u00f3n (LWGYMT-ES)"},"content":{"rendered":"<div class=\"e-con-inner\">\n<div class=\"elementor-element e-con-full e-flex e-con e-child\">\n<div class=\"elementor-widget-container\">\n<h3 class=\"elementor-heading-title elementor-size-default\">Caracter\u00edsticas:<\/h3>\n<\/div>\n<div class=\"elementor-widget-container\">\n<ol>\n<li>Compensaci\u00f3n de temperatura y presi\u00f3n.<\/li>\n<li>LCD de segmentos, muestra normalmente a -30\u2103<\/li>\n<li>Movimiento integrado<\/li>\n<li>Comunicaci\u00f3n: Modbus RS485<\/li>\n<li>Visualizaci\u00f3n simult\u00e1nea de caudal, volumen total de caudal, presi\u00f3n y temperatura.<\/li>\n<li>Tambi\u00e9n disponible en construcciones espec\u00edficas para el cliente<\/li>\n<li>La pantalla LCD est\u00e1 disponible en ingl\u00e9s, espa\u00f1ol, franc\u00e9s y otros idiomas previa petici\u00f3n.<\/li>\n<li>Cada caudal\u00edmetro se calibra y se le asigna un n\u00famero de serie \u00fanico que corresponde a todos los datos de calibraci\u00f3n.<\/li>\n<\/ol>\n<\/div>\n<\/div>\n<div class=\"elementor-element e-con-full e-flex e-con e-child\">\n<div class=\"elementor-widget-container\">\n<h3 class=\"elementor-heading-title elementor-size-default\">Aplicaciones:<\/h3>\n<\/div>\n<div class=\"elementor-widget-container\">\n<h5>General<\/h5>\n<div>\n<ul>\n<li data-zone-id=\"0\" data-line-index=\"0\" data-line=\"true\">Medici\u00f3n precisa del caudal de gas en diversos entornos industriales<\/li>\n<\/ul>\n<\/div>\n<h5>Petr\u00f3leo y gas<\/h5>\n<div>\n<ul>\n<li data-zone-id=\"0\" data-line-index=\"0\" data-line=\"true\">Control de los gasoductos de gas natural<\/li>\n<li data-zone-id=\"0\" data-line-index=\"0\" data-line=\"true\">Medici\u00f3n precisa en sistemas de inyecci\u00f3n y procesamiento de gas<\/li>\n<\/ul>\n<\/div>\n<h5>Fabricaci\u00f3n industrial<\/h5>\n<div>\n<ul>\n<li data-zone-id=\"0\" data-line-index=\"0\" data-line=\"true\">Medici\u00f3n de gases en procesos industriales y aplicaciones qu\u00edmicas<\/li>\n<\/ul>\n<h5>Generaci\u00f3n de energ\u00eda<\/h5>\n<div>\n<ul>\n<li data-zone-id=\"0\" data-line-index=\"0\" data-line=\"true\">Control de los flujos de gas para aumentar la eficiencia de las centrales el\u00e9ctricas<\/li>\n<\/ul>\n<\/div>\n<\/div>\n<\/div>\n<\/div>\n<\/div>","protected":false},"excerpt":{"rendered":"<div class=\"short-description-head\">\n<div data-zone-id=\"0\" data-line-index=\"0\" data-line=\"true\">El LWGYMT-ES es un caudal\u00edmetro de gas de turbina de alta precisi\u00f3n de hasta \u00b11,0%. Es muy adecuado para medir medios gaseosos no corrosivos con caudales medios a bajos, como gas natural, propano, butano, di\u00f3xido de carbono y nitr\u00f3geno, ampliamente utilizados en... <em>medici\u00f3n de gas<\/em> para las industrias petrolera, qu\u00edmica, energ\u00e9tica y metal\u00fargica, sistemas de calderas, as\u00ed como en redes urbanas de gas natural, estaciones de regulaci\u00f3n de la presi\u00f3n del gas y medici\u00f3n del comercio de gas.<\/div>\n<\/div>","protected":false},"featured_media":26592,"template":"","meta":[],"product_brand":[],"product_cat":[120,208,164],"product_tag":[],"class_list":{"0":"post-26591","1":"product","2":"type-product","3":"status-publish","4":"has-post-thumbnail","6":"product_cat-turbine-flow-meters","7":"product_cat-gas-flow-meters","8":"product_cat-air-flow-meters","10":"first","11":"instock","12":"shipping-taxable","13":"purchasable","14":"product-type-simple"},"_links":{"self":[{"href":"https:\/\/metlaninst.com\/es\/wp-json\/wp\/v2\/product\/26591","targetHints":{"allow":["GET"]}}],"collection":[{"href":"https:\/\/metlaninst.com\/es\/wp-json\/wp\/v2\/product"}],"about":[{"href":"https:\/\/metlaninst.com\/es\/wp-json\/wp\/v2\/types\/product"}],"version-history":[{"count":1,"href":"https:\/\/metlaninst.com\/es\/wp-json\/wp\/v2\/product\/26591\/revisions"}],"predecessor-version":[{"id":26593,"href":"https:\/\/metlaninst.com\/es\/wp-json\/wp\/v2\/product\/26591\/revisions\/26593"}],"wp:featuredmedia":[{"embeddable":true,"href":"https:\/\/metlaninst.com\/es\/wp-json\/wp\/v2\/media\/26592"}],"wp:attachment":[{"href":"https:\/\/metlaninst.com\/es\/wp-json\/wp\/v2\/media?parent=26591"}],"wp:term":[{"taxonomy":"product_brand","embeddable":true,"href":"https:\/\/metlaninst.com\/es\/wp-json\/wp\/v2\/product_brand?post=26591"},{"taxonomy":"product_cat","embeddable":true,"href":"https:\/\/metlaninst.com\/es\/wp-json\/wp\/v2\/product_cat?post=26591"},{"taxonomy":"product_tag","embeddable":true,"href":"https:\/\/metlaninst.com\/es\/wp-json\/wp\/v2\/product_tag?post=26591"}],"curies":[{"name":"wp","href":"https:\/\/api.w.org\/{rel}","templated":true}]}}