{"id":26621,"date":"2024-09-15T13:30:46","date_gmt":"2024-09-15T13:30:46","guid":{"rendered":"https:\/\/www.metlaninst.com\/?post_type=product&#038;p=26621"},"modified":"2025-03-21T02:47:06","modified_gmt":"2025-03-21T02:47:06","slug":"medidor-de-flujo-de-gas-de-tubo-pitot-mtkb-201x","status":"publish","type":"product","link":"https:\/\/metlaninst.com\/es\/p\/medidor-de-flujo-de-gas-de-tubo-pitot-mtkb-201x\/","title":{"rendered":"Medidor de flujo de gas de tubo de Pitot MTKB-201x"},"content":{"rendered":"<div class=\"e-con-inner\">\n<div class=\"elementor-element e-con-full e-flex e-con e-child\">\n<div class=\"elementor-widget-container\">\n<h3 class=\"elementor-heading-title elementor-size-default\">Caracter\u00edsticas:<\/h3>\n<\/div>\n<div class=\"elementor-widget-container\">\n<ol>\n<li>Aplicable a la medici\u00f3n de aire sucio y h\u00famedo<\/li>\n<li>La autocalibraci\u00f3n en l\u00ednea reduce la desviaci\u00f3n de los datos<\/li>\n<li>alta sensibilidad, el l\u00edmite inferior es de hasta 5 Nm\/s<\/li>\n<li>Relaci\u00f3n de reducci\u00f3n de 1:60<\/li>\n<li>Medici\u00f3n bidireccional del caudal<\/li>\n<li>Integra sensores de presi\u00f3n y temperatura para controlar en l\u00ednea la presi\u00f3n y la temperatura del gas<\/li>\n<li>Sin piezas m\u00f3viles, baja ca\u00edda de presi\u00f3n<\/li>\n<li>No le afectan las vibraciones de las tuber\u00edas<\/li>\n<li>La pantalla LCD est\u00e1 disponible en ingl\u00e9s, espa\u00f1ol, franc\u00e9s y otros idiomas previa petici\u00f3n.<\/li>\n<li>Cada caudal\u00edmetro se calibra y se le asigna un n\u00famero de serie \u00fanico que corresponde a todos los datos de calibraci\u00f3n.<\/li>\n<\/ol>\n<\/div>\n<\/div>\n<div class=\"elementor-element e-con-full e-flex e-con e-child\">\n<div class=\"elementor-widget-container\">\n<h3 class=\"elementor-heading-title elementor-size-default\">Aplicaciones:<\/h3>\n<\/div>\n<div class=\"elementor-widget-container\">\n<p><strong>General<\/strong><\/p>\n<ul>\n<li>Aire seco \/ h\u00famedo y gases no corrosivos<\/li>\n<li>Servicios p\u00fablicos y vapor, control de la energ\u00eda<\/li>\n<li>Procesos de combusti\u00f3n t\u00e9rmica, aire primario y secundario<\/li>\n<li>Desempolvado y ventilaci\u00f3n<\/li>\n<li>Aire comprimido<\/li>\n<li>Biog\u00e1s<\/li>\n<\/ul>\n<\/div>\n<\/div>\n<\/div>","protected":false},"excerpt":{"rendered":"<div class=\"short-description-head\">\n<div data-zone-id=\"0\" data-line-index=\"0\" data-line=\"true\">El caudal\u00edmetro de diferente presi\u00f3n con tubo de Pitot MTKB-201x es la elecci\u00f3n perfecta para gases, especialmente los gases sucios\/h\u00famedos no corrosivos. El l\u00edmite de medici\u00f3n muy bajo que puede llegar a 5 Nm \/ s, y la relaci\u00f3n de reducci\u00f3n de 1:60. La calibraci\u00f3n autom\u00e1tica en l\u00ednea compensa los efectos de los cambios de temperatura, los cambios de presi\u00f3n y la contaminaci\u00f3n del sensor.<\/div>\n<\/div>","protected":false},"featured_media":26624,"template":"","meta":[],"product_brand":[],"product_cat":[122,208,164],"product_tag":[],"class_list":{"0":"post-26621","1":"product","2":"type-product","3":"status-publish","4":"has-post-thumbnail","6":"product_cat-differential-pressure-flow-meters","7":"product_cat-gas-flow-meters","8":"product_cat-air-flow-meters","10":"first","11":"instock","12":"shipping-taxable","13":"purchasable","14":"product-type-variable"},"_links":{"self":[{"href":"https:\/\/metlaninst.com\/es\/wp-json\/wp\/v2\/product\/26621","targetHints":{"allow":["GET"]}}],"collection":[{"href":"https:\/\/metlaninst.com\/es\/wp-json\/wp\/v2\/product"}],"about":[{"href":"https:\/\/metlaninst.com\/es\/wp-json\/wp\/v2\/types\/product"}],"version-history":[{"count":2,"href":"https:\/\/metlaninst.com\/es\/wp-json\/wp\/v2\/product\/26621\/revisions"}],"predecessor-version":[{"id":26628,"href":"https:\/\/metlaninst.com\/es\/wp-json\/wp\/v2\/product\/26621\/revisions\/26628"}],"wp:featuredmedia":[{"embeddable":true,"href":"https:\/\/metlaninst.com\/es\/wp-json\/wp\/v2\/media\/26624"}],"wp:attachment":[{"href":"https:\/\/metlaninst.com\/es\/wp-json\/wp\/v2\/media?parent=26621"}],"wp:term":[{"taxonomy":"product_brand","embeddable":true,"href":"https:\/\/metlaninst.com\/es\/wp-json\/wp\/v2\/product_brand?post=26621"},{"taxonomy":"product_cat","embeddable":true,"href":"https:\/\/metlaninst.com\/es\/wp-json\/wp\/v2\/product_cat?post=26621"},{"taxonomy":"product_tag","embeddable":true,"href":"https:\/\/metlaninst.com\/es\/wp-json\/wp\/v2\/product_tag?post=26621"}],"curies":[{"name":"wp","href":"https:\/\/api.w.org\/{rel}","templated":true}]}}