{"id":26633,"date":"2025-02-16T09:00:43","date_gmt":"2025-02-16T09:00:43","guid":{"rendered":"https:\/\/www.metlaninst.com\/?post_type=product&#038;p=26633"},"modified":"2025-06-15T11:29:47","modified_gmt":"2025-06-15T11:29:47","slug":"caudalimetro-masico-termico-de-insercion-mt221x","status":"publish","type":"product","link":"https:\/\/metlaninst.com\/es\/p\/caudalimetro-masico-termico-de-insercion-mt221x\/","title":{"rendered":"Caudal\u00edmetro m\u00e1sico t\u00e9rmico de inserci\u00f3n (MT221x)"},"content":{"rendered":"<div class=\"e-con-inner\">\n<div class=\"elementor-element e-con-full e-flex e-con e-child\">\n<div class=\"elementor-widget-container\">\n<h3 class=\"elementor-heading-title elementor-size-default\">Caracter\u00edsticas:<\/h3>\n<\/div>\n<div class=\"elementor-widget-container\">\n<ol>\n<li data-zone-id=\"0\" data-line-index=\"0\" data-line=\"true\">Medios: Aire comprimido, nitr\u00f3geno, ox\u00edgeno, di\u00f3xido de carbono y otros gases no condensantes.<\/li>\n<li data-zone-id=\"0\" data-line-index=\"0\" data-line=\"true\">Adecuado para tuber\u00edas con di\u00e1metros de DN20 a DN1000.<\/li>\n<li data-zone-id=\"0\" data-line-index=\"0\" data-line=\"true\">\u00a0Relaci\u00f3n de reducci\u00f3n ultraancha de 1:2500, el rango de medici\u00f3n es de 0,1 Nm\/s a 250 Nm\/s.<\/li>\n<li data-zone-id=\"0\" data-line-index=\"0\" data-line=\"true\">Procesamiento de se\u00f1ales totalmente digital, mayor precisi\u00f3n y estabilidad a largo plazo.<\/li>\n<li data-zone-id=\"0\" data-line-index=\"0\" data-line=\"true\">Basado en el principio de medici\u00f3n de flujo t\u00e9rmico, no es necesario compensar la presi\u00f3n y la temperatura del gas, medici\u00f3n de temperatura integrada.<\/li>\n<li data-zone-id=\"0\" data-line-index=\"0\" data-line=\"true\">La estructura el\u00e9ctrica totalmente aislada puede filtrar por completo las perturbaciones de campo.<\/li>\n<li data-zone-id=\"0\" data-line-index=\"0\" data-line=\"true\">La pantalla LCD est\u00e1 disponible en ingl\u00e9s, espa\u00f1ol, franc\u00e9s y otros idiomas previa petici\u00f3n.<\/li>\n<li data-zone-id=\"0\" data-line-index=\"0\" data-line=\"true\">Cada caudal\u00edmetro se calibra y se le asigna un n\u00famero de serie \u00fanico que corresponde a todos los datos de calibraci\u00f3n.<\/li>\n<\/ol>\n<\/div>\n<\/div>\n<div class=\"elementor-element e-con-full e-flex e-con e-child\">\n<div class=\"elementor-widget-container\">\n<h3 class=\"elementor-heading-title elementor-size-default\">Aplicaciones:<\/h3>\n<\/div>\n<div class=\"elementor-widget-container\">\n<p><strong>Petr\u00f3leo y gas<\/strong><br \/>\n- Gas de pozo, gas de antorcha<br \/>\n<strong>Vigilancia medioambiental<\/strong><br \/>\n- Emisiones de chimeneas, biog\u00e1s, calidad del aire<br \/>\n<strong>Qu\u00edmica y petroqu\u00edmica<\/strong><br \/>\n- Flujo de gas de proceso, inyecci\u00f3n de gas, detecci\u00f3n de fugas<br \/>\n<strong>Farmac\u00e9utica y biotecnolog\u00eda<\/strong><br \/>\n- Flujo de aire de la sala blanca, flujo de gas del biorreactor<br \/>\n<strong>Alimentaci\u00f3n y bebidas<\/strong><br \/>\n- CO\u2082 en la carbonataci\u00f3n, nitr\u00f3geno en el envasado<br \/>\n<strong>HVAC<\/strong><br \/>\n- Flujo de aire en conductos, sistemas de ventilaci\u00f3n<\/p>\n<\/div>\n<\/div>\n<\/div>","protected":false},"excerpt":{"rendered":"<div class=\"short-description-head\">\n<div data-zone-id=\"0\" data-line-index=\"0\" data-line=\"true\">Este caudal\u00edmetro m\u00e1sico t\u00e9rmico puede medir directamente el caudal est\u00e1ndar, el caudal m\u00e1sico, el consumo y la temperatura del gas. El l\u00edmite de medici\u00f3n bajo puede alcanzar 0,1 Nm\/s, y la relaci\u00f3n de reducci\u00f3n puede llegar a 1:2500. Tiene un rango de medici\u00f3n m\u00e1s amplio que los caudal\u00edmetros comunes del mercado, por lo que es adecuado para medir el flujo extremadamente vol\u00e1til, el bypass de bajo flujo y el consumo de gas de un solo equipo.<\/div>\n<\/div>","protected":false},"featured_media":26634,"template":"","meta":[],"product_brand":[],"product_cat":[215,208,164],"product_tag":[],"class_list":{"0":"post-26633","1":"product","2":"type-product","3":"status-publish","4":"has-post-thumbnail","6":"product_cat-thermal-mass-flow-meters","7":"product_cat-gas-flow-meters","8":"product_cat-air-flow-meters","10":"first","11":"instock","12":"shipping-taxable","13":"purchasable","14":"product-type-simple"},"_links":{"self":[{"href":"https:\/\/metlaninst.com\/es\/wp-json\/wp\/v2\/product\/26633","targetHints":{"allow":["GET"]}}],"collection":[{"href":"https:\/\/metlaninst.com\/es\/wp-json\/wp\/v2\/product"}],"about":[{"href":"https:\/\/metlaninst.com\/es\/wp-json\/wp\/v2\/types\/product"}],"version-history":[{"count":1,"href":"https:\/\/metlaninst.com\/es\/wp-json\/wp\/v2\/product\/26633\/revisions"}],"predecessor-version":[{"id":26636,"href":"https:\/\/metlaninst.com\/es\/wp-json\/wp\/v2\/product\/26633\/revisions\/26636"}],"wp:featuredmedia":[{"embeddable":true,"href":"https:\/\/metlaninst.com\/es\/wp-json\/wp\/v2\/media\/26634"}],"wp:attachment":[{"href":"https:\/\/metlaninst.com\/es\/wp-json\/wp\/v2\/media?parent=26633"}],"wp:term":[{"taxonomy":"product_brand","embeddable":true,"href":"https:\/\/metlaninst.com\/es\/wp-json\/wp\/v2\/product_brand?post=26633"},{"taxonomy":"product_cat","embeddable":true,"href":"https:\/\/metlaninst.com\/es\/wp-json\/wp\/v2\/product_cat?post=26633"},{"taxonomy":"product_tag","embeddable":true,"href":"https:\/\/metlaninst.com\/es\/wp-json\/wp\/v2\/product_tag?post=26633"}],"curies":[{"name":"wp","href":"https:\/\/api.w.org\/{rel}","templated":true}]}}