{"id":26694,"date":"2025-04-19T02:56:05","date_gmt":"2025-04-19T02:56:05","guid":{"rendered":"https:\/\/www.metlaninst.com\/?post_type=product&#038;p=26694"},"modified":"2025-06-15T11:05:40","modified_gmt":"2025-06-15T11:05:40","slug":"controlador-de-caudal-masico-de-gas-termico-mtl20fd","status":"publish","type":"product","link":"https:\/\/metlaninst.com\/es\/p\/controlador-de-caudal-masico-de-gas-termico-mtl20fd\/","title":{"rendered":"Medidor \/ Controlador de caudal m\u00e1sico de gas t\u00e9rmico (MTL20FD)"},"content":{"rendered":"<div class=\"e-con-inner\">\n<div class=\"elementor-element e-con-full e-flex e-con e-child\">\n<div class=\"elementor-widget-container\">\n<h3 class=\"elementor-heading-title elementor-size-default\">Caracter\u00edsticas:<\/h3>\n<\/div>\n<div class=\"elementor-widget-container\">\n<ol>\n<li data-zone-id=\"0\" data-line-index=\"0\" data-line=\"true\">\u00a0Dise\u00f1ado para la medici\u00f3n de gases de bajo caudal.<\/li>\n<li data-zone-id=\"0\" data-line-index=\"0\" data-line=\"true\">Relaci\u00f3n de reducci\u00f3n: 50:1 para controlador de caudal m\u00e1sico digital; 100:1 para caudal\u00edmetro m\u00e1sico digital.<\/li>\n<li data-zone-id=\"0\" data-line-index=\"0\" data-line=\"true\">Tiempo de respuesta: regulador de caudal m\u00e1sico&lt;0,2s; caudal\u00edmetro m\u00e1sico &lt;0,1s<\/li>\n<li data-zone-id=\"0\" data-line-index=\"0\" data-line=\"true\">Controlador PID integrado para regular el caudal<\/li>\n<li data-zone-id=\"0\" data-line-index=\"0\" data-line=\"true\">Medici\u00f3n directa del caudal m\u00e1sico, compensaci\u00f3n autom\u00e1tica de la temperatura<\/li>\n<li data-zone-id=\"0\" data-line-index=\"0\" data-line=\"true\">Pantalla t\u00e1ctil<\/li>\n<li data-zone-id=\"0\" data-line-index=\"0\" data-line=\"true\">Adecuado para diversas tuber\u00edas de alta y baja presi\u00f3n.<\/li>\n<li data-zone-id=\"0\" data-line-index=\"0\" data-line=\"true\">La pantalla LCD est\u00e1 disponible en ingl\u00e9s, espa\u00f1ol, franc\u00e9s y otros idiomas previa petici\u00f3n.<\/li>\n<li data-zone-id=\"0\" data-line-index=\"0\" data-line=\"true\">Cada caudal\u00edmetro se calibra y se le asigna un n\u00famero de serie \u00fanico que corresponde a todos los datos de calibraci\u00f3n.<\/li>\n<\/ol>\n<\/div>\n<\/div>\n<div class=\"elementor-element e-con-full e-flex e-con e-child\">\n<div class=\"elementor-widget-container\">\n<h3 class=\"elementor-heading-title elementor-size-default\">Aplicaciones:<\/h3>\n<\/div>\n<div class=\"elementor-widget-container\">\n<p>Industria del vidrio, energ\u00eda solar, vigilancia atmosf\u00e9rica, industria<br \/>\nproducci\u00f3n, petr\u00f3leo y petroqu\u00edmica, gesti\u00f3n del oro del carb\u00f3n,<br \/>\nproducci\u00f3n y distribuci\u00f3n de gas, protecci\u00f3n del medio ambiente,<br \/>\nenerg\u00eda del hidr\u00f3geno \/ pilas de combustible, an\u00e1lisis de instrumentos diversos<\/p>\n<\/div>\n<\/div>\n<\/div>","protected":false},"excerpt":{"rendered":"<div class=\"short-description-head\">\n<div data-zone-id=\"0\" data-line-index=\"0\" data-line=\"true\">MTL20FD es una serie de caudal\u00edmetros \/ controladores m\u00e1sicos de alta precisi\u00f3n, con una exactitud de hasta \u00b1 0,5% del fondo de escala basada en el principio t\u00e9rmico. Puede utilizarse para diversos experimentos en laboratorios y entornos industriales complejos. Con el fin de adaptarse a entornos industriales complejos, tambi\u00e9n disponemos de algunos modelos que admiten la clasificaci\u00f3n IP67 contra polvo y agua, as\u00ed como la seguridad intr\u00ednseca IICT4 a prueba de explosiones. Adem\u00e1s de la interfaz de entrada\/salida anal\u00f3gica est\u00e1ndar, tambi\u00e9n admite la interfaz 485\/232, y el protocolo de comunicaci\u00f3n es el protocolo est\u00e1ndar modbus RTU.<\/div>\n<\/div>","protected":false},"featured_media":26789,"template":"","meta":[],"product_brand":[],"product_cat":[223],"product_tag":[],"class_list":{"0":"post-26694","1":"product","2":"type-product","3":"status-publish","4":"has-post-thumbnail","6":"product_cat-low-flow-mass-flow-meter-controller","8":"first","9":"instock","10":"shipping-taxable","11":"purchasable","12":"product-type-simple"},"_links":{"self":[{"href":"https:\/\/metlaninst.com\/es\/wp-json\/wp\/v2\/product\/26694","targetHints":{"allow":["GET"]}}],"collection":[{"href":"https:\/\/metlaninst.com\/es\/wp-json\/wp\/v2\/product"}],"about":[{"href":"https:\/\/metlaninst.com\/es\/wp-json\/wp\/v2\/types\/product"}],"version-history":[{"count":1,"href":"https:\/\/metlaninst.com\/es\/wp-json\/wp\/v2\/product\/26694\/revisions"}],"predecessor-version":[{"id":26696,"href":"https:\/\/metlaninst.com\/es\/wp-json\/wp\/v2\/product\/26694\/revisions\/26696"}],"wp:featuredmedia":[{"embeddable":true,"href":"https:\/\/metlaninst.com\/es\/wp-json\/wp\/v2\/media\/26789"}],"wp:attachment":[{"href":"https:\/\/metlaninst.com\/es\/wp-json\/wp\/v2\/media?parent=26694"}],"wp:term":[{"taxonomy":"product_brand","embeddable":true,"href":"https:\/\/metlaninst.com\/es\/wp-json\/wp\/v2\/product_brand?post=26694"},{"taxonomy":"product_cat","embeddable":true,"href":"https:\/\/metlaninst.com\/es\/wp-json\/wp\/v2\/product_cat?post=26694"},{"taxonomy":"product_tag","embeddable":true,"href":"https:\/\/metlaninst.com\/es\/wp-json\/wp\/v2\/product_tag?post=26694"}],"curies":[{"name":"wp","href":"https:\/\/api.w.org\/{rel}","templated":true}]}}