{"id":26697,"date":"2025-04-19T03:28:22","date_gmt":"2025-04-19T03:28:22","guid":{"rendered":"https:\/\/www.metlaninst.com\/?post_type=product&#038;p=26697"},"modified":"2025-11-05T01:52:50","modified_gmt":"2025-11-05T01:52:50","slug":"medidor-de-caudal-masico-de-gas-de-presion-diferencial-controlador-mtl20fc","status":"publish","type":"product","link":"https:\/\/metlaninst.com\/es\/p\/medidor-de-caudal-masico-de-gas-de-presion-diferencial-controlador-mtl20fc\/","title":{"rendered":"Medidor \/ controlador de caudal m\u00e1sico de presi\u00f3n diferencial MTL20FC"},"content":{"rendered":"<div class=\"e-con-inner\">\n<div class=\"elementor-element e-con-full e-flex e-con e-child\">\n<div class=\"elementor-widget-container\">\n<h3 class=\"elementor-heading-title elementor-size-default\">Caracter\u00edsticas:<\/h3>\n<\/div>\n<div class=\"elementor-widget-container\">\n<ol>\n<li data-zone-id=\"0\" data-line-index=\"0\" data-line=\"true\">\u00a0Dise\u00f1ado para la medici\u00f3n de l\u00edquidos\/gas\/vapores de bajo caudal.<\/li>\n<li data-zone-id=\"0\" data-line-index=\"0\" data-line=\"true\">Relaci\u00f3n de reducci\u00f3n: 50:1 para controlador de caudal m\u00e1sico digital; 100:1 para caudal\u00edmetro m\u00e1sico digital.<\/li>\n<li data-zone-id=\"0\" data-line-index=\"0\" data-line=\"true\">Tiempo de respuesta: regulador de caudal m\u00e1sico&lt;0,2s; caudal\u00edmetro m\u00e1sico &lt;0,1s<\/li>\n<li data-zone-id=\"0\" data-line-index=\"0\" data-line=\"true\">Controlador PID integrado para regular el caudal<\/li>\n<li data-zone-id=\"0\" data-line-index=\"0\" data-line=\"true\">Medici\u00f3n directa del caudal m\u00e1sico, compensaci\u00f3n autom\u00e1tica de la temperatura<\/li>\n<li data-zone-id=\"0\" data-line-index=\"0\" data-line=\"true\">Pantalla t\u00e1ctil<\/li>\n<li data-zone-id=\"0\" data-line-index=\"0\" data-line=\"true\">No requiere precalentamiento, no hay retardo de respuesta durante la medici\u00f3n.<\/li>\n<li data-zone-id=\"0\" data-line-index=\"0\" data-line=\"true\">La pantalla LCD est\u00e1 disponible en ingl\u00e9s, espa\u00f1ol, franc\u00e9s y otros idiomas previa petici\u00f3n.<\/li>\n<li data-zone-id=\"0\" data-line-index=\"0\" data-line=\"true\">Cada caudal\u00edmetro se calibra y se le asigna un n\u00famero de serie \u00fanico que corresponde a todos los datos de calibraci\u00f3n.<\/li>\n<\/ol>\n<\/div>\n<\/div>\n<div class=\"elementor-element e-con-full e-flex e-con e-child\">\n<div class=\"elementor-widget-container\">\n<h3 class=\"elementor-heading-title elementor-size-default\">Aplicaciones:<\/h3>\n<\/div>\n<div class=\"elementor-widget-container\">\n<p>Vac\u00edo, revestimiento, energ\u00eda solar, semiconductores, petr\u00f3leo y<br \/>\npetroqu\u00edmica, metalurgia del carb\u00f3n, producci\u00f3n y distribuci\u00f3n de gas,<br \/>\nprotecci\u00f3n del medio ambiente, energ\u00eda del hidr\u00f3geno \/ pilas de combustible, todo tipo de an\u00e1lisis de instrumentos<\/p>\n<\/div>\n<\/div>\n<\/div>","protected":false},"excerpt":{"rendered":"<div class=\"short-description-head\">\n<div data-zone-id=\"0\" data-line-index=\"0\" data-line=\"true\">Basado en el principio de presi\u00f3n diferencial, la serie de medidores \/ controladores de caudal m\u00e1sico MTL20FC puede mostrar y emitir simult\u00e1neamente caudal instant\u00e1neo, caudal acumulado, presi\u00f3n, temperatura, etc. Cuando se requieren funciones de control, tambi\u00e9n se pueden instalar v\u00e1lvulas electromagn\u00e9ticas de control proporcional y funciones de ajuste PID incorporadas.<\/div>\n<\/div>","protected":false},"featured_media":26788,"template":"","meta":[],"product_brand":[],"product_cat":[223],"product_tag":[],"class_list":{"0":"post-26697","1":"product","2":"type-product","3":"status-publish","4":"has-post-thumbnail","6":"product_cat-low-flow-mass-flow-meter-controller","8":"first","9":"instock","10":"shipping-taxable","11":"purchasable","12":"product-type-simple"},"_links":{"self":[{"href":"https:\/\/metlaninst.com\/es\/wp-json\/wp\/v2\/product\/26697","targetHints":{"allow":["GET"]}}],"collection":[{"href":"https:\/\/metlaninst.com\/es\/wp-json\/wp\/v2\/product"}],"about":[{"href":"https:\/\/metlaninst.com\/es\/wp-json\/wp\/v2\/types\/product"}],"version-history":[{"count":3,"href":"https:\/\/metlaninst.com\/es\/wp-json\/wp\/v2\/product\/26697\/revisions"}],"predecessor-version":[{"id":27067,"href":"https:\/\/metlaninst.com\/es\/wp-json\/wp\/v2\/product\/26697\/revisions\/27067"}],"wp:featuredmedia":[{"embeddable":true,"href":"https:\/\/metlaninst.com\/es\/wp-json\/wp\/v2\/media\/26788"}],"wp:attachment":[{"href":"https:\/\/metlaninst.com\/es\/wp-json\/wp\/v2\/media?parent=26697"}],"wp:term":[{"taxonomy":"product_brand","embeddable":true,"href":"https:\/\/metlaninst.com\/es\/wp-json\/wp\/v2\/product_brand?post=26697"},{"taxonomy":"product_cat","embeddable":true,"href":"https:\/\/metlaninst.com\/es\/wp-json\/wp\/v2\/product_cat?post=26697"},{"taxonomy":"product_tag","embeddable":true,"href":"https:\/\/metlaninst.com\/es\/wp-json\/wp\/v2\/product_tag?post=26697"}],"curies":[{"name":"wp","href":"https:\/\/api.w.org\/{rel}","templated":true}]}}