{"id":26700,"date":"2025-04-19T03:35:25","date_gmt":"2025-04-19T03:35:25","guid":{"rendered":"https:\/\/www.metlaninst.com\/?post_type=product&#038;p=26700"},"modified":"2025-09-12T14:41:34","modified_gmt":"2025-09-12T14:41:34","slug":"controlador-de-caudalimetro-masico-coriolis-mtl20fe","status":"publish","type":"product","link":"https:\/\/metlaninst.com\/es\/p\/controlador-de-caudalimetro-masico-coriolis-mtl20fe\/","title":{"rendered":"Caudal\u00edmetro m\u00e1sico Coriolis \/ Controlador MTL20FE"},"content":{"rendered":"<div class=\"e-con-inner\">\n<div class=\"elementor-element e-con-full e-flex e-con e-child\">\n<div class=\"elementor-widget-container\">\n<h3 class=\"elementor-heading-title elementor-size-default\">Caracter\u00edsticas:<\/h3>\n<\/div>\n<div class=\"elementor-widget-container\">\n<ol>\n<li data-zone-id=\"0\" data-line-index=\"0\" data-line=\"true\">Dise\u00f1ado para la medici\u00f3n de gases \/ l\u00edquidos de bajo caudal.<\/li>\n<li data-zone-id=\"0\" data-line-index=\"0\" data-line=\"true\">Alta precisi\u00f3n, buena repetibilidad. Para l\u00edquidos, la precisi\u00f3n de medici\u00f3n puede alcanzar \u00b1 0,25%; para gases, la precisi\u00f3n de medici\u00f3n puede alcanzar \u00b1 0,5%.<\/li>\n<li data-zone-id=\"0\" data-line-index=\"0\" data-line=\"true\">Alta fiabilidad y estabilidad, capaz de soportar condiciones ambientales extremas: El producto mantiene un rendimiento constante incluso en entornos propensos a las vibraciones. En caso de perturbaciones f\u00edsicas accidentales, como impactos o colisiones, el sistema recupera autom\u00e1ticamente una medici\u00f3n estable en 400 milisegundos.<\/li>\n<li data-zone-id=\"0\" data-line-index=\"0\" data-line=\"true\">Puede medir fluidos de alta viscosidad y gases de alta densidad: El MTL20FE mide una amplia gama de fluidos, tales como<br \/>\naceite lubricante, nitr\u00f3geno l\u00edquido y otros fluidos de alta densidad tambi\u00e9n pueden medirse con precisi\u00f3n.<\/li>\n<li data-zone-id=\"0\" data-line-index=\"0\" data-line=\"true\">Relaci\u00f3n de reducci\u00f3n: 50:1 para controlador de caudal m\u00e1sico digital; 100:1 para caudal\u00edmetro m\u00e1sico digital.<\/li>\n<li data-zone-id=\"0\" data-line-index=\"0\" data-line=\"true\">Tiempo de respuesta: regulador de caudal m\u00e1sico&lt;0,2s; caudal\u00edmetro m\u00e1sico &lt;0,1s<\/li>\n<li data-zone-id=\"0\" data-line-index=\"0\" data-line=\"true\">Controlador PID integrado para regular el caudal.<\/li>\n<li data-zone-id=\"0\" data-line-index=\"0\" data-line=\"true\">Medici\u00f3n directa del caudal m\u00e1sico, compensaci\u00f3n autom\u00e1tica de la temperatura.<\/li>\n<li data-zone-id=\"0\" data-line-index=\"0\" data-line=\"true\">Pantalla t\u00e1ctil.<\/li>\n<li data-zone-id=\"0\" data-line-index=\"0\" data-line=\"true\">No requiere precalentamiento, no hay retardo de respuesta durante la medici\u00f3n.<\/li>\n<li data-zone-id=\"0\" data-line-index=\"0\" data-line=\"true\">La pantalla LCD est\u00e1 disponible en ingl\u00e9s, espa\u00f1ol, franc\u00e9s y otros idiomas previa petici\u00f3n.<\/li>\n<li data-zone-id=\"0\" data-line-index=\"0\" data-line=\"true\">Cada caudal\u00edmetro se calibra y se le asigna un n\u00famero de serie \u00fanico que corresponde a todos los datos de calibraci\u00f3n.<\/li>\n<\/ol>\n<\/div>\n<\/div>\n<div class=\"elementor-element e-con-full e-flex e-con e-child\">\n<div class=\"elementor-widget-container\">\n<h3 class=\"elementor-heading-title elementor-size-default\">Aplicaciones:<\/h3>\n<\/div>\n<div class=\"elementor-widget-container\">\n<ul>\n<li><strong>Fabricaci\u00f3n de semiconductores:<\/strong> Control preciso de los flujos de gas y l\u00edquido para garantizar la precisi\u00f3n en los procesos de fabricaci\u00f3n de chips.<\/li>\n<li><strong>Procesado de alimentos y bebidas:<\/strong> Dosificaci\u00f3n precisa de aditivos alimentarios, aromatizantes y productos l\u00e1cteos para mantener una calidad constante del producto.<\/li>\n<li><strong>Investigaci\u00f3n cient\u00edfica:<\/strong> Permite la medici\u00f3n exacta de fluidos para reacciones qu\u00edmicas y desarrollo de formulaciones.<\/li>\n<li><strong>Petr\u00f3leo, gas y energ\u00eda:<\/strong> Optimizaci\u00f3n del control del flujo de reactivos y productos para mejorar la eficacia de la producci\u00f3n y la calidad de los resultados.<\/li>\n<li><strong>Vigilancia medioambiental:<\/strong> Medici\u00f3n fiable de emisiones para el control de la contaminaci\u00f3n y el cumplimiento de la normativa.<\/li>\n<li><strong>Tecnolog\u00eda de pilas de combustible:<\/strong> Regulaci\u00f3n precisa de las relaciones de flujo de hidr\u00f3geno\/ox\u00edgeno para maximizar la eficiencia y la vida \u00fatil de la c\u00e9lula.<br \/>\nProducci\u00f3n farmac\u00e9utica: Garantizar un estricto control de la dosificaci\u00f3n de los principios activos para la seguridad de los medicamentos y la coherencia de los lotes.<\/li>\n<\/ul>\n<\/div>\n<\/div>\n<\/div>","protected":false},"excerpt":{"rendered":"<div class=\"short-description-head\">\n<div data-zone-id=\"0\" data-line-index=\"0\" data-line=\"true\">El caudal\u00edmetro\/controlador m\u00e1sico Coriolis de la serie MTL20FE es un instrumento de alta precisi\u00f3n que utiliza la avanzada tecnolog\u00eda Coriolis para ofrecer mediciones de fluidos excepcionalmente precisas que no se ven afectadas por las caracter\u00edsticas del fluido, lo que lo hace ideal para medir caudales extremadamente peque\u00f1os con una fiabilidad sin precedentes. Gracias a las continuas innovaciones tecnol\u00f3gicas, esta serie no s\u00f3lo proporciona una medici\u00f3n directa del caudal m\u00e1sico, sino que tambi\u00e9n mide simult\u00e1neamente la densidad y la temperatura del fluido, ofreciendo dos niveles de precisi\u00f3n: \u00b10,25% de precisi\u00f3n para l\u00edquidos y \u00b10,5% de precisi\u00f3n para gases, superando a otras tecnolog\u00edas de medici\u00f3n alternativas en aplicaciones que requieren los m\u00e1s altos niveles de consistencia y repetibilidad de las mediciones.<\/div>\n<\/div>","protected":false},"featured_media":26785,"template":"","meta":[],"product_brand":[],"product_cat":[223],"product_tag":[],"class_list":{"0":"post-26700","1":"product","2":"type-product","3":"status-publish","4":"has-post-thumbnail","6":"product_cat-low-flow-mass-flow-meter-controller","8":"first","9":"instock","10":"shipping-taxable","11":"purchasable","12":"product-type-simple"},"_links":{"self":[{"href":"https:\/\/metlaninst.com\/es\/wp-json\/wp\/v2\/product\/26700","targetHints":{"allow":["GET"]}}],"collection":[{"href":"https:\/\/metlaninst.com\/es\/wp-json\/wp\/v2\/product"}],"about":[{"href":"https:\/\/metlaninst.com\/es\/wp-json\/wp\/v2\/types\/product"}],"version-history":[{"count":4,"href":"https:\/\/metlaninst.com\/es\/wp-json\/wp\/v2\/product\/26700\/revisions"}],"predecessor-version":[{"id":26787,"href":"https:\/\/metlaninst.com\/es\/wp-json\/wp\/v2\/product\/26700\/revisions\/26787"}],"wp:featuredmedia":[{"embeddable":true,"href":"https:\/\/metlaninst.com\/es\/wp-json\/wp\/v2\/media\/26785"}],"wp:attachment":[{"href":"https:\/\/metlaninst.com\/es\/wp-json\/wp\/v2\/media?parent=26700"}],"wp:term":[{"taxonomy":"product_brand","embeddable":true,"href":"https:\/\/metlaninst.com\/es\/wp-json\/wp\/v2\/product_brand?post=26700"},{"taxonomy":"product_cat","embeddable":true,"href":"https:\/\/metlaninst.com\/es\/wp-json\/wp\/v2\/product_cat?post=26700"},{"taxonomy":"product_tag","embeddable":true,"href":"https:\/\/metlaninst.com\/es\/wp-json\/wp\/v2\/product_tag?post=26700"}],"curies":[{"name":"wp","href":"https:\/\/api.w.org\/{rel}","templated":true}]}}