{"id":26723,"date":"2024-12-25T08:09:06","date_gmt":"2024-12-25T08:09:06","guid":{"rendered":"https:\/\/www.metlaninst.com\/?post_type=product&#038;p=26723"},"modified":"2025-06-15T12:04:14","modified_gmt":"2025-06-15T12:04:14","slug":"caudalimetro-pd-de-engranajes-ovalados-mt-lc","status":"publish","type":"product","link":"https:\/\/metlaninst.com\/es\/p\/caudalimetro-pd-de-engranajes-ovalados-mt-lc\/","title":{"rendered":"Caudal\u00edmetro PD de engranaje oval MT-LC"},"content":{"rendered":"<div class=\"e-con-inner\">\n<div class=\"elementor-element e-con-full e-flex e-con e-child\">\n<div class=\"elementor-widget-container\">\n<h3 class=\"elementor-heading-title elementor-size-default\">Caracter\u00edsticas:<\/h3>\n<\/div>\n<div class=\"elementor-widget-container\">\n<ol>\n<li data-zone-id=\"0\" data-line-index=\"0\" data-line=\"true\">Funcionamiento suave del rotor en espiral con vibraciones m\u00ednimas para un rendimiento constante<\/li>\n<li data-zone-id=\"0\" data-line-index=\"0\" data-line=\"true\">Amplio rango de medici\u00f3n con buena repetibilidad<\/li>\n<li data-zone-id=\"0\" data-line-index=\"0\" data-line=\"true\">Medici\u00f3n de alta precisi\u00f3n con una exactitud de hasta \u00b10,2%<\/li>\n<li data-zone-id=\"0\" data-line-index=\"0\" data-line=\"true\">No es sensible al cambio de viscosidad<\/li>\n<li data-zone-id=\"0\" data-line-index=\"0\" data-line=\"true\">Optimizado para la medici\u00f3n de l\u00edquidos de mayor viscosidad<\/li>\n<li data-zone-id=\"0\" data-line-index=\"0\" data-line=\"true\">Instalaci\u00f3n sencilla sin necesidad de tuber\u00edas rectas<\/li>\n<li data-zone-id=\"0\" data-line-index=\"0\" data-line=\"true\">Tambi\u00e9n disponible en construcciones espec\u00edficas para el cliente<\/li>\n<li data-zone-id=\"0\" data-line-index=\"0\" data-line=\"true\">La pantalla LCD est\u00e1 disponible en ingl\u00e9s, espa\u00f1ol, franc\u00e9s y otros idiomas previa petici\u00f3n.<\/li>\n<li data-zone-id=\"0\" data-line-index=\"0\" data-line=\"true\">Cada caudal\u00edmetro se calibra y se le asigna un n\u00famero de serie \u00fanico que corresponde a todos los datos de calibraci\u00f3n.<\/li>\n<\/ol>\n<\/div>\n<\/div>\n<div class=\"elementor-element e-con-full e-flex e-con e-child\">\n<div class=\"elementor-widget-container\">\n<h3 class=\"elementor-heading-title elementor-size-default\">Aplicaciones:<\/h3>\n<\/div>\n<div class=\"elementor-widget-container\">\n<ul>\n<li data-zone-id=\"0\" data-line-index=\"0\" data-line=\"true\">Industria minera<\/li>\n<li data-zone-id=\"0\" data-line-index=\"0\" data-line=\"true\">Dep\u00f3sito de petr\u00f3leo mediano y peque\u00f1o<\/li>\n<li data-zone-id=\"0\" data-line-index=\"0\" data-line=\"true\">Astillero<\/li>\n<li data-zone-id=\"0\" data-line-index=\"0\" data-line=\"true\">Almac\u00e9n de aceite<\/li>\n<li data-zone-id=\"0\" data-line-index=\"0\" data-line=\"true\">Gas\u00f3leo<\/li>\n<li data-zone-id=\"0\" data-line-index=\"0\" data-line=\"true\">Petr\u00f3leo<\/li>\n<li data-zone-id=\"0\" data-line-index=\"0\" data-line=\"true\">Gasolina<\/li>\n<\/ul>\n<\/div>\n<\/div>\n<\/div>","protected":false},"excerpt":{"rendered":"<div class=\"short-description-head\">\n<div data-zone-id=\"0\" data-line-index=\"0\" data-line=\"true\">El caudal\u00edmetro PD de engranajes ovalados de la serie MT-LC ofrece contadores electr\u00f3nicos inteligentes opcionales que proporcionan lecturas directas tanto del caudal total acumulado como de los caudales instant\u00e1neos. Cuando se conecta a una fuente de alimentaci\u00f3n externa, puede emitir se\u00f1ales de impulsos y corriente, adem\u00e1s de ser compatible con los protocolos de comunicaci\u00f3n HART y RS485. Para aplicaciones m\u00e1s sencillas, existe un contador mec\u00e1nico opcional que muestra directamente el volumen total de l\u00edquido que pasa por la tuber\u00eda. Dise\u00f1ados para manejar diversos l\u00edquidos, como gas\u00f3leo, \u00e1cidos, \u00e1lcalis, soluciones salinas y compuestos org\u00e1nicos, estos caudal\u00edmetros se presentan en m\u00faltiples opciones de materiales, como hierro fundido, acero fundido, aleaci\u00f3n de aluminio y acero inoxidable, para adaptarse a los distintos requisitos de los medios.<\/div>\n<\/div>","protected":false},"featured_media":26724,"template":"","meta":[],"product_brand":[],"product_cat":[209,166,165],"product_tag":[],"class_list":{"0":"post-26723","1":"product","2":"type-product","3":"status-publish","4":"has-post-thumbnail","6":"product_cat-positive-displacement-flow-meters","7":"product_cat-liquid-flow-meters","8":"product_cat-oil-flow-meters","10":"first","11":"instock","12":"shipping-taxable","13":"purchasable","14":"product-type-simple"},"_links":{"self":[{"href":"https:\/\/metlaninst.com\/es\/wp-json\/wp\/v2\/product\/26723","targetHints":{"allow":["GET"]}}],"collection":[{"href":"https:\/\/metlaninst.com\/es\/wp-json\/wp\/v2\/product"}],"about":[{"href":"https:\/\/metlaninst.com\/es\/wp-json\/wp\/v2\/types\/product"}],"version-history":[{"count":1,"href":"https:\/\/metlaninst.com\/es\/wp-json\/wp\/v2\/product\/26723\/revisions"}],"predecessor-version":[{"id":26728,"href":"https:\/\/metlaninst.com\/es\/wp-json\/wp\/v2\/product\/26723\/revisions\/26728"}],"wp:featuredmedia":[{"embeddable":true,"href":"https:\/\/metlaninst.com\/es\/wp-json\/wp\/v2\/media\/26724"}],"wp:attachment":[{"href":"https:\/\/metlaninst.com\/es\/wp-json\/wp\/v2\/media?parent=26723"}],"wp:term":[{"taxonomy":"product_brand","embeddable":true,"href":"https:\/\/metlaninst.com\/es\/wp-json\/wp\/v2\/product_brand?post=26723"},{"taxonomy":"product_cat","embeddable":true,"href":"https:\/\/metlaninst.com\/es\/wp-json\/wp\/v2\/product_cat?post=26723"},{"taxonomy":"product_tag","embeddable":true,"href":"https:\/\/metlaninst.com\/es\/wp-json\/wp\/v2\/product_tag?post=26723"}],"curies":[{"name":"wp","href":"https:\/\/api.w.org\/{rel}","templated":true}]}}