{"id":26730,"date":"2024-12-26T08:21:44","date_gmt":"2024-12-26T08:21:44","guid":{"rendered":"https:\/\/www.metlaninst.com\/?post_type=product&#038;p=26730"},"modified":"2025-06-24T08:01:31","modified_gmt":"2025-06-24T08:01:31","slug":"caudalimetro-de-engranajes-de-desplazamiento-positivo-de-bajo-caudal-mt-gf","status":"publish","type":"product","link":"https:\/\/metlaninst.com\/es\/p\/caudalimetro-de-engranajes-de-desplazamiento-positivo-de-bajo-caudal-mt-gf\/","title":{"rendered":"Caudal\u00edmetro de engranajes de desplazamiento positivo de bajo caudal MT-GF"},"content":{"rendered":"<div class=\"e-con-inner\">\n<div class=\"elementor-element e-con-full e-flex e-con e-child\">\n<div class=\"elementor-widget-container\">\n<h3 class=\"elementor-heading-title elementor-size-default\">Caracter\u00edsticas:<\/h3>\n<\/div>\n<div class=\"elementor-widget-container\">\n<ol>\n<li data-zone-id=\"0\" data-line-index=\"0\" data-line=\"true\">Capaz de medir medios altamente corrosivos, como \u00e1cido sulf\u00farico, \u00e1cido fluorh\u00eddrico y otros productos qu\u00edmicos agresivos.<\/li>\n<li data-zone-id=\"0\" data-line-index=\"0\" data-line=\"true\">Dise\u00f1ado para la medici\u00f3n de fluidos de alta viscosidad, para manejar medios dif\u00edciles como jarabe, asfalto fundido y miel con una precisi\u00f3n fiable.<\/li>\n<li data-zone-id=\"0\" data-line-index=\"0\" data-line=\"true\">Medici\u00f3n de alta precisi\u00f3n con una exactitud de hasta \u00b10,5%<\/li>\n<li data-zone-id=\"0\" data-line-index=\"0\" data-line=\"true\">Amplia relaci\u00f3n de reducci\u00f3n de 150:1<\/li>\n<li data-zone-id=\"0\" data-line-index=\"0\" data-line=\"true\">Dise\u00f1ado para l\u00edquidos de bajo caudal a partir de 0,6 L\/H<\/li>\n<li data-zone-id=\"0\" data-line-index=\"0\" data-line=\"true\">Tambi\u00e9n disponible en construcciones espec\u00edficas para el cliente<\/li>\n<li data-zone-id=\"0\" data-line-index=\"0\" data-line=\"true\">La pantalla LCD est\u00e1 disponible en ingl\u00e9s, espa\u00f1ol, franc\u00e9s y otros idiomas previa petici\u00f3n.<\/li>\n<li data-zone-id=\"0\" data-line-index=\"0\" data-line=\"true\">Cada caudal\u00edmetro se calibra y se le asigna un n\u00famero de serie \u00fanico que corresponde a todos los datos de calibraci\u00f3n.<\/li>\n<\/ol>\n<\/div>\n<\/div>\n<div class=\"elementor-element e-con-full e-flex e-con e-child\">\n<div class=\"elementor-widget-container\">\n<h3 class=\"elementor-heading-title elementor-size-default\">Aplicaciones:<\/h3>\n<\/div>\n<div class=\"elementor-widget-container\">\n<ul>\n<li><strong>Petr\u00f3leo y gas<\/strong><\/li>\n<\/ul>\n<p><strong>Combustibles:<\/strong> Gasolina, gas\u00f3leo, aceite pesado marino, fuel\u00f3leo<br \/>\n<strong>Lubricantes:<\/strong> Aceite para engranajes, aceites hidr\u00e1ulicos<br \/>\n<strong>Otros: <\/strong>Resinas, asfalto<\/p>\n<ul>\n<li><strong> Producci\u00f3n qu\u00edmica<\/strong><\/li>\n<\/ul>\n<p><strong>Medios corrosivos: <\/strong>\u00c1cido ac\u00e9tico, \u00e1lcali c\u00e1ustico, hidr\u00f3xido de potasio<br \/>\n<strong>Pure Media:<\/strong> Agua desionizada<\/p>\n<ul>\n<li><strong>Industria alimentaria<\/strong><\/li>\n<\/ul>\n<p><strong>Edulcorantes:<\/strong> Soluciones azucaradas, jarabes, miel, chocolate<br \/>\n<strong>L\u00edquidos:<\/strong> Zumos de fruta, alcohol, etanol, salsas<br \/>\n<strong>L\u00e1cteos:<\/strong> Leche, nata, yogur<\/p>\n<ul>\n<li><strong>Farmac\u00e9utica y cosm\u00e9tica<\/strong><\/li>\n<\/ul>\n<p><strong>Farmac\u00e9utica:<\/strong> Alcohol, jarabes medicinales, glicerina<br \/>\n<strong>Cosm\u00e9ticos:<\/strong> Champ\u00fas, geles, perfumes, cremas<\/p>\n<ul>\n<li><strong>Tratamiento de agua y aguas residuales<\/strong><\/li>\n<\/ul>\n<p>Productos qu\u00edmicos de tratamiento, fluoruros, \u00e1cidos<\/p>\n<ul>\n<li><strong>Fabricaci\u00f3n industrial<\/strong><\/li>\n<\/ul>\n<p><strong>Pulpa y papel:<\/strong> Recubrimientos de cera, tintes, agentes de tratamiento de superficies<br \/>\n<strong>Imprimiendo:<\/strong> Tintas, disolventes<br \/>\n<strong>Autom\u00f3vil:<\/strong> L\u00edquidos de transmisi\u00f3n, etilenglicol, refrigerantes de aire acondicionado<br \/>\n<strong>Textil:<\/strong> Tintes, lej\u00edas, productos qu\u00edmicos de transformaci\u00f3n<br \/>\n<strong>Pintura:<\/strong> Pinturas a base de l\u00e1tex, disolventes, barnices<br \/>\n<strong>Construcci\u00f3n naval:<\/strong> Aceites lubricantes, combustibles marinos<br \/>\n<strong>Miner\u00eda:<\/strong> Lubricantes para cargas pesadas, aceites hidr\u00e1ulicos<\/p>\n<ul>\n<li><strong>Aplicaciones especializadas<\/strong><\/li>\n<\/ul>\n<p><strong>Adhesivos:<\/strong> Colas, resinas epoxi<br \/>\n<strong>Revestimientos:<\/strong> L\u00e1minas de protecci\u00f3n, sealan<\/p>\n<\/div>\n<\/div>\n<\/div>","protected":false},"excerpt":{"rendered":"<div class=\"short-description-head\">\n<div data-zone-id=\"0\" data-line-index=\"0\" data-line=\"true\">El caudal\u00edmetro de engranajes funciona seg\u00fan un principio mec\u00e1nico sencillo pero muy eficaz. Cuenta con dos rotores mecanizados con precisi\u00f3n con dientes de engranaje de sincronizaci\u00f3n integrados a lo largo de sus circunferencias, que giran en oposici\u00f3n sincronizada dentro de una c\u00e1mara de medici\u00f3n de alta tolerancia. Puede medir fluidos muy corrosivos y de alta viscosidad con una precisi\u00f3n de hasta \u00b10,5%.<\/div>\n<\/div>","protected":false},"featured_media":26731,"template":"","meta":[],"product_brand":[],"product_cat":[209,166,165],"product_tag":[],"class_list":{"0":"post-26730","1":"product","2":"type-product","3":"status-publish","4":"has-post-thumbnail","6":"product_cat-positive-displacement-flow-meters","7":"product_cat-liquid-flow-meters","8":"product_cat-oil-flow-meters","10":"first","11":"instock","12":"shipping-taxable","13":"purchasable","14":"product-type-simple"},"_links":{"self":[{"href":"https:\/\/metlaninst.com\/es\/wp-json\/wp\/v2\/product\/26730","targetHints":{"allow":["GET"]}}],"collection":[{"href":"https:\/\/metlaninst.com\/es\/wp-json\/wp\/v2\/product"}],"about":[{"href":"https:\/\/metlaninst.com\/es\/wp-json\/wp\/v2\/types\/product"}],"version-history":[{"count":3,"href":"https:\/\/metlaninst.com\/es\/wp-json\/wp\/v2\/product\/26730\/revisions"}],"predecessor-version":[{"id":26737,"href":"https:\/\/metlaninst.com\/es\/wp-json\/wp\/v2\/product\/26730\/revisions\/26737"}],"wp:featuredmedia":[{"embeddable":true,"href":"https:\/\/metlaninst.com\/es\/wp-json\/wp\/v2\/media\/26731"}],"wp:attachment":[{"href":"https:\/\/metlaninst.com\/es\/wp-json\/wp\/v2\/media?parent=26730"}],"wp:term":[{"taxonomy":"product_brand","embeddable":true,"href":"https:\/\/metlaninst.com\/es\/wp-json\/wp\/v2\/product_brand?post=26730"},{"taxonomy":"product_cat","embeddable":true,"href":"https:\/\/metlaninst.com\/es\/wp-json\/wp\/v2\/product_cat?post=26730"},{"taxonomy":"product_tag","embeddable":true,"href":"https:\/\/metlaninst.com\/es\/wp-json\/wp\/v2\/product_tag?post=26730"}],"curies":[{"name":"wp","href":"https:\/\/api.w.org\/{rel}","templated":true}]}}