{"id":27060,"date":"2024-12-26T08:31:36","date_gmt":"2024-12-26T08:31:36","guid":{"rendered":"https:\/\/metlaninst.com\/?post_type=product&#038;p=27060"},"modified":"2025-06-24T07:57:15","modified_gmt":"2025-06-24T07:57:15","slug":"caudalimetro-mecanico-de-desplazamiento-positivo-serie-m","status":"publish","type":"product","link":"https:\/\/metlaninst.com\/es\/p\/caudalimetro-mecanico-de-desplazamiento-positivo-serie-m\/","title":{"rendered":"Caudal\u00edmetro mec\u00e1nico de desplazamiento positivo Serie M"},"content":{"rendered":"<div class=\"e-con-inner\">\n<div class=\"elementor-element e-con-full e-flex e-con e-child\">\n<div class=\"elementor-widget-container\">\n<h3 class=\"elementor-heading-title elementor-size-default\">Caracter\u00edsticas:<\/h3>\n<\/div>\n<div class=\"elementor-widget-container\">\n<ol>\n<li data-zone-id=\"0\" data-line-index=\"0\" data-line=\"true\">Alta precisi\u00f3n de hasta \u00b10,2 %, buena repetibilidad \u22640,05%.<\/li>\n<li data-zone-id=\"0\" data-line-index=\"0\" data-line=\"true\">El excelente mecanismo de ajuste continuo permite un microajuste del medidor.<\/li>\n<li data-zone-id=\"0\" data-line-index=\"0\" data-line=\"true\">Bajo mantenimiento, sin contacto metal-metal en la c\u00e1mara de medici\u00f3n, servicio de larga duraci\u00f3n.<\/li>\n<li data-zone-id=\"0\" data-line-index=\"0\" data-line=\"true\">Baja p\u00e9rdida de presi\u00f3n, un verdadero caudal\u00edmetro por gravedad.<\/li>\n<li data-zone-id=\"0\" data-line-index=\"0\" data-line=\"true\">La precisi\u00f3n no se ve afectada por las fluctuaciones de presi\u00f3n, las variaciones t\u00e9rmicas o los cambios de viscosidad del fluido.<\/li>\n<\/ol>\n<\/div>\n<\/div>\n<div class=\"elementor-element e-con-full e-flex e-con e-child\">\n<div class=\"elementor-widget-container\">\n<h3 class=\"elementor-heading-title elementor-size-default\">Aplicaciones:<\/h3>\n<\/div>\n<div class=\"elementor-widget-container\">\n<ul>\n<li data-zone-id=\"0\" data-line-index=\"0\" data-line=\"true\">Productos petrol\u00edferos refinados;<\/li>\n<li data-zone-id=\"0\" data-line-index=\"0\" data-line=\"true\">Gasolinas de aviaci\u00f3n y carburorreactores;<\/li>\n<li data-zone-id=\"0\" data-line-index=\"0\" data-line=\"true\">Una amplia variedad de productos como: az\u00facares l\u00edquidos, jarabe de ma\u00edz, edulcorantes de ma\u00edz, dextrosa, fructosa, sacarosa, maltosa, lactosa, aceite de ma\u00edz, aceite de soja, aceite de semilla de algod\u00f3n, aceite de coco;<\/li>\n<li data-zone-id=\"0\" data-line-index=\"0\" data-line=\"true\">Aguas tratadas (desionizadas, desmineralizadas y potables);<\/li>\n<li data-zone-id=\"0\" data-line-index=\"0\" data-line=\"true\">Disolventes clorados y dosificaci\u00f3n de disolventes en general;<\/li>\n<li data-zone-id=\"0\" data-line-index=\"0\" data-line=\"true\">L\u00edquidos de pH \u00e1cido;<\/li>\n<li data-zone-id=\"0\" data-line-index=\"0\" data-line=\"true\">Gas licuado de petr\u00f3leo (GLP);<\/li>\n<li data-zone-id=\"0\" data-line-index=\"0\" data-line=\"true\">Petr\u00f3leo crudo, tambi\u00e9n para l\u00edquidos calentados y\/o viscosos;<\/li>\n<li data-zone-id=\"0\" data-line-index=\"0\" data-line=\"true\">Productos de l\u00e1tex de base oleosa o acuosa, resinas de poli\u00e9ster y adhesivos (pH neutro), tambi\u00e9n para dosificar herbicidas y soluciones fertilizantes nitrogenadas;<\/li>\n<li data-zone-id=\"0\" data-line-index=\"0\" data-line=\"true\">Herbicida;<\/li>\n<li data-zone-id=\"0\" data-line-index=\"0\" data-line=\"true\">Soluciones de hidr\u00f3xido de sodio (c\u00e1usticas), petr\u00f3leo crudo con alto contenido de azufre (LACT y NOD) y otros l\u00edquidos de pH alcalino;<\/li>\n<li data-zone-id=\"0\" data-line-index=\"0\" data-line=\"true\">L\u00edquidos abrasivos.<\/li>\n<\/ul>\n<\/div>\n<\/div>\n<\/div>","protected":false},"excerpt":{"rendered":"<div class=\"short-description-head\">\n<div data-zone-id=\"0\" data-line-index=\"0\" data-line=\"true\">En\u00a0<strong>Caudal\u00edmetro de desplazamiento positivo Metlan Serie M<\/strong>\u00a0entrega\u00a0<strong>gran precisi\u00f3n (\u00b10,2%) y buena repetibilidad (\u22640,05%)<\/strong> en amplios rangos de viscosidad (30SSU-1.500.000SSU), lo que lo hace ideal para petr\u00f3leo, GLP y fluidos de alta viscosidad. Su mecanismo de microajuste continuo garantiza un control preciso del caudal, mientras que la c\u00e1mara de medici\u00f3n sin contacto garantiza una larga vida \u00fatil con un mantenimiento m\u00ednimo.<\/div>\n<\/div>","protected":false},"featured_media":27061,"template":"","meta":[],"product_brand":[],"product_cat":[209,166,165],"product_tag":[],"class_list":{"0":"post-27060","1":"product","2":"type-product","3":"status-publish","4":"has-post-thumbnail","6":"product_cat-positive-displacement-flow-meters","7":"product_cat-liquid-flow-meters","8":"product_cat-oil-flow-meters","10":"first","11":"instock","12":"shipping-taxable","13":"purchasable","14":"product-type-simple"},"_links":{"self":[{"href":"https:\/\/metlaninst.com\/es\/wp-json\/wp\/v2\/product\/27060","targetHints":{"allow":["GET"]}}],"collection":[{"href":"https:\/\/metlaninst.com\/es\/wp-json\/wp\/v2\/product"}],"about":[{"href":"https:\/\/metlaninst.com\/es\/wp-json\/wp\/v2\/types\/product"}],"version-history":[{"count":1,"href":"https:\/\/metlaninst.com\/es\/wp-json\/wp\/v2\/product\/27060\/revisions"}],"predecessor-version":[{"id":27062,"href":"https:\/\/metlaninst.com\/es\/wp-json\/wp\/v2\/product\/27060\/revisions\/27062"}],"wp:featuredmedia":[{"embeddable":true,"href":"https:\/\/metlaninst.com\/es\/wp-json\/wp\/v2\/media\/27061"}],"wp:attachment":[{"href":"https:\/\/metlaninst.com\/es\/wp-json\/wp\/v2\/media?parent=27060"}],"wp:term":[{"taxonomy":"product_brand","embeddable":true,"href":"https:\/\/metlaninst.com\/es\/wp-json\/wp\/v2\/product_brand?post=27060"},{"taxonomy":"product_cat","embeddable":true,"href":"https:\/\/metlaninst.com\/es\/wp-json\/wp\/v2\/product_cat?post=27060"},{"taxonomy":"product_tag","embeddable":true,"href":"https:\/\/metlaninst.com\/es\/wp-json\/wp\/v2\/product_tag?post=27060"}],"curies":[{"name":"wp","href":"https:\/\/api.w.org\/{rel}","templated":true}]}}