{"id":27317,"date":"2024-12-25T06:43:49","date_gmt":"2024-12-25T06:43:49","guid":{"rendered":"https:\/\/metlaninst.com\/?post_type=product&#038;p=27317"},"modified":"2025-07-17T10:11:39","modified_gmt":"2025-07-17T10:11:39","slug":"steam-vortex-flow-meter-anti-vibration-lugbmt-vs","status":"publish","type":"product","link":"https:\/\/metlaninst.com\/es\/p\/steam-vortex-flow-meter-anti-vibration-lugbmt-vs\/","title":{"rendered":"Steam Vortex Flow Meter Anti-vibration (LUGBMT-VS)"},"content":{"rendered":"<div class=\"e-con-inner\">\n<div class=\"elementor-element e-con-full e-flex e-con e-child\">\n<div class=\"elementor-widget-container\">\n<h3 class=\"elementor-heading-title elementor-size-default\">Caracter\u00edsticas:<\/h3>\n<\/div>\n<div class=\"elementor-widget-container\">\n<ol>\n<li data-zone-id=\"0\" data-line-index=\"0\" data-line=\"true\">Suitable for measuring dirty and wet compressed air, oxygen, natural gas and other industrial gases, steam, and etc.<\/li>\n<li data-zone-id=\"0\" data-line-index=\"0\" data-line=\"true\">Wide measuring range, the low measuring limit can reach 1.5m\/s.<\/li>\n<li data-zone-id=\"0\" data-line-index=\"0\" data-line=\"true\">The turndown range ratio is 53:1, which exceeds the traditional vortex flow meters.<\/li>\n<li data-zone-id=\"0\" data-line-index=\"0\" data-line=\"true\">Combining with DSA (digital full spectrum analysis technology), the flowmeter can accurately identify flow, vibration, and electromagnetic disturbance signals, greatly improving the anti-vibration ability of this vortex flow meter.<\/li>\n<li data-zone-id=\"0\" data-line-index=\"0\" data-line=\"true\">Integrates pressure and temperature sensors to monitor online gas pressure and temperature.<\/li>\n<li data-zone-id=\"0\" data-line-index=\"0\" data-line=\"true\">No moving parts, low pressure drop.<\/li>\n<li data-zone-id=\"0\" data-line-index=\"0\" data-line=\"true\">Standard Modbus RTU (RS485) interface, 4 to 20 mA current and pulse output.<\/li>\n<li data-zone-id=\"0\" data-line-index=\"0\" data-line=\"true\">Bluetooth function for wireless flowmeter configuration and data transmission.<\/li>\n<li data-zone-id=\"0\" data-line-index=\"0\" data-line=\"true\">The fully welded structure has better corrosion and high pressure and temperature resistance.<\/li>\n<li data-zone-id=\"0\" data-line-index=\"0\" data-line=\"true\">Explosion-proof class: Ex db IIC T6 Gb \/ Ex tb IIIC T80\u00b0C Db<\/li>\n<li data-zone-id=\"0\" data-line-index=\"0\" data-line=\"true\">La pantalla LCD est\u00e1 disponible en ingl\u00e9s, espa\u00f1ol, franc\u00e9s y otros idiomas previa petici\u00f3n.<\/li>\n<li data-zone-id=\"0\" data-line-index=\"4\" data-line=\"true\">Cada caudal\u00edmetro se calibra y se le asigna un n\u00famero de serie \u00fanico que corresponde a todos los datos de calibraci\u00f3n.<\/li>\n<\/ol>\n<\/div>\n<\/div>\n<div class=\"elementor-element e-con-full e-flex e-con e-child\">\n<div class=\"elementor-widget-container\">\n<h3 class=\"elementor-heading-title elementor-size-default\">Aplicaciones:<\/h3>\n<\/div>\n<div class=\"elementor-widget-container\">\n<h5 class=\"first\">General<\/h5>\n<div>\n<ul>\n<li data-zone-id=\"0\" data-line-index=\"0\" data-line=\"true\">Aplicaciones de servicios p\u00fablicos: Distribuci\u00f3n de energ\u00eda en circuitos auxiliares y de alimentaci\u00f3n<\/li>\n<li data-zone-id=\"0\" data-line-index=\"0\" data-line=\"true\">Medici\u00f3n de l\u00edquidos (no) conductores, gases, vapor saturado y - sobrecalentado<\/li>\n<li data-zone-id=\"0\" data-line-index=\"0\" data-line=\"true\">Contador de calor bruto\/neto de vapor y agua caliente<\/li>\n<li data-zone-id=\"0\" data-line-index=\"0\" data-line=\"true\">Medici\u00f3n del consumo de gases industriales (gas natural, nitr\u00f3geno, etc.)<\/li>\n<li data-zone-id=\"0\" data-line-index=\"0\" data-line=\"true\">Medici\u00f3n del consumo en sistemas de aire comprimido<\/li>\n<\/ul>\n<\/div>\n<h5>Industria qu\u00edmica y otras industrias de transformaci\u00f3n<\/h5>\n<div>\n<ul>\n<li data-zone-id=\"0\" data-line-index=\"0\" data-line=\"true\">Hidrocarburos, aceites t\u00e9rmicos, etc.<\/li>\n<li data-zone-id=\"0\" data-line-index=\"0\" data-line=\"true\">Disolventes<\/li>\n<li data-zone-id=\"0\" data-line-index=\"0\" data-line=\"true\">Agua desalinizada<\/li>\n<li data-zone-id=\"0\" data-line-index=\"0\" data-line=\"true\">Gases, gases de soldadura, vapor<\/li>\n<li data-zone-id=\"0\" data-line-index=\"0\" data-line=\"true\">Productos petroqu\u00edmicos (benceno, etileno, etc.)<\/li>\n<\/ul>\n<\/div>\n<h5>Siderurgia y metalurgia<\/h5>\n<div>\n<ul>\n<li data-zone-id=\"0\" data-line-index=\"0\" data-line=\"true\">Circuitos de refrigeraci\u00f3n<\/li>\n<li data-zone-id=\"0\" data-line-index=\"0\" data-line=\"true\">Aire comprimido<\/li>\n<li data-zone-id=\"0\" data-line-index=\"0\" data-line=\"true\">Gases inertes<\/li>\n<li data-zone-id=\"0\" data-line-index=\"0\" data-line=\"true\">Ox\u00edgeno<\/li>\n<li data-zone-id=\"0\" data-line-index=\"0\" data-line=\"true\">Gas natural<\/li>\n<li data-zone-id=\"0\" data-line-index=\"0\" data-line=\"true\">Vapor<\/li>\n<\/ul>\n<\/div>\n<h5>Industria alimentaria<\/h5>\n<ul>\n<li>Agua purificada y desalinizada<\/li>\n<li>CO2<\/li>\n<li>Consumo del quemador<\/li>\n<li>Vapor<\/li>\n<\/ul>\n<h5>Industria papelera<\/h5>\n<ul>\n<li>Aire comprimido, vapor, etc.<\/li>\n<\/ul>\n<h5>Industria petrolera y del gas<\/h5>\n<ul>\n<li>Productos petroqu\u00edmicos (benceno, etileno, vapor, etc.)<\/li>\n<li>Gas natural<\/li>\n<\/ul>\n<\/div>\n<\/div>\n<\/div>","protected":false},"excerpt":{"rendered":"<div class=\"short-description-head\">\n<div data-zone-id=\"0\" data-line-index=\"0\" data-line=\"true\">The LUGBMT-VS vortex flow meter integrated temperature and pressure sensor, automatically calculates the mass flow of the medium through the international standard density compensation algorithm. Due to the built-in ultra-high sensitivity dual vortex sensor, the flow meter can simultaneously detect the flow signal and interference signal, through the algorithm can automatically identify the flow signal and vibration, electromagnetic disturbance signal. In comparison to the traditional vortex flow meter, the newly developed DSA (Digital Spectrum Analysis) technology greatly improves the low limit of measurement, turndown ratio, anti-vibration and anti-disturbance performance of flow meters, providing users with high accuracy and long-term stability.<\/div>\n<\/div>","protected":false},"featured_media":27319,"template":"","meta":[],"product_brand":[],"product_cat":[121,205,164,166,163],"product_tag":[],"class_list":{"0":"post-27317","1":"product","2":"type-product","3":"status-publish","4":"has-post-thumbnail","6":"product_cat-vortex-flow-meters","7":"product_cat-steam-flow-meters","8":"product_cat-air-flow-meters","9":"product_cat-liquid-flow-meters","10":"product_cat-water-flow-meters","12":"first","13":"instock","14":"shipping-taxable","15":"purchasable","16":"product-type-simple"},"_links":{"self":[{"href":"https:\/\/metlaninst.com\/es\/wp-json\/wp\/v2\/product\/27317","targetHints":{"allow":["GET"]}}],"collection":[{"href":"https:\/\/metlaninst.com\/es\/wp-json\/wp\/v2\/product"}],"about":[{"href":"https:\/\/metlaninst.com\/es\/wp-json\/wp\/v2\/types\/product"}],"version-history":[{"count":1,"href":"https:\/\/metlaninst.com\/es\/wp-json\/wp\/v2\/product\/27317\/revisions"}],"predecessor-version":[{"id":27320,"href":"https:\/\/metlaninst.com\/es\/wp-json\/wp\/v2\/product\/27317\/revisions\/27320"}],"wp:featuredmedia":[{"embeddable":true,"href":"https:\/\/metlaninst.com\/es\/wp-json\/wp\/v2\/media\/27319"}],"wp:attachment":[{"href":"https:\/\/metlaninst.com\/es\/wp-json\/wp\/v2\/media?parent=27317"}],"wp:term":[{"taxonomy":"product_brand","embeddable":true,"href":"https:\/\/metlaninst.com\/es\/wp-json\/wp\/v2\/product_brand?post=27317"},{"taxonomy":"product_cat","embeddable":true,"href":"https:\/\/metlaninst.com\/es\/wp-json\/wp\/v2\/product_cat?post=27317"},{"taxonomy":"product_tag","embeddable":true,"href":"https:\/\/metlaninst.com\/es\/wp-json\/wp\/v2\/product_tag?post=27317"}],"curies":[{"name":"wp","href":"https:\/\/api.w.org\/{rel}","templated":true}]}}