{"id":22729,"date":"2024-12-27T04:26:45","date_gmt":"2024-12-27T04:26:45","guid":{"rendered":"https:\/\/www.metlaninst.com\/?post_type=product&#038;p=22729"},"modified":"2025-02-02T03:53:39","modified_gmt":"2025-02-02T03:53:39","slug":"debitmetre-magnetique-pour-leau-et-les-eaux-usees-mtf-w","status":"publish","type":"product","link":"https:\/\/metlaninst.com\/fr\/p\/debitmetre-magnetique-pour-leau-et-les-eaux-usees-mtf-w\/","title":{"rendered":"D\u00e9bitm\u00e8tre magn\u00e9tique pour l'eau et les eaux us\u00e9es (MTF-W)"},"content":{"rendered":"<div class=\"e-con-inner\">\n<div class=\"elementor-element e-con-full e-flex e-con e-child\">\n<div class=\"elementor-widget-container\">\n<h3 class=\"elementor-heading-title elementor-size-default\">Caract\u00e9ristiques :<\/h3>\n<\/div>\n<div class=\"elementor-widget-container\">\n<ol class=\"product-description-list\">\n<li>Rev\u00eatement en PU, n\u00e9opr\u00e8ne ou PTFE : excellente r\u00e9sistance chimique<\/li>\n<li>Large gamme de mat\u00e9riaux d'\u00e9lectrodes<\/li>\n<li>Les couleurs et l'aspect peuvent \u00eatre personnalis\u00e9s sur demande<\/li>\n<li>\u00c9galement disponible dans des constructions sp\u00e9cifiques au client<\/li>\n<li>Pas de pi\u00e8ces mobiles, pas d'usure, pas de perte de pression<\/li>\n<li>Mesures fiables avec une pr\u00e9cision constante<\/li>\n<li>Le principe de mesure est pratiquement ind\u00e9pendant de la pression, de la densit\u00e9, de la temp\u00e9rature et de la viscosit\u00e9.<\/li>\n<li>L'anglais, l'espagnol, le fran\u00e7ais et d'autres langues sur demande sont disponibles pour l'affichage LCD.<\/li>\n<li>Chaque d\u00e9bitm\u00e8tre est \u00e9talonn\u00e9 et re\u00e7oit un num\u00e9ro de s\u00e9rie unique correspondant \u00e0 toutes les donn\u00e9es d'\u00e9talonnage.<\/li>\n<li>Disponible avec la version compacte ou \u00e0 distance de l'\u00e9metteur.<\/li>\n<\/ol>\n<\/div>\n<\/div>\n<div class=\"elementor-element e-con-full e-flex e-con e-child\">\n<div class=\"elementor-widget-container\">\n<h3 class=\"elementor-heading-title elementor-size-default\">Applications :<\/h3>\n<\/div>\n<div class=\"elementor-widget-container\">\n<h5 class=\"first\">G\u00e9n\u00e9ral<\/h5>\n<ul class=\"product-description-list\">\n<li style=\"list-style-type: none;\">\n<ul class=\"product-description-list\">\n<li>Toutes les applications simples li\u00e9es \u00e0 l'eau et aux eaux us\u00e9es<\/li>\n<\/ul>\n<\/li>\n<\/ul>\n<h5>Industrie de l'eau et des eaux us\u00e9es<\/h5>\n<ul class=\"product-description-list\">\n<li>Pr\u00e9l\u00e8vement et irrigation<\/li>\n<li>Surveillance des r\u00e9seaux de distribution<\/li>\n<li>Syst\u00e8mes de circulation et de traitement de l'eau<\/li>\n<li>Purification de l'eau et dessalement<\/li>\n<\/ul>\n<\/div>\n<\/div>\n<\/div>","protected":false},"excerpt":{"rendered":"<div class=\"short-description-head\">Ce d\u00e9bitm\u00e8tre \u00e9lectromagn\u00e9tique est id\u00e9al pour les applications de base dans le domaine de l'eau et des eaux us\u00e9es, avec une large gamme de diam\u00e8tres et des mat\u00e9riaux de rev\u00eatement r\u00e9sistants \u00e0 l'usure. La version IP68 permet l'installation dans des chambres de mesure soumises \u00e0 des inondations.<\/div>","protected":false},"featured_media":23251,"template":"","meta":[],"product_brand":[],"product_cat":[118,166,163],"product_tag":[],"class_list":{"0":"post-22729","1":"product","2":"type-product","3":"status-publish","4":"has-post-thumbnail","6":"product_cat-magnetic-flow-meters","7":"product_cat-liquid-flow-meters","8":"product_cat-water-flow-meters","10":"first","11":"instock","12":"shipping-taxable","13":"purchasable","14":"product-type-simple"},"_links":{"self":[{"href":"https:\/\/metlaninst.com\/fr\/wp-json\/wp\/v2\/product\/22729","targetHints":{"allow":["GET"]}}],"collection":[{"href":"https:\/\/metlaninst.com\/fr\/wp-json\/wp\/v2\/product"}],"about":[{"href":"https:\/\/metlaninst.com\/fr\/wp-json\/wp\/v2\/types\/product"}],"version-history":[{"count":22,"href":"https:\/\/metlaninst.com\/fr\/wp-json\/wp\/v2\/product\/22729\/revisions"}],"predecessor-version":[{"id":26147,"href":"https:\/\/metlaninst.com\/fr\/wp-json\/wp\/v2\/product\/22729\/revisions\/26147"}],"wp:featuredmedia":[{"embeddable":true,"href":"https:\/\/metlaninst.com\/fr\/wp-json\/wp\/v2\/media\/23251"}],"wp:attachment":[{"href":"https:\/\/metlaninst.com\/fr\/wp-json\/wp\/v2\/media?parent=22729"}],"wp:term":[{"taxonomy":"product_brand","embeddable":true,"href":"https:\/\/metlaninst.com\/fr\/wp-json\/wp\/v2\/product_brand?post=22729"},{"taxonomy":"product_cat","embeddable":true,"href":"https:\/\/metlaninst.com\/fr\/wp-json\/wp\/v2\/product_cat?post=22729"},{"taxonomy":"product_tag","embeddable":true,"href":"https:\/\/metlaninst.com\/fr\/wp-json\/wp\/v2\/product_tag?post=22729"}],"curies":[{"name":"wp","href":"https:\/\/api.w.org\/{rel}","templated":true}]}}