{"id":23193,"date":"2024-10-18T07:18:42","date_gmt":"2024-10-18T07:18:42","guid":{"rendered":"https:\/\/www.metlaninst.com\/?post_type=product&#038;p=23193"},"modified":"2025-02-02T04:03:42","modified_gmt":"2025-02-02T04:03:42","slug":"debitmetre-electromagnetique-pour-boues-mtf-s","status":"publish","type":"product","link":"https:\/\/metlaninst.com\/fr\/p\/debitmetre-electromagnetique-pour-boues-mtf-s\/","title":{"rendered":"D\u00e9bitm\u00e8tre \u00e9lectromagn\u00e9tique pour boues (MTF-S)"},"content":{"rendered":"<div class=\"e-con-inner\">\n<div class=\"elementor-element e-con-full e-flex e-con e-child\">\n<div class=\"elementor-widget-container\">\n<h3 class=\"elementor-heading-title elementor-size-default\">Caract\u00e9ristiques :<\/h3>\n<\/div>\n<div class=\"elementor-widget-container\">\n<ol class=\"product-description-list\">\n<li>Rev\u00eatement en PU, PFA, ETFE ou FEP : excellente r\u00e9sistance aux produits chimiques et \u00e0 l'abrasion.<\/li>\n<li>Large gamme de mat\u00e9riaux d'\u00e9lectrodes<\/li>\n<li>Les couleurs et l'aspect peuvent \u00eatre personnalis\u00e9s sur demande<\/li>\n<li>\u00c9galement disponible dans des constructions sp\u00e9cifiques au client<\/li>\n<li>Pas de pi\u00e8ces mobiles, pas d'usure, pas de perte de pression<\/li>\n<li>Mesures fiables avec une pr\u00e9cision constante<\/li>\n<li>Le principe de mesure est pratiquement ind\u00e9pendant de la pression, de la densit\u00e9, de la temp\u00e9rature et de la viscosit\u00e9.<\/li>\n<li>L'anglais, l'espagnol, le fran\u00e7ais et d'autres langues sur demande sont disponibles pour l'affichage LCD.<\/li>\n<li>Chaque d\u00e9bitm\u00e8tre est \u00e9talonn\u00e9 et re\u00e7oit un num\u00e9ro de s\u00e9rie unique correspondant \u00e0 toutes les donn\u00e9es d'\u00e9talonnage.<\/li>\n<li>Disponible avec la version compacte ou \u00e0 distance de l'\u00e9metteur.<\/li>\n<\/ol>\n<\/div>\n<\/div>\n<div class=\"elementor-element e-con-full e-flex e-con e-child\">\n<div class=\"elementor-widget-container\">\n<h3 class=\"elementor-heading-title elementor-size-default\">Applications :<\/h3>\n<\/div>\n<div class=\"elementor-widget-container\">\n<h5 class=\"first\">G\u00e9n\u00e9ral<\/h5>\n<ul class=\"product-description-list\">\n<li style=\"list-style-type: none;\">\n<ul class=\"product-description-list\">\n<li>Applications standard avec des liquides propres, agressifs ou abrasifs<\/li>\n<\/ul>\n<\/li>\n<\/ul>\n<h5>Industrie chimique et autres industries de transformation<\/h5>\n<ul class=\"product-description-list\">\n<li style=\"list-style-type: none;\">\n<ul class=\"product-description-list\">\n<li>Produits chimiques pour fluides conducteurs<\/li>\n<li>Eau de process, eau de refroidissement<\/li>\n<\/ul>\n<\/li>\n<\/ul>\n<h5>Industrie p\u00e9troli\u00e8re et gazi\u00e8re<\/h5>\n<ul class=\"product-description-list\">\n<li style=\"list-style-type: none;\">\n<ul class=\"product-description-list\">\n<li>Injection d'eau (haute pression)<\/li>\n<li>Boue de forage<\/li>\n<li>Eau produite<\/li>\n<\/ul>\n<\/li>\n<\/ul>\n<h5>Industrie min\u00e9rale et mini\u00e8re<\/h5>\n<ul class=\"product-description-list\">\n<li style=\"list-style-type: none;\">\n<ul class=\"product-description-list\">\n<li>Lignes d'alimentation des hydrocyclones<\/li>\n<\/ul>\n<\/li>\n<\/ul>\n<h5>Industrie du papier et de la p\u00e2te \u00e0 papier<\/h5>\n<ul class=\"product-description-list\">\n<li style=\"list-style-type: none;\">\n<ul class=\"product-description-list\">\n<li>Produits chimiques (liqueur noire, eau de Javel, etc.)<\/li>\n<\/ul>\n<\/li>\n<\/ul>\n<h5>Industrie des eaux us\u00e9es<\/h5>\n<ul class=\"product-description-list\">\n<li>Irrigation<\/li>\n<li>Traitement des boues et des eaux us\u00e9es<\/li>\n<\/ul>\n<\/div>\n<\/div>\n<\/div>","protected":false},"excerpt":{"rendered":"<div class=\"short-description-head\">Le MTF-S est un compteur magn\u00e9tique pour une large gamme d'applications de processus standard avec des liquides agressifs et abrasifs, en particulier les boues. Il permet une mesure fiable du d\u00e9bit m\u00eame dans des conditions difficiles, avec des temp\u00e9ratures allant jusqu'\u00e0 +180\u00b0C \/ +356\u00b0F, une faible conductivit\u00e9 (\u22655 \u00b5S\/cm) et une faible teneur en solides.<\/div>","protected":false},"featured_media":23250,"template":"","meta":[],"product_brand":[],"product_cat":[118,166],"product_tag":[],"class_list":{"0":"post-23193","1":"product","2":"type-product","3":"status-publish","4":"has-post-thumbnail","6":"product_cat-magnetic-flow-meters","7":"product_cat-liquid-flow-meters","9":"first","10":"instock","11":"shipping-taxable","12":"purchasable","13":"product-type-simple"},"_links":{"self":[{"href":"https:\/\/metlaninst.com\/fr\/wp-json\/wp\/v2\/product\/23193","targetHints":{"allow":["GET"]}}],"collection":[{"href":"https:\/\/metlaninst.com\/fr\/wp-json\/wp\/v2\/product"}],"about":[{"href":"https:\/\/metlaninst.com\/fr\/wp-json\/wp\/v2\/types\/product"}],"version-history":[{"count":11,"href":"https:\/\/metlaninst.com\/fr\/wp-json\/wp\/v2\/product\/23193\/revisions"}],"predecessor-version":[{"id":26157,"href":"https:\/\/metlaninst.com\/fr\/wp-json\/wp\/v2\/product\/23193\/revisions\/26157"}],"wp:featuredmedia":[{"embeddable":true,"href":"https:\/\/metlaninst.com\/fr\/wp-json\/wp\/v2\/media\/23250"}],"wp:attachment":[{"href":"https:\/\/metlaninst.com\/fr\/wp-json\/wp\/v2\/media?parent=23193"}],"wp:term":[{"taxonomy":"product_brand","embeddable":true,"href":"https:\/\/metlaninst.com\/fr\/wp-json\/wp\/v2\/product_brand?post=23193"},{"taxonomy":"product_cat","embeddable":true,"href":"https:\/\/metlaninst.com\/fr\/wp-json\/wp\/v2\/product_cat?post=23193"},{"taxonomy":"product_tag","embeddable":true,"href":"https:\/\/metlaninst.com\/fr\/wp-json\/wp\/v2\/product_tag?post=23193"}],"curies":[{"name":"wp","href":"https:\/\/api.w.org\/{rel}","templated":true}]}}