{"id":23196,"date":"2024-10-17T07:18:59","date_gmt":"2024-10-17T07:18:59","guid":{"rendered":"https:\/\/www.metlaninst.com\/?post_type=product&#038;p=23196"},"modified":"2025-02-02T04:04:37","modified_gmt":"2025-02-02T04:04:37","slug":"debitmetres-magnetiques-sanitaires-mtf-a","status":"publish","type":"product","link":"https:\/\/metlaninst.com\/fr\/p\/debitmetres-magnetiques-sanitaires-mtf-a\/","title":{"rendered":"D\u00e9bitm\u00e8tres magn\u00e9tiques sanitaires (MTF-A)"},"content":{"rendered":"<div class=\"e-con-inner\">\n<div class=\"elementor-element e-con-full e-flex e-con e-child\">\n<div class=\"elementor-widget-container\">\n<h3 class=\"elementor-heading-title elementor-size-default\">Caract\u00e9ristiques :<\/h3>\n<\/div>\n<div class=\"elementor-widget-container\">\n<ol class=\"product-description-list\">\n<li>Rev\u00eatement en PFA : certifi\u00e9 pour les applications hygi\u00e9niques<\/li>\n<li>Large gamme de mat\u00e9riaux d'\u00e9lectrodes<\/li>\n<li>Les couleurs et l'aspect peuvent \u00eatre personnalis\u00e9s sur demande<\/li>\n<li>\u00c9galement disponible dans des constructions sp\u00e9cifiques au client<\/li>\n<li>Pas de pi\u00e8ces mobiles, pas d'usure, pas de perte de pression<\/li>\n<li>Mesures fiables avec une pr\u00e9cision constante<\/li>\n<li>Le principe de mesure est pratiquement ind\u00e9pendant de la pression, de la densit\u00e9, de la temp\u00e9rature et de la viscosit\u00e9.<\/li>\n<li>L'anglais, l'espagnol, le fran\u00e7ais et d'autres langues sur demande sont disponibles pour l'affichage LCD.<\/li>\n<li>Chaque d\u00e9bitm\u00e8tre est \u00e9talonn\u00e9 et re\u00e7oit un num\u00e9ro de s\u00e9rie unique correspondant \u00e0 toutes les donn\u00e9es d'\u00e9talonnage.<\/li>\n<li>Disponible avec la version compacte ou \u00e0 distance de l'\u00e9metteur.<\/li>\n<\/ol>\n<\/div>\n<\/div>\n<div class=\"elementor-element e-con-full e-flex e-con e-child\">\n<div class=\"elementor-widget-container\">\n<h3 class=\"elementor-heading-title elementor-size-default\">Applications :<\/h3>\n<\/div>\n<div class=\"elementor-widget-container\">\n<h5 class=\"first\">G\u00e9n\u00e9ral<\/h5>\n<ul class=\"product-description-list\">\n<li style=\"list-style-type: none;\">\n<ul class=\"product-description-list\">\n<li>Applications hygi\u00e9niques standard<\/li>\n<li>Pour les installations de production \u00e0 grande \u00e9chelle avec un diam\u00e8tre jusqu'\u00e0 DN150 \/ 6\u2033 (Autres sur demande)<\/li>\n<\/ul>\n<\/li>\n<\/ul>\n<h5>Industrie alimentaire et des boissons<\/h5>\n<ul class=\"product-description-list\">\n<li style=\"list-style-type: none;\">\n<ul class=\"product-description-list\">\n<li>Boissons (boissons non alcoolis\u00e9es, bi\u00e8re, vin, jus de fruits, etc.)<\/li>\n<li>Lait et autres produits laitiers<\/li>\n<li>Produits de nettoyage en place (y compris les acides et les solutions caustiques)<\/li>\n<\/ul>\n<\/li>\n<\/ul>\n<h5>Industrie pharmaceutique<\/h5>\n<ul class=\"product-description-list\">\n<li>Traitement des m\u00e9dicaments, des sodas caustiques, des acides, des prot\u00e9ines, des antibiotiques<\/li>\n<\/ul>\n<\/div>\n<\/div>\n<\/div>","protected":false},"excerpt":{"rendered":"<div class=\"short-description-head\">Le MTF-A est le d\u00e9bitm\u00e8tre \u00e9lectromagn\u00e9tique pr\u00e9f\u00e9r\u00e9 pour les applications hygi\u00e9niques dans les secteurs de l'alimentation, des boissons et des sciences de la vie. Il est facile \u00e0 installer et \u00e0 d\u00e9monter, supporte les proc\u00e9dures de nettoyage CIP ou SIP, et est disponible avec un transmetteur compact ou d\u00e9port\u00e9.<\/div>","protected":false},"featured_media":23244,"template":"","meta":[],"product_brand":[],"product_cat":[118,166],"product_tag":[],"class_list":{"0":"post-23196","1":"product","2":"type-product","3":"status-publish","4":"has-post-thumbnail","6":"product_cat-magnetic-flow-meters","7":"product_cat-liquid-flow-meters","9":"first","10":"instock","11":"shipping-taxable","12":"purchasable","13":"product-type-simple"},"_links":{"self":[{"href":"https:\/\/metlaninst.com\/fr\/wp-json\/wp\/v2\/product\/23196","targetHints":{"allow":["GET"]}}],"collection":[{"href":"https:\/\/metlaninst.com\/fr\/wp-json\/wp\/v2\/product"}],"about":[{"href":"https:\/\/metlaninst.com\/fr\/wp-json\/wp\/v2\/types\/product"}],"version-history":[{"count":2,"href":"https:\/\/metlaninst.com\/fr\/wp-json\/wp\/v2\/product\/23196\/revisions"}],"predecessor-version":[{"id":26158,"href":"https:\/\/metlaninst.com\/fr\/wp-json\/wp\/v2\/product\/23196\/revisions\/26158"}],"wp:featuredmedia":[{"embeddable":true,"href":"https:\/\/metlaninst.com\/fr\/wp-json\/wp\/v2\/media\/23244"}],"wp:attachment":[{"href":"https:\/\/metlaninst.com\/fr\/wp-json\/wp\/v2\/media?parent=23196"}],"wp:term":[{"taxonomy":"product_brand","embeddable":true,"href":"https:\/\/metlaninst.com\/fr\/wp-json\/wp\/v2\/product_brand?post=23196"},{"taxonomy":"product_cat","embeddable":true,"href":"https:\/\/metlaninst.com\/fr\/wp-json\/wp\/v2\/product_cat?post=23196"},{"taxonomy":"product_tag","embeddable":true,"href":"https:\/\/metlaninst.com\/fr\/wp-json\/wp\/v2\/product_tag?post=23196"}],"curies":[{"name":"wp","href":"https:\/\/api.w.org\/{rel}","templated":true}]}}