{"id":23199,"date":"2024-10-16T07:19:27","date_gmt":"2024-10-16T07:19:27","guid":{"rendered":"https:\/\/www.metlaninst.com\/?post_type=product&#038;p=23199"},"modified":"2025-02-02T04:06:00","modified_gmt":"2025-02-02T04:06:00","slug":"debitmetre-magnetique-pour-fluide-a-haute-temperature-mtf-h","status":"publish","type":"product","link":"https:\/\/metlaninst.com\/fr\/p\/debitmetre-magnetique-pour-fluide-a-haute-temperature-mtf-h\/","title":{"rendered":"D\u00e9bitm\u00e8tre magn\u00e9tique pour fluide \u00e0 haute temp\u00e9rature (MTF-H)"},"content":{"rendered":"<div class=\"e-con-inner\">\n<div class=\"elementor-element e-con-full e-flex e-con e-child\">\n<div class=\"elementor-widget-container\">\n<h3 class=\"elementor-heading-title elementor-size-default\">Caract\u00e9ristiques :<\/h3>\n<\/div>\n<div class=\"elementor-widget-container\">\n<ol class=\"product-description-list\">\n<li>Rev\u00eatement en PFA\/PTFE\/ETFE\/FEP : D\u00e9di\u00e9 aux applications chimiques et de process avec des liquides corrosifs et des temp\u00e9ratures moyennes \u00e9lev\u00e9es.<\/li>\n<li>Large gamme de mat\u00e9riaux d'\u00e9lectrodes<\/li>\n<li>Les couleurs et l'aspect peuvent \u00eatre personnalis\u00e9s sur demande<\/li>\n<li>\u00c9galement disponible dans des constructions sp\u00e9cifiques au client<\/li>\n<li>Pas de pi\u00e8ces mobiles, pas d'usure, pas de perte de pression<\/li>\n<li>Mesures fiables avec une pr\u00e9cision constante<\/li>\n<li>Le principe de mesure est pratiquement ind\u00e9pendant de la pression, de la densit\u00e9, de la temp\u00e9rature et de la viscosit\u00e9.<\/li>\n<li>L'anglais, l'espagnol, le fran\u00e7ais et d'autres langues sur demande sont disponibles pour l'affichage LCD.<\/li>\n<li>Chaque d\u00e9bitm\u00e8tre est \u00e9talonn\u00e9 et re\u00e7oit un num\u00e9ro de s\u00e9rie unique correspondant \u00e0 toutes les donn\u00e9es d'\u00e9talonnage.<\/li>\n<li>Disponible avec la version compacte ou \u00e0 distance de l'\u00e9metteur.<\/li>\n<\/ol>\n<\/div>\n<\/div>\n<div class=\"elementor-element e-con-full e-flex e-con e-child\">\n<div class=\"elementor-widget-container\">\n<h3 class=\"elementor-heading-title elementor-size-default\">Applications :<\/h3>\n<\/div>\n<div class=\"elementor-widget-container\">\n<h5 class=\"first\">G\u00e9n\u00e9ral<\/h5>\n<ul class=\"product-description-list\">\n<li style=\"list-style-type: none;\">\n<ul class=\"product-description-list\">\n<li>Applications exigeantes avec des liquides propres, agressifs ou abrasifs<\/li>\n<\/ul>\n<\/li>\n<\/ul>\n<h5>Industrie chimique et autres industries de transformation<\/h5>\n<ul class=\"product-description-list\">\n<li style=\"list-style-type: none;\">\n<ul class=\"product-description-list\">\n<li>Production de masse inorganique et organique<\/li>\n<li>Produits chimiques hautement corrosifs et agressifs (acides, milieux alcalins)<\/li>\n<li>Traitement de produits chimiques corrosifs et agressifs (acides, milieux alcalins)<\/li>\n<\/ul>\n<\/li>\n<\/ul>\n<h5>Industrie min\u00e9rale et mini\u00e8re<\/h5>\n<ul class=\"product-description-list\">\n<li style=\"list-style-type: none;\">\n<ul class=\"product-description-list\">\n<li>Boues non homog\u00e8nes et abrasives avec des particules fines (teneur en solides)<\/li>\n<li>Lignes d'alimentation des hydrocyclones<\/li>\n<\/ul>\n<\/li>\n<\/ul>\n<h5>Industrie alimentaire et des boissons, industrie pharmaceutique<\/h5>\n<ul class=\"product-description-list\">\n<li style=\"list-style-type: none;\">\n<ul class=\"product-description-list\">\n<li>M\u00e9lange, dosage, dosage de liquides conducteurs<\/li>\n<\/ul>\n<\/li>\n<\/ul>\n<h5>Industrie des eaux us\u00e9es<\/h5>\n<ul class=\"product-description-list\">\n<li style=\"list-style-type: none;\">\n<ul class=\"product-description-list\">\n<li>Boues s\u00e9dimentaires et boues d'\u00e9puration<\/li>\n<li>Dosage des coagulants et des floculants<\/li>\n<\/ul>\n<\/li>\n<\/ul>\n<h5>Industrie du papier et de la p\u00e2te \u00e0 papier<\/h5>\n<ul class=\"product-description-list\">\n<li>Produits fibreux chimiquement agressifs<\/li>\n<\/ul>\n<\/div>\n<\/div>\n<\/div>","protected":false},"excerpt":{"rendered":"<div class=\"short-description-head\">Le d\u00e9bitm\u00e8tre magn\u00e9tique MTF-H est destin\u00e9 aux applications chimiques et de process avec des liquides corrosifs et des temp\u00e9ratures moyennes les plus \u00e9lev\u00e9es jusqu'\u00e0 +180\u00b0C \/ +356\u00b0F. Un transmetteur \u00e0 distance est disponible pour maximiser la flexibilit\u00e9 de l'installation et la s\u00e9curit\u00e9 op\u00e9rationnelle dans les environnements exigeants.<\/div>","protected":false},"featured_media":23248,"template":"","meta":[],"product_brand":[],"product_cat":[118,166],"product_tag":[],"class_list":{"0":"post-23199","1":"product","2":"type-product","3":"status-publish","4":"has-post-thumbnail","6":"product_cat-magnetic-flow-meters","7":"product_cat-liquid-flow-meters","9":"first","10":"instock","11":"shipping-taxable","12":"purchasable","13":"product-type-simple"},"_links":{"self":[{"href":"https:\/\/metlaninst.com\/fr\/wp-json\/wp\/v2\/product\/23199","targetHints":{"allow":["GET"]}}],"collection":[{"href":"https:\/\/metlaninst.com\/fr\/wp-json\/wp\/v2\/product"}],"about":[{"href":"https:\/\/metlaninst.com\/fr\/wp-json\/wp\/v2\/types\/product"}],"version-history":[{"count":5,"href":"https:\/\/metlaninst.com\/fr\/wp-json\/wp\/v2\/product\/23199\/revisions"}],"predecessor-version":[{"id":26159,"href":"https:\/\/metlaninst.com\/fr\/wp-json\/wp\/v2\/product\/23199\/revisions\/26159"}],"wp:featuredmedia":[{"embeddable":true,"href":"https:\/\/metlaninst.com\/fr\/wp-json\/wp\/v2\/media\/23248"}],"wp:attachment":[{"href":"https:\/\/metlaninst.com\/fr\/wp-json\/wp\/v2\/media?parent=23199"}],"wp:term":[{"taxonomy":"product_brand","embeddable":true,"href":"https:\/\/metlaninst.com\/fr\/wp-json\/wp\/v2\/product_brand?post=23199"},{"taxonomy":"product_cat","embeddable":true,"href":"https:\/\/metlaninst.com\/fr\/wp-json\/wp\/v2\/product_cat?post=23199"},{"taxonomy":"product_tag","embeddable":true,"href":"https:\/\/metlaninst.com\/fr\/wp-json\/wp\/v2\/product_tag?post=23199"}],"curies":[{"name":"wp","href":"https:\/\/api.w.org\/{rel}","templated":true}]}}