{"id":23218,"date":"2024-12-26T07:15:51","date_gmt":"2024-12-26T07:15:51","guid":{"rendered":"https:\/\/www.metlaninst.com\/?post_type=product&#038;p=23218"},"modified":"2025-02-02T03:54:56","modified_gmt":"2025-02-02T03:54:56","slug":"debitmetre-electromagnetique-a-brides-mtf-f-100","status":"publish","type":"product","link":"https:\/\/metlaninst.com\/fr\/p\/debitmetre-electromagnetique-a-brides-mtf-f-100\/","title":{"rendered":"D\u00e9bitm\u00e8tre \u00e9lectromagn\u00e9tique \u00e0 brides (MTF-F-100)"},"content":{"rendered":"<div class=\"e-con-inner\">\n<div class=\"elementor-element e-con-full e-flex e-con e-child\">\n<div class=\"elementor-widget-container\">\n<h3 class=\"elementor-heading-title elementor-size-default\">Caract\u00e9ristiques :<\/h3>\n<\/div>\n<div class=\"elementor-widget-container\">\n<ol class=\"product-description-list\">\n<li>Large gamme de rev\u00eatements et de mat\u00e9riaux d'\u00e9lectrodes<\/li>\n<li>Les couleurs et l'aspect peuvent \u00eatre personnalis\u00e9s sur demande<\/li>\n<li>\u00c9galement disponible dans des constructions sp\u00e9cifiques au client<\/li>\n<li>Pas de pi\u00e8ces mobiles, pas d'usure, pas de perte de pression<\/li>\n<li>Mesures fiables avec une pr\u00e9cision constante<\/li>\n<li>Le principe de mesure est pratiquement ind\u00e9pendant de la pression, de la densit\u00e9, de la temp\u00e9rature et de la viscosit\u00e9.<\/li>\n<li>L'anglais, l'espagnol, le fran\u00e7ais et d'autres langues sur demande sont disponibles pour l'affichage LCD.<\/li>\n<li>Chaque d\u00e9bitm\u00e8tre est \u00e9talonn\u00e9 et re\u00e7oit un num\u00e9ro de s\u00e9rie unique correspondant \u00e0 toutes les donn\u00e9es d'\u00e9talonnage.<\/li>\n<li>Disponible avec la version compacte ou \u00e0 distance de l'\u00e9metteur.<\/li>\n<\/ol>\n<\/div>\n<\/div>\n<div class=\"elementor-element e-con-full e-flex e-con e-child\">\n<div class=\"elementor-widget-container\">\n<h3 class=\"elementor-heading-title elementor-size-default\">Applications :<\/h3>\n<\/div>\n<div class=\"elementor-widget-container\">\n<h5 class=\"first\">G\u00e9n\u00e9ral<\/h5>\n<ul class=\"product-description-list\">\n<li style=\"list-style-type: none;\">\n<ul class=\"product-description-list\">\n<li>Applications avec des liquides propres, agressifs ou abrasifs<\/li>\n<li>Applications hygi\u00e9niques standard<\/li>\n<li>Pour les installations de production \u00e0 grande \u00e9chelle avec un diam\u00e8tre jusqu'\u00e0 DN3000 \/ 120\u2033 (Autres sur demande)<\/li>\n<\/ul>\n<\/li>\n<\/ul>\n<h5>Industrie chimique et autres industries de transformation<\/h5>\n<ul class=\"product-description-list\">\n<li style=\"list-style-type: none;\">\n<ul class=\"product-description-list\">\n<li>Produits chimiques pour fluides conducteurs<\/li>\n<li>Eau de process, eau de refroidissement<\/li>\n<li>Production de masse inorganique et organique<\/li>\n<li>Produits chimiques hautement corrosifs et agressifs (acides, milieux alcalins)<\/li>\n<li>Traitement de produits chimiques corrosifs et agressifs (acides, milieux alcalins)<\/li>\n<\/ul>\n<\/li>\n<\/ul>\n<h5>Industrie min\u00e9rale et mini\u00e8re<\/h5>\n<ul class=\"product-description-list\">\n<li style=\"list-style-type: none;\">\n<ul class=\"product-description-list\">\n<li>Boues non homog\u00e8nes et abrasives avec des particules fines (teneur en solides)<\/li>\n<li>Lignes d'alimentation des hydrocyclones<\/li>\n<\/ul>\n<\/li>\n<\/ul>\n<h5>Industrie des eaux us\u00e9es<\/h5>\n<ul class=\"product-description-list\">\n<li style=\"list-style-type: none;\">\n<ul class=\"product-description-list\">\n<li>Boues s\u00e9dimentaires et boues d'\u00e9puration<\/li>\n<li>Dosage des coagulants et des floculants<\/li>\n<li>Pr\u00e9l\u00e8vement et irrigation<\/li>\n<li>Surveillance des r\u00e9seaux de distribution<\/li>\n<li>Syst\u00e8mes de circulation et de traitement de l'eau<\/li>\n<li>Purification de l'eau et dessalement<\/li>\n<\/ul>\n<\/li>\n<\/ul>\n<h5>Industrie du papier et de la p\u00e2te \u00e0 papier<\/h5>\n<ul class=\"product-description-list\">\n<li style=\"list-style-type: none;\">\n<ul class=\"product-description-list\">\n<li>Produits fibreux chimiquement agressifs<\/li>\n<\/ul>\n<\/li>\n<\/ul>\n<h5>Industrie p\u00e9troli\u00e8re et gazi\u00e8re<\/h5>\n<ul class=\"product-description-list\">\n<li>Injection d'eau (haute pression)<\/li>\n<li>Boue de forage<\/li>\n<li>Eau produite<\/li>\n<\/ul>\n<\/div>\n<\/div>\n<\/div>","protected":false},"excerpt":{"rendered":"<div class=\"short-description-head\">Le MTF-F-100 est un d\u00e9bitm\u00e8tre \u00e9lectromagn\u00e9tique compact \u00e0 brides qui offre un large choix de mat\u00e9riaux en contact avec le fluide et une plage de temp\u00e9ratures moyennes allant jusqu'\u00e0 180 \u00b0C\/356 \u00b0F. Personnalisez le d\u00e9bitm\u00e8tre \u00e9lectromagn\u00e9tique de votre choix en fonction de vos applications et de votre secteur d'activit\u00e9.<\/div>","protected":false},"featured_media":23246,"template":"","meta":[],"product_brand":[],"product_cat":[118,166,163],"product_tag":[],"class_list":{"0":"post-23218","1":"product","2":"type-product","3":"status-publish","4":"has-post-thumbnail","6":"product_cat-magnetic-flow-meters","7":"product_cat-liquid-flow-meters","8":"product_cat-water-flow-meters","10":"first","11":"instock","12":"shipping-taxable","13":"purchasable","14":"product-type-simple"},"_links":{"self":[{"href":"https:\/\/metlaninst.com\/fr\/wp-json\/wp\/v2\/product\/23218","targetHints":{"allow":["GET"]}}],"collection":[{"href":"https:\/\/metlaninst.com\/fr\/wp-json\/wp\/v2\/product"}],"about":[{"href":"https:\/\/metlaninst.com\/fr\/wp-json\/wp\/v2\/types\/product"}],"version-history":[{"count":2,"href":"https:\/\/metlaninst.com\/fr\/wp-json\/wp\/v2\/product\/23218\/revisions"}],"predecessor-version":[{"id":26149,"href":"https:\/\/metlaninst.com\/fr\/wp-json\/wp\/v2\/product\/23218\/revisions\/26149"}],"wp:featuredmedia":[{"embeddable":true,"href":"https:\/\/metlaninst.com\/fr\/wp-json\/wp\/v2\/media\/23246"}],"wp:attachment":[{"href":"https:\/\/metlaninst.com\/fr\/wp-json\/wp\/v2\/media?parent=23218"}],"wp:term":[{"taxonomy":"product_brand","embeddable":true,"href":"https:\/\/metlaninst.com\/fr\/wp-json\/wp\/v2\/product_brand?post=23218"},{"taxonomy":"product_cat","embeddable":true,"href":"https:\/\/metlaninst.com\/fr\/wp-json\/wp\/v2\/product_cat?post=23218"},{"taxonomy":"product_tag","embeddable":true,"href":"https:\/\/metlaninst.com\/fr\/wp-json\/wp\/v2\/product_tag?post=23218"}],"curies":[{"name":"wp","href":"https:\/\/api.w.org\/{rel}","templated":true}]}}