{"id":23226,"date":"2024-10-13T08:36:16","date_gmt":"2024-10-13T08:36:16","guid":{"rendered":"https:\/\/www.metlaninst.com\/?post_type=product&#038;p=23226"},"modified":"2025-02-02T04:06:29","modified_gmt":"2025-02-02T04:06:29","slug":"debitmetre-magnetique-alimente-par-batterie-mtf-b","status":"publish","type":"product","link":"https:\/\/metlaninst.com\/fr\/p\/debitmetre-magnetique-alimente-par-batterie-mtf-b\/","title":{"rendered":"D\u00e9bitm\u00e8tre magn\u00e9tique aliment\u00e9 par batterie (MTF-B)"},"content":{"rendered":"<div class=\"e-con-inner\">\n<div class=\"elementor-element e-con-full e-flex e-con e-child\">\n<div class=\"elementor-widget-container\">\n<h3 class=\"elementor-heading-title elementor-size-default\">Caract\u00e9ristiques :<\/h3>\n<\/div>\n<div class=\"elementor-widget-container\">\n<ol class=\"product-description-list\">\n<li>Large gamme de rev\u00eatements et de mat\u00e9riaux d'\u00e9lectrodes<\/li>\n<li>Les couleurs et l'aspect peuvent \u00eatre personnalis\u00e9s sur demande<\/li>\n<li>\u00c9galement disponible dans des constructions sp\u00e9cifiques au client<\/li>\n<li>Pas de pi\u00e8ces mobiles, pas d'usure, pas de perte de pression<\/li>\n<li>Mesures fiables avec une pr\u00e9cision constante<\/li>\n<li>Le principe de mesure est pratiquement ind\u00e9pendant de la pression, de la densit\u00e9, de la temp\u00e9rature et de la viscosit\u00e9.<\/li>\n<li>L'anglais, l'espagnol, le fran\u00e7ais et d'autres langues sur demande sont disponibles pour l'affichage LCD.<\/li>\n<li>Chaque d\u00e9bitm\u00e8tre est \u00e9talonn\u00e9 et re\u00e7oit un num\u00e9ro de s\u00e9rie unique correspondant \u00e0 toutes les donn\u00e9es d'\u00e9talonnage.<\/li>\n<\/ol>\n<\/div>\n<\/div>\n<div class=\"elementor-element e-con-full e-flex e-con e-child\">\n<div class=\"elementor-widget-container\">\n<h3 class=\"elementor-heading-title elementor-size-default\">Applications :<\/h3>\n<\/div>\n<div class=\"elementor-widget-container\">\n<h5 class=\"first\">Industrie de l'eau<\/h5>\n<ul class=\"product-description-list\">\n<li>Surveillance \u00e0 distance de l'approvisionnement en eau et des r\u00e9seaux de distribution<\/li>\n<li>Consommation d'eau et comptage fiscal (transfert de propri\u00e9t\u00e9)<\/li>\n<li>Irrigation et captage<\/li>\n<li>Traitement de l'eau<\/li>\n<li>Remplacement des compteurs m\u00e9caniques \u00e0 turbine<\/li>\n<li>D\u00e9tection des fuites<\/li>\n<li>V\u00e9rification des pompes et des puits d'eau<\/li>\n<li>Mesure du d\u00e9bit de transfert de garde dans les r\u00e9seaux de chauffage urbain<\/li>\n<\/ul>\n<\/div>\n<\/div>\n<\/div>","protected":false},"excerpt":{"rendered":"<div class=\"short-description-head\">Le MTF-B est un compteur d'eau \u00e9lectromagn\u00e9tique aliment\u00e9 par batterie et destin\u00e9 aux puits de captage d'eau et aux zones de comptage de district (DMA). Avec des capteurs de pression et de temp\u00e9rature en option, le compteur peut \u00e9galement \u00eatre utilis\u00e9 pour la d\u00e9tection des fuites, le contr\u00f4le de la qualit\u00e9 et les syst\u00e8mes de gestion de la pression.<\/div>","protected":false},"featured_media":23245,"template":"","meta":[],"product_brand":[],"product_cat":[118,166,163],"product_tag":[],"class_list":{"0":"post-23226","1":"product","2":"type-product","3":"status-publish","4":"has-post-thumbnail","6":"product_cat-magnetic-flow-meters","7":"product_cat-liquid-flow-meters","8":"product_cat-water-flow-meters","10":"first","11":"instock","12":"shipping-taxable","13":"purchasable","14":"product-type-simple"},"_links":{"self":[{"href":"https:\/\/metlaninst.com\/fr\/wp-json\/wp\/v2\/product\/23226","targetHints":{"allow":["GET"]}}],"collection":[{"href":"https:\/\/metlaninst.com\/fr\/wp-json\/wp\/v2\/product"}],"about":[{"href":"https:\/\/metlaninst.com\/fr\/wp-json\/wp\/v2\/types\/product"}],"version-history":[{"count":2,"href":"https:\/\/metlaninst.com\/fr\/wp-json\/wp\/v2\/product\/23226\/revisions"}],"predecessor-version":[{"id":26160,"href":"https:\/\/metlaninst.com\/fr\/wp-json\/wp\/v2\/product\/23226\/revisions\/26160"}],"wp:featuredmedia":[{"embeddable":true,"href":"https:\/\/metlaninst.com\/fr\/wp-json\/wp\/v2\/media\/23245"}],"wp:attachment":[{"href":"https:\/\/metlaninst.com\/fr\/wp-json\/wp\/v2\/media?parent=23226"}],"wp:term":[{"taxonomy":"product_brand","embeddable":true,"href":"https:\/\/metlaninst.com\/fr\/wp-json\/wp\/v2\/product_brand?post=23226"},{"taxonomy":"product_cat","embeddable":true,"href":"https:\/\/metlaninst.com\/fr\/wp-json\/wp\/v2\/product_cat?post=23226"},{"taxonomy":"product_tag","embeddable":true,"href":"https:\/\/metlaninst.com\/fr\/wp-json\/wp\/v2\/product_tag?post=23226"}],"curies":[{"name":"wp","href":"https:\/\/api.w.org\/{rel}","templated":true}]}}