{"id":23230,"date":"2024-12-26T06:47:23","date_gmt":"2024-12-26T06:47:23","guid":{"rendered":"https:\/\/www.metlaninst.com\/?post_type=product&#038;p=23230"},"modified":"2025-02-02T03:55:25","modified_gmt":"2025-02-02T03:55:25","slug":"debitmetres-magnetiques-a-insertion-mtf-i","status":"publish","type":"product","link":"https:\/\/metlaninst.com\/fr\/p\/debitmetres-magnetiques-a-insertion-mtf-i\/","title":{"rendered":"D\u00e9bitm\u00e8tres magn\u00e9tiques \u00e0 insertion (MTF-I)"},"content":{"rendered":"<div class=\"e-con-inner\">\n<div class=\"elementor-element e-con-full e-flex e-con e-child\">\n<div class=\"elementor-widget-container\">\n<h3 class=\"elementor-heading-title elementor-size-default\">Caract\u00e9ristiques :<\/h3>\n<\/div>\n<div class=\"elementor-widget-container\">\n<ol class=\"product-description-list\">\n<li>Construction robuste : pas de pi\u00e8ces mobiles, pas d'entretien et pi\u00e8ces en contact avec le liquide en acier inoxydable.<\/li>\n<li>Les couleurs et l'aspect peuvent \u00eatre personnalis\u00e9s sur demande<\/li>\n<li>\u00c9galement disponible dans des constructions sp\u00e9cifiques au client<\/li>\n<li>Pas de pi\u00e8ces mobiles, pas d'usure, pas de perte de pression<\/li>\n<li>Mesures fiables avec une pr\u00e9cision constante<\/li>\n<li>Le principe de mesure est pratiquement ind\u00e9pendant de la pression, de la densit\u00e9, de la temp\u00e9rature et de la viscosit\u00e9.<\/li>\n<li>L'anglais, l'espagnol, le fran\u00e7ais et d'autres langues sur demande sont disponibles pour l'affichage LCD.<\/li>\n<li>Chaque d\u00e9bitm\u00e8tre est \u00e9talonn\u00e9 et re\u00e7oit un num\u00e9ro de s\u00e9rie unique correspondant \u00e0 toutes les donn\u00e9es d'\u00e9talonnage.<\/li>\n<li>Disponible avec la version compacte ou \u00e0 distance de l'\u00e9metteur.<\/li>\n<\/ol>\n<\/div>\n<\/div>\n<div class=\"elementor-element e-con-full e-flex e-con e-child\">\n<div class=\"elementor-widget-container\">\n<h3 class=\"elementor-heading-title elementor-size-default\">Applications :<\/h3>\n<\/div>\n<div class=\"elementor-widget-container\">\n<h5 class=\"first\">G\u00e9n\u00e9ral<\/h5>\n<ul class=\"product-description-list\">\n<li>Surveillance du d\u00e9bit \u00e0 moindre co\u00fbt<\/li>\n<li>Syst\u00e8mes de refroidissement<\/li>\n<li>Protection de la pompe<\/li>\n<li>L'eau<\/li>\n<\/ul>\n<\/div>\n<\/div>\n<\/div>","protected":false},"excerpt":{"rendered":"<div class=\"short-description-head\">Le MTF-I est un d\u00e9bitm\u00e8tre \u00e9lectromagn\u00e9tique \u00e0 insertion destin\u00e9 \u00e0 contr\u00f4ler le d\u00e9bit de liquides, de p\u00e2tes et de boues conductrices. Il est g\u00e9n\u00e9ralement utilis\u00e9 dans des applications o\u00f9 les installations \u00e0 insertion sont pr\u00e9f\u00e9rables. Il mesure la vitesse d'\u00e9coulement des liquides conducteurs dans les conduites de grand diam\u00e8tre.<\/div>","protected":false},"featured_media":23249,"template":"","meta":[],"product_brand":[],"product_cat":[118,166,163],"product_tag":[],"class_list":{"0":"post-23230","1":"product","2":"type-product","3":"status-publish","4":"has-post-thumbnail","6":"product_cat-magnetic-flow-meters","7":"product_cat-liquid-flow-meters","8":"product_cat-water-flow-meters","10":"first","11":"instock","12":"shipping-taxable","13":"purchasable","14":"product-type-simple"},"_links":{"self":[{"href":"https:\/\/metlaninst.com\/fr\/wp-json\/wp\/v2\/product\/23230","targetHints":{"allow":["GET"]}}],"collection":[{"href":"https:\/\/metlaninst.com\/fr\/wp-json\/wp\/v2\/product"}],"about":[{"href":"https:\/\/metlaninst.com\/fr\/wp-json\/wp\/v2\/types\/product"}],"version-history":[{"count":2,"href":"https:\/\/metlaninst.com\/fr\/wp-json\/wp\/v2\/product\/23230\/revisions"}],"predecessor-version":[{"id":26150,"href":"https:\/\/metlaninst.com\/fr\/wp-json\/wp\/v2\/product\/23230\/revisions\/26150"}],"wp:featuredmedia":[{"embeddable":true,"href":"https:\/\/metlaninst.com\/fr\/wp-json\/wp\/v2\/media\/23249"}],"wp:attachment":[{"href":"https:\/\/metlaninst.com\/fr\/wp-json\/wp\/v2\/media?parent=23230"}],"wp:term":[{"taxonomy":"product_brand","embeddable":true,"href":"https:\/\/metlaninst.com\/fr\/wp-json\/wp\/v2\/product_brand?post=23230"},{"taxonomy":"product_cat","embeddable":true,"href":"https:\/\/metlaninst.com\/fr\/wp-json\/wp\/v2\/product_cat?post=23230"},{"taxonomy":"product_tag","embeddable":true,"href":"https:\/\/metlaninst.com\/fr\/wp-json\/wp\/v2\/product_tag?post=23230"}],"curies":[{"name":"wp","href":"https:\/\/api.w.org\/{rel}","templated":true}]}}