{"id":23234,"date":"2024-10-19T08:53:01","date_gmt":"2024-10-19T08:53:01","guid":{"rendered":"https:\/\/www.metlaninst.com\/?post_type=product&#038;p=23234"},"modified":"2025-02-02T04:02:56","modified_gmt":"2025-02-02T04:02:56","slug":"debitmetre-electromagnetique-pour-liquides-a-faible-conductivite-mtf-c","status":"publish","type":"product","link":"https:\/\/metlaninst.com\/fr\/p\/debitmetre-electromagnetique-pour-liquides-a-faible-conductivite-mtf-c\/","title":{"rendered":"D\u00e9bitm\u00e8tre \u00e9lectromagn\u00e9tique pour liquides \u00e0 faible conductivit\u00e9 (MTF-C)"},"content":{"rendered":"<div class=\"e-con-inner\">\n<div class=\"elementor-element e-con-full e-flex e-con e-child\">\n<div class=\"elementor-widget-container\">\n<h3 class=\"elementor-heading-title elementor-size-default\">Caract\u00e9ristiques :<\/h3>\n<\/div>\n<div class=\"elementor-widget-container\">\n<ol class=\"product-description-list\">\n<li>Disponible pour les liquides \u00e0 faible conductivit\u00e9 \u22653 \u03bcS\/cm.<\/li>\n<li>Large gamme de rev\u00eatements et de mat\u00e9riaux d'\u00e9lectrodes<\/li>\n<li>Les couleurs et l'aspect peuvent \u00eatre personnalis\u00e9s sur demande<\/li>\n<li>\u00c9galement disponible dans des constructions sp\u00e9cifiques au client<\/li>\n<li>Pas de pi\u00e8ces mobiles, pas d'usure, pas de perte de pression<\/li>\n<li>Mesures fiables avec une pr\u00e9cision constante<\/li>\n<li>Le principe de mesure est pratiquement ind\u00e9pendant de la pression, de la densit\u00e9, de la temp\u00e9rature et de la viscosit\u00e9.<\/li>\n<li>L'anglais, l'espagnol, le fran\u00e7ais et d'autres langues sur demande sont disponibles pour l'affichage LCD.<\/li>\n<li>Chaque d\u00e9bitm\u00e8tre est \u00e9talonn\u00e9 et re\u00e7oit un num\u00e9ro de s\u00e9rie unique correspondant \u00e0 toutes les donn\u00e9es d'\u00e9talonnage.<\/li>\n<\/ol>\n<\/div>\n<\/div>\n<div class=\"elementor-element e-con-full e-flex e-con e-child\">\n<div class=\"elementor-widget-container\">\n<h3 class=\"elementor-heading-title elementor-size-default\">Applications :<\/h3>\n<\/div>\n<div class=\"elementor-widget-container\">\n<h5 class=\"first\">G\u00e9n\u00e9ral<\/h5>\n<ul class=\"product-description-list\">\n<li style=\"list-style-type: none;\">\n<ul class=\"product-description-list\">\n<li>Applications avanc\u00e9es avec des milieux \u00e0 faible conductivit\u00e9 (\u22653 \u03bcS\/cm).<\/li>\n<li>Milieux agressifs et abrasifs<\/li>\n<\/ul>\n<\/li>\n<\/ul>\n<h5>Industrie chimique et autres industries de transformation<\/h5>\n<ul class=\"product-description-list\">\n<li style=\"list-style-type: none;\">\n<ul class=\"product-description-list\">\n<li>Dosage volum\u00e9trique pr\u00e9cis des additifs<\/li>\n<li>Liquides et boues corrosifs et abrasifs<\/li>\n<li>Dosage des adh\u00e9sifs et des produits fibreux<\/li>\n<li>Emulsions, y compris latex, peintures \u00e0 l'\u00e9mulsion, etc.<\/li>\n<li>(Bio-)alcools, spiritueux, glycols, glyc\u00e9rine<\/li>\n<li>Production biologique de masse<\/li>\n<li>Produits \u00e0 base d'huile<\/li>\n<\/ul>\n<\/li>\n<\/ul>\n<h5>Industrie alimentaire et des boissons<\/h5>\n<ul class=\"product-description-list\">\n<li style=\"list-style-type: none;\">\n<ul class=\"product-description-list\">\n<li>M\u00e9lange, dosage et dosage hygi\u00e9nique<\/li>\n<li>Produits gras et huileux (par exemple, huiles v\u00e9g\u00e9tales)<\/li>\n<li>Produits cr\u00e9meux et laitiers (par exemple, graisse, cr\u00e8me, lait, fromage, yaourt avec des particules de fruits)<\/li>\n<\/ul>\n<\/li>\n<\/ul>\n<h5>Industrie min\u00e9rale et mini\u00e8re<\/h5>\n<ul class=\"product-description-list\">\n<li style=\"list-style-type: none;\">\n<ul class=\"product-description-list\">\n<li>Fluides inhomog\u00e8nes et abrasifs<\/li>\n<li>Ciment et applications similaires<\/li>\n<\/ul>\n<\/li>\n<\/ul>\n<h5>Industrie de l'eau et des eaux us\u00e9es<\/h5>\n<ul class=\"product-description-list\">\n<li style=\"list-style-type: none;\">\n<ul class=\"product-description-list\">\n<li>Boues et eaux us\u00e9es<\/li>\n<li>Eau m\u00e9lang\u00e9e \u00e0 de la graisse, de l'huile et des graisses (par exemple, dans la co-digestion ana\u00e9robie)<\/li>\n<li>Irrigation<\/li>\n<\/ul>\n<\/li>\n<\/ul>\n<h5>Industrie du papier et de la p\u00e2te \u00e0 papier<\/h5>\n<ul class=\"product-description-list\">\n<li>Produits fibreux chimiquement agressifs<\/li>\n<li>Produits formant un film isolant les \u00e9lectrodes (verre soluble)<\/li>\n<\/ul>\n<\/div>\n<\/div>\n<\/div>","protected":false},"excerpt":{"rendered":"<div class=\"short-description-head\">MTF-C est un d\u00e9bitm\u00e8tre \u00e9lectromagn\u00e9tique destin\u00e9 \u00e0 mesurer les liquides \u00e0 tr\u00e8s faible conductivit\u00e9 (\u22653 \u03bcS\/cm). Ce d\u00e9bitm\u00e8tre est particuli\u00e8rement adapt\u00e9 aux applications avec des fluides adh\u00e9sifs et graisseux qui ont tendance \u00e0 former un film isolant.<\/div>","protected":false},"featured_media":23313,"template":"","meta":[],"product_brand":[],"product_cat":[118,166],"product_tag":[],"class_list":{"0":"post-23234","1":"product","2":"type-product","3":"status-publish","4":"has-post-thumbnail","6":"product_cat-magnetic-flow-meters","7":"product_cat-liquid-flow-meters","9":"first","10":"instock","11":"shipping-taxable","12":"purchasable","13":"product-type-simple"},"_links":{"self":[{"href":"https:\/\/metlaninst.com\/fr\/wp-json\/wp\/v2\/product\/23234","targetHints":{"allow":["GET"]}}],"collection":[{"href":"https:\/\/metlaninst.com\/fr\/wp-json\/wp\/v2\/product"}],"about":[{"href":"https:\/\/metlaninst.com\/fr\/wp-json\/wp\/v2\/types\/product"}],"version-history":[{"count":3,"href":"https:\/\/metlaninst.com\/fr\/wp-json\/wp\/v2\/product\/23234\/revisions"}],"predecessor-version":[{"id":26156,"href":"https:\/\/metlaninst.com\/fr\/wp-json\/wp\/v2\/product\/23234\/revisions\/26156"}],"wp:featuredmedia":[{"embeddable":true,"href":"https:\/\/metlaninst.com\/fr\/wp-json\/wp\/v2\/media\/23313"}],"wp:attachment":[{"href":"https:\/\/metlaninst.com\/fr\/wp-json\/wp\/v2\/media?parent=23234"}],"wp:term":[{"taxonomy":"product_brand","embeddable":true,"href":"https:\/\/metlaninst.com\/fr\/wp-json\/wp\/v2\/product_brand?post=23234"},{"taxonomy":"product_cat","embeddable":true,"href":"https:\/\/metlaninst.com\/fr\/wp-json\/wp\/v2\/product_cat?post=23234"},{"taxonomy":"product_tag","embeddable":true,"href":"https:\/\/metlaninst.com\/fr\/wp-json\/wp\/v2\/product_tag?post=23234"}],"curies":[{"name":"wp","href":"https:\/\/api.w.org\/{rel}","templated":true}]}}