{"id":23332,"date":"2024-11-10T06:07:02","date_gmt":"2024-11-10T06:07:02","guid":{"rendered":"https:\/\/www.metlaninst.com\/?post_type=product&#038;p=23332"},"modified":"2025-04-25T09:25:05","modified_gmt":"2025-04-25T09:25:05","slug":"debitmetres-massiques-a-effet-coriolis-pour-les-applications-de-procedes-avances-masse-a","status":"publish","type":"product","link":"https:\/\/metlaninst.com\/fr\/p\/debitmetres-massiques-a-effet-coriolis-pour-les-applications-de-procedes-avances-masse-a\/","title":{"rendered":"D\u00e9bitm\u00e8tres massiques \u00e0 effet Coriolis pour les applications de proc\u00e9d\u00e9s avanc\u00e9s (MASS-A)"},"content":{"rendered":"<div class=\"e-con-inner\">\n<div class=\"elementor-element e-con-full e-flex e-con e-child\">\n<div class=\"elementor-widget-container\">\n<h3 class=\"elementor-heading-title elementor-size-default\">Caract\u00e9ristiques :<\/h3>\n<\/div>\n<div class=\"elementor-widget-container\">\n<ol class=\"product-description-list\">\n<li>Certifi\u00e9 pour une utilisation hygi\u00e9nique<\/li>\n<li>Soutien aux proc\u00e9dures de nettoyage CIP ou SIP<\/li>\n<li>Mesure de haute pr\u00e9cision de la masse, de la densit\u00e9 et du d\u00e9bit volumique<\/li>\n<li>\u00c9galement disponible dans des constructions sp\u00e9cifiques au client<\/li>\n<li>L'anglais, l'espagnol, le fran\u00e7ais et d'autres langues sur demande sont disponibles pour l'affichage LCD.<\/li>\n<li>Chaque d\u00e9bitm\u00e8tre est \u00e9talonn\u00e9 et re\u00e7oit un num\u00e9ro de s\u00e9rie unique correspondant \u00e0 toutes les donn\u00e9es d'\u00e9talonnage.<\/li>\n<\/ol>\n<\/div>\n<\/div>\n<div class=\"elementor-element e-con-full e-flex e-con e-child\">\n<div class=\"elementor-widget-container\">\n<h3 class=\"elementor-heading-title elementor-size-default\">Applications :<\/h3>\n<\/div>\n<div class=\"elementor-widget-container\">\n<h5 class=\"first\">G\u00e9n\u00e9ral<\/h5>\n<ul class=\"product-description-list\">\n<li style=\"list-style-type: none;\">\n<ul class=\"product-description-list\">\n<li>Mesure des liquides, des gaz et des liquides entra\u00een\u00e9s par le gaz<\/li>\n<li>Produits tr\u00e8s agressifs, hautement corrosifs ou sensibles au cisaillement<\/li>\n<li>Produits n\u00e9cessitant une faible vitesse d'\u00e9coulement<\/li>\n<li>M\u00e9langes non homog\u00e8nes<\/li>\n<li>Boues ou produits contenant des solides entra\u00een\u00e9s<\/li>\n<li>Transfert de garde (comptage fiscal)<\/li>\n<\/ul>\n<\/li>\n<\/ul>\n<h5>Industrie chimique et autres industries de transformation<\/h5>\n<ul class=\"product-description-list\">\n<li style=\"list-style-type: none;\">\n<ul class=\"product-description-list\">\n<li>Mesure de la concentration, de la densit\u00e9<\/li>\n<li>Chargement en vrac<\/li>\n<li>Mise en lots vers les r\u00e9acteurs<\/li>\n<li>Acides, bases, phosg\u00e8ne et autres substances chlor\u00e9es, substances sulfuriques<\/li>\n<\/ul>\n<\/li>\n<\/ul>\n<h5>Industrie alimentaire et des boissons<\/h5>\n<ul class=\"product-description-list\">\n<li style=\"list-style-type: none;\">\n<ul class=\"product-description-list\">\n<li>M\u00e9lange, dosage, remplissage<\/li>\n<li>Mesure du d\u00e9bit, de la densit\u00e9 et de la gravit\u00e9 sp\u00e9cifique dans les processus de brassage<\/li>\n<li>Dosage de l'extrait de houblon<\/li>\n<li>Processus de r\u00e9ception, de dosage et de s\u00e9paration du lait dans les laiteries<\/li>\n<li>Mesure de la valeur Brix, de la densit\u00e9 et du d\u00e9bit dans les jus de fruits<\/li>\n<li>Produits huileux et gras (par exemple, m\u00e9langes cr\u00e9meux d'\u00e9pinards, etc.)<\/li>\n<li>Chocolat liquide, miel, marmelade, sirop, cr\u00e8me glac\u00e9e, etc.<\/li>\n<li>Injection de CO2<\/li>\n<li>Boissons alcoolis\u00e9es (whisky, vin, vodka, etc.)<\/li>\n<\/ul>\n<\/li>\n<\/ul>\n<h5>Industrie pharmaceutique<\/h5>\n<ul class=\"product-description-list\">\n<li style=\"list-style-type: none;\">\n<ul class=\"product-description-list\">\n<li>M\u00e9lange, dosage, remplissage<\/li>\n<li>Extraction par solvant<\/li>\n<\/ul>\n<\/li>\n<\/ul>\n<h5>Industrie p\u00e9troli\u00e8re et gazi\u00e8re<\/h5>\n<ul class=\"product-description-list\">\n<li style=\"list-style-type: none;\">\n<ul class=\"product-description-list\">\n<li>Skids de comptage, chargement de vrac et de citernes, transfert par pipeline, mesure de densit\u00e9 en ligne<\/li>\n<li>Hydrocarbures liquides, gaz liqu\u00e9fi\u00e9s (propane, etc.)<\/li>\n<\/ul>\n<\/li>\n<\/ul>\n<h5>Industrie du papier et de la p\u00e2te \u00e0 papier<\/h5>\n<ul class=\"product-description-list\">\n<li style=\"list-style-type: none;\">\n<ul class=\"product-description-list\">\n<li>Papier de base, p\u00e2te \u00e0 papier<\/li>\n<li>Cuisines de rev\u00eatement<\/li>\n<\/ul>\n<\/li>\n<\/ul>\n<h5>Industrie de l'eau et des eaux us\u00e9es<\/h5>\n<ul class=\"product-description-list\">\n<li>Dosage des floculants<\/li>\n<li>Mesure du d\u00e9bit et de la densit\u00e9 des boues<\/li>\n<\/ul>\n<\/div>\n<\/div>\n<\/div>","protected":false},"excerpt":{"rendered":"<div class=\"short-description-head\">Le MASS-A est un d\u00e9bitm\u00e8tre massique \u00e0 effet Coriolis haut de gamme destin\u00e9 aux applications exigeantes de traitement et de transfert de garde (CT). C'est la solution id\u00e9ale pour mesurer avec une grande pr\u00e9cision les gaz et les liquides sensibles au cisaillement ou visqueux, les boues, les fluides tr\u00e8s agressifs ou les fluides \u00e0 faible vitesse d'\u00e9coulement.<\/div>","protected":false},"featured_media":23344,"template":"","meta":[],"product_brand":[],"product_cat":[171,15],"product_tag":[],"class_list":{"0":"post-23332","1":"product","2":"type-product","3":"status-publish","4":"has-post-thumbnail","6":"product_cat-coriolis-flow-meters","7":"product_cat-uncategorized","9":"first","10":"instock","11":"shipping-taxable","12":"purchasable","13":"product-type-simple"},"_links":{"self":[{"href":"https:\/\/metlaninst.com\/fr\/wp-json\/wp\/v2\/product\/23332","targetHints":{"allow":["GET"]}}],"collection":[{"href":"https:\/\/metlaninst.com\/fr\/wp-json\/wp\/v2\/product"}],"about":[{"href":"https:\/\/metlaninst.com\/fr\/wp-json\/wp\/v2\/types\/product"}],"version-history":[{"count":3,"href":"https:\/\/metlaninst.com\/fr\/wp-json\/wp\/v2\/product\/23332\/revisions"}],"predecessor-version":[{"id":26152,"href":"https:\/\/metlaninst.com\/fr\/wp-json\/wp\/v2\/product\/23332\/revisions\/26152"}],"wp:featuredmedia":[{"embeddable":true,"href":"https:\/\/metlaninst.com\/fr\/wp-json\/wp\/v2\/media\/23344"}],"wp:attachment":[{"href":"https:\/\/metlaninst.com\/fr\/wp-json\/wp\/v2\/media?parent=23332"}],"wp:term":[{"taxonomy":"product_brand","embeddable":true,"href":"https:\/\/metlaninst.com\/fr\/wp-json\/wp\/v2\/product_brand?post=23332"},{"taxonomy":"product_cat","embeddable":true,"href":"https:\/\/metlaninst.com\/fr\/wp-json\/wp\/v2\/product_cat?post=23332"},{"taxonomy":"product_tag","embeddable":true,"href":"https:\/\/metlaninst.com\/fr\/wp-json\/wp\/v2\/product_tag?post=23332"}],"curies":[{"name":"wp","href":"https:\/\/api.w.org\/{rel}","templated":true}]}}