{"id":23336,"date":"2024-11-09T06:37:56","date_gmt":"2024-11-09T06:37:56","guid":{"rendered":"https:\/\/www.metlaninst.com\/?post_type=product&#038;p=23336"},"modified":"2025-04-25T09:25:23","modified_gmt":"2025-04-25T09:25:23","slug":"debitmetres-massiques-a-effet-coriolis-pour-les-applications-a-faible-debit-et-de-dosage-masse-l","status":"publish","type":"product","link":"https:\/\/metlaninst.com\/fr\/p\/debitmetres-massiques-a-effet-coriolis-pour-les-applications-a-faible-debit-et-de-dosage-masse-l\/","title":{"rendered":"D\u00e9bitm\u00e8tres massiques Coriolis pour les applications \u00e0 faible d\u00e9bit et de dosage (MASS-L)"},"content":{"rendered":"<div class=\"e-con-inner\">\n<div class=\"elementor-element e-con-full e-flex e-con e-child\">\n<div class=\"elementor-widget-container\">\n<h3 class=\"elementor-heading-title elementor-size-default\">Caract\u00e9ristiques :<\/h3>\n<\/div>\n<div class=\"elementor-widget-container\">\n<ol class=\"product-description-list\">\n<li>Certifi\u00e9 pour une utilisation hygi\u00e9nique<\/li>\n<li>Soutien aux proc\u00e9dures de nettoyage CIP ou SIP<\/li>\n<li>Parfait pour les applications \u00e0 faible d\u00e9bit<\/li>\n<li>Mesure de haute pr\u00e9cision de la masse, de la densit\u00e9 et du d\u00e9bit volumique<\/li>\n<li>\u00c9galement disponible dans des constructions sp\u00e9cifiques au client<\/li>\n<li>L'anglais, l'espagnol, le fran\u00e7ais et d'autres langues sur demande sont disponibles pour l'affichage LCD.<\/li>\n<li>Chaque d\u00e9bitm\u00e8tre est \u00e9talonn\u00e9 et re\u00e7oit un num\u00e9ro de s\u00e9rie unique correspondant \u00e0 toutes les donn\u00e9es d'\u00e9talonnage.<\/li>\n<\/ol>\n<\/div>\n<\/div>\n<div class=\"elementor-element e-con-full e-flex e-con e-child\">\n<div class=\"elementor-widget-container\">\n<h3 class=\"elementor-heading-title elementor-size-default\">Applications :<\/h3>\n<\/div>\n<div class=\"elementor-widget-container\">\n<h5 class=\"first\">G\u00e9n\u00e9ral<\/h5>\n<ul class=\"product-description-list\">\n<li style=\"list-style-type: none;\">\n<ul class=\"product-description-list\">\n<li>Applications de dosage et de remplissage \u00e0 tr\u00e8s faible d\u00e9bit<\/li>\n<li>Mesure des liquides, des gaz et des liquides entra\u00een\u00e9s par le gaz<\/li>\n<\/ul>\n<\/li>\n<\/ul>\n<h5>Industrie p\u00e9troli\u00e8re et gazi\u00e8re<\/h5>\n<ul class=\"product-description-list\">\n<li style=\"list-style-type: none;\">\n<ul class=\"product-description-list\">\n<li>Odorisation du gaz naturel et du propane<\/li>\n<li>Injection de produits chimiques<\/li>\n<\/ul>\n<\/li>\n<\/ul>\n<h5>Industrie chimique et autres industries de transformation<\/h5>\n<ul class=\"product-description-list\">\n<li style=\"list-style-type: none;\">\n<ul class=\"product-description-list\">\n<li>Mesure de la concentration et de la densit\u00e9 de faibles volumes<\/li>\n<li>Mise en lots vers les r\u00e9acteurs<\/li>\n<\/ul>\n<\/li>\n<\/ul>\n<h5>Industrie pharmaceutique<\/h5>\n<ul class=\"product-description-list\">\n<li style=\"list-style-type: none;\">\n<ul class=\"product-description-list\">\n<li>Distribution de parfums et rev\u00eatements de haute pr\u00e9cision<\/li>\n<li>Dosage des ingr\u00e9dients<\/li>\n<\/ul>\n<\/li>\n<\/ul>\n<h5>Industrie alimentaire et des boissons<\/h5>\n<ul class=\"product-description-list\">\n<li style=\"list-style-type: none;\">\n<ul class=\"product-description-list\">\n<li>Injection et dosage de CO2<\/li>\n<\/ul>\n<\/li>\n<\/ul>\n<h5>Machines et appareils (industrie OEM)<\/h5>\n<ul class=\"product-description-list\">\n<li style=\"list-style-type: none;\">\n<ul class=\"product-description-list\">\n<li>Bancs d'essai de moteurs (par exemple dans l'industrie automobile)<\/li>\n<\/ul>\n<\/li>\n<\/ul>\n<h5>Industrie du papier et de la p\u00e2te \u00e0 papier<\/h5>\n<ul class=\"product-description-list\">\n<li>Additifs, agents de blanchiment et colorants<\/li>\n<\/ul>\n<\/div>\n<\/div>\n<\/div>","protected":false},"excerpt":{"rendered":"<div class=\"short-description-head\">Le MASS-L est un d\u00e9bitm\u00e8tre massique \u00e0 effet Coriolis \u00e9conomique qui permet de mesurer avec pr\u00e9cision le d\u00e9bit de liquides et de gaz dans une vari\u00e9t\u00e9 d'applications exigeantes \u00e0 faible d\u00e9bit et de dosage. Ce d\u00e9bitm\u00e8tre est \u00e9galement certifi\u00e9 pour une utilisation hygi\u00e9nique, supportant les proc\u00e9dures de nettoyage CIP\/SIP.<\/div>","protected":false},"featured_media":23346,"template":"","meta":[],"product_brand":[],"product_cat":[171,15],"product_tag":[],"class_list":{"0":"post-23336","1":"product","2":"type-product","3":"status-publish","4":"has-post-thumbnail","6":"product_cat-coriolis-flow-meters","7":"product_cat-uncategorized","9":"first","10":"instock","11":"shipping-taxable","12":"purchasable","13":"product-type-simple"},"_links":{"self":[{"href":"https:\/\/metlaninst.com\/fr\/wp-json\/wp\/v2\/product\/23336","targetHints":{"allow":["GET"]}}],"collection":[{"href":"https:\/\/metlaninst.com\/fr\/wp-json\/wp\/v2\/product"}],"about":[{"href":"https:\/\/metlaninst.com\/fr\/wp-json\/wp\/v2\/types\/product"}],"version-history":[{"count":2,"href":"https:\/\/metlaninst.com\/fr\/wp-json\/wp\/v2\/product\/23336\/revisions"}],"predecessor-version":[{"id":26154,"href":"https:\/\/metlaninst.com\/fr\/wp-json\/wp\/v2\/product\/23336\/revisions\/26154"}],"wp:featuredmedia":[{"embeddable":true,"href":"https:\/\/metlaninst.com\/fr\/wp-json\/wp\/v2\/media\/23346"}],"wp:attachment":[{"href":"https:\/\/metlaninst.com\/fr\/wp-json\/wp\/v2\/media?parent=23336"}],"wp:term":[{"taxonomy":"product_brand","embeddable":true,"href":"https:\/\/metlaninst.com\/fr\/wp-json\/wp\/v2\/product_brand?post=23336"},{"taxonomy":"product_cat","embeddable":true,"href":"https:\/\/metlaninst.com\/fr\/wp-json\/wp\/v2\/product_cat?post=23336"},{"taxonomy":"product_tag","embeddable":true,"href":"https:\/\/metlaninst.com\/fr\/wp-json\/wp\/v2\/product_tag?post=23336"}],"curies":[{"name":"wp","href":"https:\/\/api.w.org\/{rel}","templated":true}]}}