{"id":23340,"date":"2024-11-08T06:45:44","date_gmt":"2024-11-08T06:45:44","guid":{"rendered":"https:\/\/www.metlaninst.com\/?post_type=product&#038;p=23340"},"modified":"2025-04-25T09:25:36","modified_gmt":"2025-04-25T09:25:36","slug":"debitmetres-massiques-a-effet-coriolis-pour-applications-cryogeniques-masse-c","status":"publish","type":"product","link":"https:\/\/metlaninst.com\/fr\/p\/debitmetres-massiques-a-effet-coriolis-pour-applications-cryogeniques-masse-c\/","title":{"rendered":"D\u00e9bitm\u00e8tres massiques \u00e0 effet Coriolis pour applications cryog\u00e9niques (MASS-C)"},"content":{"rendered":"<div class=\"e-con-inner\">\n<div class=\"elementor-element e-con-full e-flex e-con e-child\">\n<div class=\"elementor-widget-container\">\n<h3 class=\"elementor-heading-title elementor-size-default\">Caract\u00e9ristiques :<\/h3>\n<\/div>\n<div class=\"elementor-widget-container\">\n<ol class=\"product-description-list\">\n<li>Con\u00e7u pour les m\u00e9langes cryog\u00e9niques tels que le GNL avec des temp\u00e9ratures allant jusqu'\u00e0 -200\u00b0C \/ -328\u00b0F<\/li>\n<li>Adapt\u00e9 \u00e0 l'utilisation dans les syst\u00e8mes instrument\u00e9s de s\u00e9curit\u00e9<\/li>\n<li>Mesure de haute pr\u00e9cision de la masse, de la densit\u00e9 et du d\u00e9bit volumique<\/li>\n<li>\u00c9galement disponible dans des constructions sp\u00e9cifiques au client<\/li>\n<li>L'anglais, l'espagnol, le fran\u00e7ais et d'autres langues sur demande sont disponibles pour l'affichage LCD.<\/li>\n<li>Chaque d\u00e9bitm\u00e8tre est \u00e9talonn\u00e9 et re\u00e7oit un num\u00e9ro de s\u00e9rie unique correspondant \u00e0 toutes les donn\u00e9es d'\u00e9talonnage.<\/li>\n<\/ol>\n<\/div>\n<\/div>\n<div class=\"elementor-element e-con-full e-flex e-con e-child\">\n<div class=\"elementor-widget-container\">\n<h3 class=\"elementor-heading-title elementor-size-default\">Applications :<\/h3>\n<\/div>\n<div class=\"elementor-widget-container\">\n<h5 class=\"first\">G\u00e9n\u00e9ral<\/h5>\n<ul class=\"product-description-list\">\n<li style=\"list-style-type: none;\">\n<ul class=\"product-description-list\">\n<li>Temp\u00e9ratures cryog\u00e9niques jusqu'\u00e0 -200\u00b0C \/ -328\u00b0F<\/li>\n<li>Gaz super critiques<\/li>\n<li>Transfert de garde (CT)<\/li>\n<li>Syst\u00e8mes instrument\u00e9s de s\u00e9curit\u00e9<\/li>\n<\/ul>\n<\/li>\n<\/ul>\n<h5>Industrie chimique et autres industries de transformation<\/h5>\n<ul class=\"product-description-list\">\n<li style=\"list-style-type: none;\">\n<ul class=\"product-description-list\">\n<li>Mesure de la concentration et de la densit\u00e9<\/li>\n<li>Chargement en vrac<\/li>\n<li>Dosage et m\u00e9lange dans les r\u00e9acteurs<\/li>\n<li>Craquage des hydrocarbures<\/li>\n<\/ul>\n<\/li>\n<\/ul>\n<h5>Industrie p\u00e9troli\u00e8re et gazi\u00e8re<\/h5>\n<ul class=\"product-description-list\">\n<li style=\"list-style-type: none;\">\n<ul class=\"product-description-list\">\n<li>Skids de comptage, chargement en vrac, transfert par pipeline<\/li>\n<li>Gaz naturel liqu\u00e9fi\u00e9 (GNL)<\/li>\n<li>Chargement en vrac<\/li>\n<li>Mesure multiphasique dans les applications en amont<\/li>\n<\/ul>\n<\/li>\n<\/ul>\n<h5>Industrie alimentaire et des boissons<\/h5>\n<ul class=\"product-description-list\">\n<li style=\"list-style-type: none;\">\n<ul class=\"product-description-list\">\n<li>M\u00e9lange, dosage, remplissage<\/li>\n<li>Mesure du d\u00e9bit massique de la cr\u00e8me glac\u00e9e et du lait<\/li>\n<li>Mesure du d\u00e9bit, de la densit\u00e9 et de la gravit\u00e9 sp\u00e9cifique dans les processus de brassage<\/li>\n<li>Dosage de l'extrait de houblon<\/li>\n<li>Mesure de la valeur Brix, de la densit\u00e9 et du d\u00e9bit dans les jus de fruits<\/li>\n<li>Dosage d'huiles naturelles, de graisses, de l\u00e9gumes (\u00e9pinards par exemple), etc.<\/li>\n<li>Injection de CO2 dans la production de boissons rafra\u00eechissantes<\/li>\n<\/ul>\n<\/li>\n<\/ul>\n<h5>Industrie pharmaceutique<\/h5>\n<ul class=\"product-description-list\">\n<li style=\"list-style-type: none;\">\n<ul class=\"product-description-list\">\n<li>M\u00e9lange, dosage, remplissage<\/li>\n<li>Extraction par solvant<\/li>\n<\/ul>\n<\/li>\n<\/ul>\n<h5>Industrie maritime<\/h5>\n<ul class=\"product-description-list\">\n<li style=\"list-style-type: none;\">\n<ul class=\"product-description-list\">\n<li>Mesure de l'avitaillement et de la consommation de carburant<\/li>\n<\/ul>\n<\/li>\n<\/ul>\n<h5>Industrie du papier et de la p\u00e2te \u00e0 papier<\/h5>\n<ul class=\"product-description-list\">\n<li>Additifs, agents de blanchiment et colorants<\/li>\n<li>Produits cristallisants, solidifiants et cryog\u00e9niques<\/li>\n<\/ul>\n<\/div>\n<\/div>\n<\/div>","protected":false},"excerpt":{"rendered":"<div class=\"short-description-head\">Le MASS-C est le d\u00e9bitm\u00e8tre massique Coriolis standard \u00e0 haute performance pour l'industrie des proc\u00e9d\u00e9s. C'est l'appareil optimal pour les fluides cryog\u00e9niques comme le gaz naturel liqu\u00e9fi\u00e9 (GNL) avec des temp\u00e9ratures allant jusqu'\u00e0 -200\u00b0C \/ -328\u00b0F.<\/div>","protected":false},"featured_media":23345,"template":"","meta":[],"product_brand":[],"product_cat":[171,15],"product_tag":[],"class_list":{"0":"post-23340","1":"product","2":"type-product","3":"status-publish","4":"has-post-thumbnail","6":"product_cat-coriolis-flow-meters","7":"product_cat-uncategorized","9":"first","10":"instock","11":"shipping-taxable","12":"purchasable","13":"product-type-simple"},"_links":{"self":[{"href":"https:\/\/metlaninst.com\/fr\/wp-json\/wp\/v2\/product\/23340","targetHints":{"allow":["GET"]}}],"collection":[{"href":"https:\/\/metlaninst.com\/fr\/wp-json\/wp\/v2\/product"}],"about":[{"href":"https:\/\/metlaninst.com\/fr\/wp-json\/wp\/v2\/types\/product"}],"version-history":[{"count":2,"href":"https:\/\/metlaninst.com\/fr\/wp-json\/wp\/v2\/product\/23340\/revisions"}],"predecessor-version":[{"id":26155,"href":"https:\/\/metlaninst.com\/fr\/wp-json\/wp\/v2\/product\/23340\/revisions\/26155"}],"wp:featuredmedia":[{"embeddable":true,"href":"https:\/\/metlaninst.com\/fr\/wp-json\/wp\/v2\/media\/23345"}],"wp:attachment":[{"href":"https:\/\/metlaninst.com\/fr\/wp-json\/wp\/v2\/media?parent=23340"}],"wp:term":[{"taxonomy":"product_brand","embeddable":true,"href":"https:\/\/metlaninst.com\/fr\/wp-json\/wp\/v2\/product_brand?post=23340"},{"taxonomy":"product_cat","embeddable":true,"href":"https:\/\/metlaninst.com\/fr\/wp-json\/wp\/v2\/product_cat?post=23340"},{"taxonomy":"product_tag","embeddable":true,"href":"https:\/\/metlaninst.com\/fr\/wp-json\/wp\/v2\/product_tag?post=23340"}],"curies":[{"name":"wp","href":"https:\/\/api.w.org\/{rel}","templated":true}]}}