{"id":25448,"date":"2024-12-15T05:03:38","date_gmt":"2024-12-15T05:03:38","guid":{"rendered":"https:\/\/www.metlaninst.com\/?post_type=product&#038;p=25448"},"modified":"2025-02-02T03:52:06","modified_gmt":"2025-02-02T03:52:06","slug":"debitmetre-vortex-pour-haute-pression-lugbmt-p","status":"publish","type":"product","link":"https:\/\/metlaninst.com\/fr\/p\/debitmetre-vortex-pour-haute-pression-lugbmt-p\/","title":{"rendered":"D\u00e9bitm\u00e8tre \u00e0 vortex pour haute pression (LUGBMT-P)"},"content":{"rendered":"<div class=\"e-con-inner\">\n<div class=\"elementor-element e-con-full e-flex e-con e-child\">\n<div class=\"elementor-widget-container\">\n<h3 class=\"elementor-heading-title elementor-size-default\">Caract\u00e9ristiques :<\/h3>\n<\/div>\n<div class=\"elementor-widget-container\">\n<ol>\n<li data-zone-id=\"0\" data-line-index=\"0\" data-line=\"true\">Le sp\u00e9cialiste des applications \u00e0 haute pression de processus jusqu'\u00e0 250 bars (3625.95 psi)<\/li>\n<li data-zone-id=\"0\" data-line-index=\"1\" data-line=\"true\">Les couleurs et l'aspect peuvent \u00eatre personnalis\u00e9s sur demande<b><\/b><\/li>\n<li data-zone-id=\"0\" data-line-index=\"2\" data-line=\"true\">\u00c9galement disponible dans des constructions sp\u00e9cifiques au client<\/li>\n<li data-zone-id=\"0\" data-line-index=\"3\" data-line=\"true\">L'anglais, l'espagnol, le fran\u00e7ais et d'autres langues sur demande sont disponibles pour l'affichage LCD.<\/li>\n<li data-zone-id=\"0\" data-line-index=\"4\" data-line=\"true\">Chaque d\u00e9bitm\u00e8tre est \u00e9talonn\u00e9 et re\u00e7oit un num\u00e9ro de s\u00e9rie unique correspondant \u00e0 toutes les donn\u00e9es d'\u00e9talonnage.<\/li>\n<\/ol>\n<\/div>\n<\/div>\n<div class=\"elementor-element e-con-full e-flex e-con e-child\">\n<div class=\"elementor-widget-container\">\n<h3 class=\"elementor-heading-title elementor-size-default\">Applications :<\/h3>\n<\/div>\n<div class=\"elementor-widget-container\">\n<h5 class=\"first\">G\u00e9n\u00e9ral<\/h5>\n<div>\n<ul>\n<li data-zone-id=\"0\" data-line-index=\"0\" data-line=\"true\">Convient aux applications \u00e0 haute pression avec des gaz et de la vapeur<\/li>\n<li data-zone-id=\"0\" data-line-index=\"0\" data-line=\"true\">Mesure int\u00e9gr\u00e9e pour le contr\u00f4le de la temp\u00e9rature et de la pression dans les syst\u00e8mes de traitement<\/li>\n<li data-zone-id=\"0\" data-line-index=\"0\" data-line=\"true\">Surveillance des processus de vapeur et de gaz avec une grande pr\u00e9cision<\/li>\n<\/ul>\n<\/div>\n<h5>P\u00e9trole et gaz, produits chimiques<\/h5>\n<div>\n<ul>\n<li data-zone-id=\"0\" data-line-index=\"0\" data-line=\"true\">Surveillance des gaz de proc\u00e9d\u00e9 et de la vapeur sous haute pression<\/li>\n<li data-zone-id=\"0\" data-line-index=\"0\" data-line=\"true\">Mesure de la vapeur dans les raffineries et les usines p\u00e9trochimiques<\/li>\n<\/ul>\n<\/div>\n<h5>Industrie de l'\u00e9nergie<\/h5>\n<div>\n<ul>\n<li data-zone-id=\"0\" data-line-index=\"0\" data-line=\"true\">Contr\u00f4le de la vapeur et des condensats dans les centrales \u00e9lectriques conventionnelles et renouvelables<\/li>\n<\/ul>\n<\/div>\n<h5>Industrie sid\u00e9rurgique et m\u00e9tallurgique<\/h5>\n<ul>\n<li>Mesure de la vapeur dans les processus de refroidissement<\/li>\n<\/ul>\n<h5>Marine et offshore<\/h5>\n<ul>\n<li>Gestion de la vapeur dans les applications marines, adapt\u00e9e aux environnements difficiles<\/li>\n<\/ul>\n<\/div>\n<\/div>\n<\/div>","protected":false},"excerpt":{"rendered":"<div class=\"short-description-head\">\n<div data-zone-id=\"0\" data-line-index=\"0\" data-line=\"true\">Le LUGBMT-P est un d\u00e9bitm\u00e8tre \u00e0 effet Vortex pour les conduites \u00e0 haute pression jusqu'\u00e0 250 bar (3625.95 psi). Ce d\u00e9bitm\u00e8tre est id\u00e9al pour un contr\u00f4le fiable des processus dans les applications exigeantes de gaz et de vapeur \u00e0 haute pression.<\/div>\n<\/div>","protected":false},"featured_media":25452,"template":"","meta":[],"product_brand":[],"product_cat":[121,208,205,164,166],"product_tag":[],"class_list":{"0":"post-25448","1":"product","2":"type-product","3":"status-publish","4":"has-post-thumbnail","6":"product_cat-vortex-flow-meters","7":"product_cat-gas-flow-meters","8":"product_cat-steam-flow-meters","9":"product_cat-air-flow-meters","10":"product_cat-liquid-flow-meters","12":"first","13":"instock","14":"shipping-taxable","15":"purchasable","16":"product-type-simple"},"_links":{"self":[{"href":"https:\/\/metlaninst.com\/fr\/wp-json\/wp\/v2\/product\/25448","targetHints":{"allow":["GET"]}}],"collection":[{"href":"https:\/\/metlaninst.com\/fr\/wp-json\/wp\/v2\/product"}],"about":[{"href":"https:\/\/metlaninst.com\/fr\/wp-json\/wp\/v2\/types\/product"}],"version-history":[{"count":1,"href":"https:\/\/metlaninst.com\/fr\/wp-json\/wp\/v2\/product\/25448\/revisions"}],"predecessor-version":[{"id":25457,"href":"https:\/\/metlaninst.com\/fr\/wp-json\/wp\/v2\/product\/25448\/revisions\/25457"}],"wp:featuredmedia":[{"embeddable":true,"href":"https:\/\/metlaninst.com\/fr\/wp-json\/wp\/v2\/media\/25452"}],"wp:attachment":[{"href":"https:\/\/metlaninst.com\/fr\/wp-json\/wp\/v2\/media?parent=25448"}],"wp:term":[{"taxonomy":"product_brand","embeddable":true,"href":"https:\/\/metlaninst.com\/fr\/wp-json\/wp\/v2\/product_brand?post=25448"},{"taxonomy":"product_cat","embeddable":true,"href":"https:\/\/metlaninst.com\/fr\/wp-json\/wp\/v2\/product_cat?post=25448"},{"taxonomy":"product_tag","embeddable":true,"href":"https:\/\/metlaninst.com\/fr\/wp-json\/wp\/v2\/product_tag?post=25448"}],"curies":[{"name":"wp","href":"https:\/\/api.w.org\/{rel}","templated":true}]}}