{"id":25462,"date":"2024-12-25T05:56:08","date_gmt":"2024-12-25T05:56:08","guid":{"rendered":"https:\/\/www.metlaninst.com\/?post_type=product&#038;p=25462"},"modified":"2025-02-02T03:46:16","modified_gmt":"2025-02-02T03:46:16","slug":"debitmetres-vortex-lugbmt-100","status":"publish","type":"product","link":"https:\/\/metlaninst.com\/fr\/p\/debitmetres-vortex-lugbmt-100\/","title":{"rendered":"D\u00e9bitm\u00e8tres \u00e0 vortex (LUGBMT-100)"},"content":{"rendered":"<div class=\"e-con-inner\">\n<div class=\"elementor-element e-con-full e-flex e-con e-child\">\n<div class=\"elementor-widget-container\">\n<h3 class=\"elementor-heading-title elementor-size-default\">Caract\u00e9ristiques :<\/h3>\n<\/div>\n<div class=\"elementor-widget-container\">\n<ol>\n<li data-zone-id=\"0\" data-line-index=\"0\" data-line=\"true\">Versions haute temp\u00e9rature et haute pression disponibles<\/li>\n<li data-zone-id=\"0\" data-line-index=\"1\" data-line=\"true\">Les couleurs et l'aspect peuvent \u00eatre personnalis\u00e9s sur demande<b><\/b><\/li>\n<li data-zone-id=\"0\" data-line-index=\"2\" data-line=\"true\">\u00c9galement disponible dans des constructions sp\u00e9cifiques au client<\/li>\n<li data-zone-id=\"0\" data-line-index=\"3\" data-line=\"true\">L'anglais, l'espagnol, le fran\u00e7ais et d'autres langues sur demande sont disponibles pour l'affichage LCD.<\/li>\n<li data-zone-id=\"0\" data-line-index=\"4\" data-line=\"true\">Chaque d\u00e9bitm\u00e8tre est \u00e9talonn\u00e9 et re\u00e7oit un num\u00e9ro de s\u00e9rie unique correspondant \u00e0 toutes les donn\u00e9es d'\u00e9talonnage.<\/li>\n<\/ol>\n<\/div>\n<\/div>\n<div class=\"elementor-element e-con-full e-flex e-con e-child\">\n<div class=\"elementor-widget-container\">\n<h3 class=\"elementor-heading-title elementor-size-default\">Applications :<\/h3>\n<\/div>\n<div class=\"elementor-widget-container\">\n<h5 class=\"first\">G\u00e9n\u00e9ral<\/h5>\n<div>\n<ul>\n<li data-zone-id=\"0\" data-line-index=\"0\" data-line=\"true\">Applications utilitaires : Distribution d'\u00e9nergie dans les circuits auxiliaires et d'alimentation<\/li>\n<li data-zone-id=\"0\" data-line-index=\"0\" data-line=\"true\">Mesure des liquides (non) conducteurs, des gaz, de la vapeur satur\u00e9e et surchauff\u00e9e<\/li>\n<li data-zone-id=\"0\" data-line-index=\"0\" data-line=\"true\">Mesure de la chaleur brute\/net de la vapeur et de l'eau chaude<\/li>\n<li data-zone-id=\"0\" data-line-index=\"0\" data-line=\"true\">Mesure de la consommation de gaz industriels (gaz naturel, azote, etc.)<\/li>\n<li data-zone-id=\"0\" data-line-index=\"0\" data-line=\"true\">Mesure de la consommation dans les syst\u00e8mes d'air comprim\u00e9<\/li>\n<\/ul>\n<\/div>\n<h5>Industrie chimique et autres industries de transformation<\/h5>\n<div>\n<ul>\n<li data-zone-id=\"0\" data-line-index=\"0\" data-line=\"true\">Hydrocarbures, huiles thermiques, etc.<\/li>\n<li data-zone-id=\"0\" data-line-index=\"0\" data-line=\"true\">Solvants<\/li>\n<li data-zone-id=\"0\" data-line-index=\"0\" data-line=\"true\">Eau dessal\u00e9e<\/li>\n<li data-zone-id=\"0\" data-line-index=\"0\" data-line=\"true\">Gaz, gaz de soudage, vapeur<\/li>\n<li data-zone-id=\"0\" data-line-index=\"0\" data-line=\"true\">Produits p\u00e9trochimiques (benz\u00e8ne, \u00e9thyl\u00e8ne, etc.)<\/li>\n<\/ul>\n<\/div>\n<h5>Industrie sid\u00e9rurgique et m\u00e9tallurgique<\/h5>\n<div>\n<ul>\n<li data-zone-id=\"0\" data-line-index=\"0\" data-line=\"true\">Circuits de refroidissement<\/li>\n<li data-zone-id=\"0\" data-line-index=\"0\" data-line=\"true\">Air comprim\u00e9<\/li>\n<li data-zone-id=\"0\" data-line-index=\"0\" data-line=\"true\">Gaz inertes<\/li>\n<li data-zone-id=\"0\" data-line-index=\"0\" data-line=\"true\">Oxyg\u00e8ne<\/li>\n<li data-zone-id=\"0\" data-line-index=\"0\" data-line=\"true\">Gaz naturel<\/li>\n<li data-zone-id=\"0\" data-line-index=\"0\" data-line=\"true\">Vapeur<\/li>\n<\/ul>\n<\/div>\n<h5>Industrie alimentaire et des boissons<\/h5>\n<ul>\n<li>Eau purifi\u00e9e et dessal\u00e9e<\/li>\n<li>CO2<\/li>\n<li>Consommation du br\u00fbleur<\/li>\n<li>Vapeur<\/li>\n<\/ul>\n<h5>Industrie du papier et de la p\u00e2te \u00e0 papier<\/h5>\n<ul>\n<li>Air comprim\u00e9, vapeur, etc.<\/li>\n<\/ul>\n<h5>Industrie p\u00e9troli\u00e8re et gazi\u00e8re<\/h5>\n<ul>\n<li>Produits p\u00e9trochimiques (benz\u00e8ne, \u00e9thyl\u00e8ne, vapeur, etc.)<\/li>\n<li>Gaz naturel<\/li>\n<\/ul>\n<\/div>\n<\/div>\n<\/div>","protected":false},"excerpt":{"rendered":"<div class=\"short-description-head\">\n<div data-zone-id=\"0\" data-line-index=\"0\" data-line=\"true\">Le d\u00e9bitm\u00e8tre \u00e0 vortex LUGBMT-100 convient pour mesurer la vapeur ainsi qu'une vari\u00e9t\u00e9 de liquides et de gaz. Personnalisez ici le d\u00e9bitm\u00e8tre que vous pr\u00e9f\u00e9rez en fonction de vos applications et de votre secteur d'activit\u00e9. Veuillez noter que les couleurs et l'apparence peuvent \u00eatre personnalis\u00e9es sur demande.<\/div>\n<\/div>","protected":false},"featured_media":25453,"template":"","meta":[],"product_brand":[],"product_cat":[121,205,164,166,163],"product_tag":[],"class_list":{"0":"post-25462","1":"product","2":"type-product","3":"status-publish","4":"has-post-thumbnail","6":"product_cat-vortex-flow-meters","7":"product_cat-steam-flow-meters","8":"product_cat-air-flow-meters","9":"product_cat-liquid-flow-meters","10":"product_cat-water-flow-meters","12":"first","13":"instock","14":"shipping-taxable","15":"purchasable","16":"product-type-simple"},"_links":{"self":[{"href":"https:\/\/metlaninst.com\/fr\/wp-json\/wp\/v2\/product\/25462","targetHints":{"allow":["GET"]}}],"collection":[{"href":"https:\/\/metlaninst.com\/fr\/wp-json\/wp\/v2\/product"}],"about":[{"href":"https:\/\/metlaninst.com\/fr\/wp-json\/wp\/v2\/types\/product"}],"version-history":[{"count":1,"href":"https:\/\/metlaninst.com\/fr\/wp-json\/wp\/v2\/product\/25462\/revisions"}],"predecessor-version":[{"id":25465,"href":"https:\/\/metlaninst.com\/fr\/wp-json\/wp\/v2\/product\/25462\/revisions\/25465"}],"wp:featuredmedia":[{"embeddable":true,"href":"https:\/\/metlaninst.com\/fr\/wp-json\/wp\/v2\/media\/25453"}],"wp:attachment":[{"href":"https:\/\/metlaninst.com\/fr\/wp-json\/wp\/v2\/media?parent=25462"}],"wp:term":[{"taxonomy":"product_brand","embeddable":true,"href":"https:\/\/metlaninst.com\/fr\/wp-json\/wp\/v2\/product_brand?post=25462"},{"taxonomy":"product_cat","embeddable":true,"href":"https:\/\/metlaninst.com\/fr\/wp-json\/wp\/v2\/product_cat?post=25462"},{"taxonomy":"product_tag","embeddable":true,"href":"https:\/\/metlaninst.com\/fr\/wp-json\/wp\/v2\/product_tag?post=25462"}],"curies":[{"name":"wp","href":"https:\/\/api.w.org\/{rel}","templated":true}]}}