{"id":25474,"date":"2024-12-15T06:26:16","date_gmt":"2024-12-15T06:26:16","guid":{"rendered":"https:\/\/www.metlaninst.com\/?post_type=product&#038;p=25474"},"modified":"2025-02-02T03:51:40","modified_gmt":"2025-02-02T03:51:40","slug":"debitmetre-a-turbine-liquide-haute-pression-lwgymt-p","status":"publish","type":"product","link":"https:\/\/metlaninst.com\/fr\/p\/debitmetre-a-turbine-liquide-haute-pression-lwgymt-p\/","title":{"rendered":"D\u00e9bitm\u00e8tre \u00e0 turbine \u00e0 liquide haute pression (LWGYMT-P)"},"content":{"rendered":"<div class=\"e-con-inner\">\n<div class=\"elementor-element e-con-full e-flex e-con e-child\">\n<div class=\"elementor-widget-container\">\n<h3 class=\"elementor-heading-title elementor-size-default\">Caract\u00e9ristiques :<\/h3>\n<\/div>\n<div class=\"elementor-widget-container\">\n<ol>\n<li data-zone-id=\"0\" data-line-index=\"0\" data-line=\"true\">Pour les applications \u00e0 haute pression jusqu'\u00e0 250 bar (3625.95 psi)<\/li>\n<li data-zone-id=\"0\" data-line-index=\"1\" data-line=\"true\">Les couleurs et l'aspect peuvent \u00eatre personnalis\u00e9s sur demande<b><\/b><\/li>\n<li data-zone-id=\"0\" data-line-index=\"2\" data-line=\"true\">\u00c9galement disponible dans des constructions sp\u00e9cifiques au client<\/li>\n<li data-zone-id=\"0\" data-line-index=\"3\" data-line=\"true\">L'anglais, l'espagnol, le fran\u00e7ais et d'autres langues sur demande sont disponibles pour l'affichage LCD.<\/li>\n<li data-zone-id=\"0\" data-line-index=\"4\" data-line=\"true\">Chaque d\u00e9bitm\u00e8tre est \u00e9talonn\u00e9 et re\u00e7oit un num\u00e9ro de s\u00e9rie unique correspondant \u00e0 toutes les donn\u00e9es d'\u00e9talonnage.<\/li>\n<\/ol>\n<\/div>\n<\/div>\n<div class=\"elementor-element e-con-full e-flex e-con e-child\">\n<div class=\"elementor-widget-container\">\n<h3 class=\"elementor-heading-title elementor-size-default\">Applications :<\/h3>\n<\/div>\n<div class=\"elementor-widget-container\">\n<h5 class=\"first\">G\u00e9n\u00e9ral<\/h5>\n<div>\n<ul>\n<li data-zone-id=\"0\" data-line-index=\"0\" data-line=\"true\">Mesure de d\u00e9bit de liquide \u00e0 haute pression jusqu'\u00e0 PN250<\/li>\n<li data-zone-id=\"0\" data-line-index=\"0\" data-line=\"true\">Convient pour des temp\u00e9ratures allant de -4\u00b0F \u00e0 +248\u00b0F<\/li>\n<li data-zone-id=\"0\" data-line-index=\"0\" data-line=\"true\">Mesures pr\u00e9cises pour les applications critiques de contr\u00f4le du d\u00e9bit<\/li>\n<\/ul>\n<\/div>\n<h5>Industrie du p\u00e9trole et du gaz<\/h5>\n<div>\n<ul>\n<li data-zone-id=\"0\" data-line-index=\"0\" data-line=\"true\">Surveillance des fluides \u00e0 haute pression pendant le forage et l'extraction des puits<\/li>\n<li data-zone-id=\"0\" data-line-index=\"0\" data-line=\"true\">Mesure des fluides d'injection \u00e0 haute pression dans les champs p\u00e9trolif\u00e8res<\/li>\n<\/ul>\n<\/div>\n<h5>Fabrication industrielle<\/h5>\n<div>\n<ul>\n<li data-zone-id=\"0\" data-line-index=\"0\" data-line=\"true\">Contr\u00f4le du d\u00e9bit du liquide de refroidissement et du lubrifiant \u00e0 haute pression<\/li>\n<li data-zone-id=\"0\" data-line-index=\"0\" data-line=\"true\">Surveillance des processus dans des environnements de fabrication soumis \u00e0 de fortes contraintes<\/li>\n<\/ul>\n<\/div>\n<h5>Production d'\u00e9lectricit\u00e9<\/h5>\n<ul>\n<li>Surveillance de l'eau et des liquides \u00e0 haute pression dans les centrales \u00e9lectriques<\/li>\n<\/ul>\n<\/div>\n<\/div>\n<\/div>","protected":false},"excerpt":{"rendered":"<div class=\"short-description-head\">\n<div data-zone-id=\"0\" data-line-index=\"0\" data-line=\"true\">Le d\u00e9bitm\u00e8tre \u00e0 turbine LWGYMT-P est sp\u00e9cialement con\u00e7u pour fonctionner en toute s\u00e9curit\u00e9 dans des applications exigeantes \u00e0 haute pression jusqu'\u00e0 250 bar (3625.95 psi). Ce d\u00e9bitm\u00e8tre se compose d'une construction en acier inoxydable et d'une connexion \u00e0 brides. Nous contacter pour d'autres raccordements.<\/div>\n<\/div>","protected":false},"featured_media":25541,"template":"","meta":[],"product_brand":[],"product_cat":[120,166],"product_tag":[],"class_list":{"0":"post-25474","1":"product","2":"type-product","3":"status-publish","4":"has-post-thumbnail","6":"product_cat-turbine-flow-meters","7":"product_cat-liquid-flow-meters","9":"first","10":"instock","11":"shipping-taxable","12":"purchasable","13":"product-type-simple"},"_links":{"self":[{"href":"https:\/\/metlaninst.com\/fr\/wp-json\/wp\/v2\/product\/25474","targetHints":{"allow":["GET"]}}],"collection":[{"href":"https:\/\/metlaninst.com\/fr\/wp-json\/wp\/v2\/product"}],"about":[{"href":"https:\/\/metlaninst.com\/fr\/wp-json\/wp\/v2\/types\/product"}],"version-history":[{"count":2,"href":"https:\/\/metlaninst.com\/fr\/wp-json\/wp\/v2\/product\/25474\/revisions"}],"predecessor-version":[{"id":25489,"href":"https:\/\/metlaninst.com\/fr\/wp-json\/wp\/v2\/product\/25474\/revisions\/25489"}],"wp:featuredmedia":[{"embeddable":true,"href":"https:\/\/metlaninst.com\/fr\/wp-json\/wp\/v2\/media\/25541"}],"wp:attachment":[{"href":"https:\/\/metlaninst.com\/fr\/wp-json\/wp\/v2\/media?parent=25474"}],"wp:term":[{"taxonomy":"product_brand","embeddable":true,"href":"https:\/\/metlaninst.com\/fr\/wp-json\/wp\/v2\/product_brand?post=25474"},{"taxonomy":"product_cat","embeddable":true,"href":"https:\/\/metlaninst.com\/fr\/wp-json\/wp\/v2\/product_cat?post=25474"},{"taxonomy":"product_tag","embeddable":true,"href":"https:\/\/metlaninst.com\/fr\/wp-json\/wp\/v2\/product_tag?post=25474"}],"curies":[{"name":"wp","href":"https:\/\/api.w.org\/{rel}","templated":true}]}}