{"id":25490,"date":"2024-12-15T06:38:39","date_gmt":"2024-12-15T06:38:39","guid":{"rendered":"https:\/\/www.metlaninst.com\/?post_type=product&#038;p=25490"},"modified":"2025-02-11T15:26:26","modified_gmt":"2025-02-11T15:26:26","slug":"debitmetre-a-turbine-liquide-a-faible-debit-lwgymt-f","status":"publish","type":"product","link":"https:\/\/metlaninst.com\/fr\/p\/debitmetre-a-turbine-liquide-a-faible-debit-lwgymt-f\/","title":{"rendered":"D\u00e9bitm\u00e8tre \u00e0 turbine \u00e0 liquide \u00e0 faible d\u00e9bit (LWGYMT-F)"},"content":{"rendered":"<div class=\"e-con-inner\">\n<div class=\"elementor-element e-con-full e-flex e-con e-child\">\n<div class=\"elementor-widget-container\">\n<h3 class=\"elementor-heading-title elementor-size-default\">Caract\u00e9ristiques :<\/h3>\n<\/div>\n<div class=\"elementor-widget-container\">\n<ol>\n<li data-zone-id=\"0\" data-line-index=\"0\" data-line=\"true\">Sp\u00e9cialement con\u00e7u pour les applications \u00e0 faible d\u00e9bit<\/li>\n<li data-zone-id=\"0\" data-line-index=\"1\" data-line=\"true\">Les couleurs et l'aspect peuvent \u00eatre personnalis\u00e9s sur demande<b><\/b><\/li>\n<li data-zone-id=\"0\" data-line-index=\"2\" data-line=\"true\">\u00c9galement disponible dans des constructions sp\u00e9cifiques au client<\/li>\n<li data-zone-id=\"0\" data-line-index=\"3\" data-line=\"true\">L'anglais, l'espagnol, le fran\u00e7ais et d'autres langues sur demande sont disponibles pour l'affichage LCD.<\/li>\n<li data-zone-id=\"0\" data-line-index=\"4\" data-line=\"true\">Chaque d\u00e9bitm\u00e8tre est \u00e9talonn\u00e9 et re\u00e7oit un num\u00e9ro de s\u00e9rie unique correspondant \u00e0 toutes les donn\u00e9es d'\u00e9talonnage.<\/li>\n<\/ol>\n<\/div>\n<\/div>\n<div class=\"elementor-element e-con-full e-flex e-con e-child\">\n<div class=\"elementor-widget-container\">\n<h3 class=\"elementor-heading-title elementor-size-default\">Applications :<\/h3>\n<\/div>\n<div class=\"elementor-widget-container\">\n<h5 class=\"first\">G\u00e9n\u00e9ral<\/h5>\n<div>\n<ul>\n<li data-zone-id=\"0\" data-line-index=\"0\" data-line=\"true\">Mesure des fluides \u00e0 faible viscosit\u00e9 avec une r\u00e9p\u00e9tabilit\u00e9 pr\u00e9cise<\/li>\n<li data-zone-id=\"0\" data-line-index=\"0\" data-line=\"true\">Convient pour les faibles d\u00e9bits dans des conditions de haute pression<\/li>\n<\/ul>\n<\/div>\n<h5>Industrie du p\u00e9trole et du gaz<\/h5>\n<div>\n<ul>\n<li data-zone-id=\"0\" data-line-index=\"0\" data-line=\"true\">Surveillance des injections de produits chimiques \u00e0 faible d\u00e9bit<\/li>\n<li data-zone-id=\"0\" data-line-index=\"0\" data-line=\"true\">Mesure des fluides de lubrification dans les syst\u00e8mes de forage<\/li>\n<\/ul>\n<\/div>\n<h5>Fabrication industrielle<\/h5>\n<div>\n<ul>\n<li data-zone-id=\"0\" data-line-index=\"0\" data-line=\"true\">Contr\u00f4le des fluides de refroidissement et de lubrification dans les machines<\/li>\n<li data-zone-id=\"0\" data-line-index=\"0\" data-line=\"true\">Surveillance des processus pour le transfert de fluides \u00e0 faible volume<\/li>\n<\/ul>\n<\/div>\n<h5>Production d'\u00e9lectricit\u00e9<\/h5>\n<ul>\n<li>Mesure de pr\u00e9cision des syst\u00e8mes hydrauliques \u00e0 faible d\u00e9bit<\/li>\n<\/ul>\n<\/div>\n<\/div>\n<\/div>","protected":false},"excerpt":{"rendered":"<div class=\"short-description-head\">\n<div data-zone-id=\"0\" data-line-index=\"0\" data-line=\"true\">Le LWGYMT-F est un d\u00e9bitm\u00e8tre \u00e0 turbine offrant une capacit\u00e9 de mesure de 0,04 m\u00b3\/h, con\u00e7u pour fonctionner dans des applications de fluides propres \u00e0 faible viscosit\u00e9. Il peut supporter des pressions de travail allant jusqu'\u00e0 160 bar (2320.6 psi) et offre une r\u00e9p\u00e9tabilit\u00e9 de \u00b10.25 % sur la plage de d\u00e9bit sp\u00e9cifi\u00e9e.<\/div>\n<\/div>","protected":false},"featured_media":25482,"template":"","meta":[],"product_brand":[],"product_cat":[120,166],"product_tag":[],"class_list":{"0":"post-25490","1":"product","2":"type-product","3":"status-publish","4":"has-post-thumbnail","6":"product_cat-turbine-flow-meters","7":"product_cat-liquid-flow-meters","9":"first","10":"instock","11":"shipping-taxable","12":"purchasable","13":"product-type-simple"},"_links":{"self":[{"href":"https:\/\/metlaninst.com\/fr\/wp-json\/wp\/v2\/product\/25490","targetHints":{"allow":["GET"]}}],"collection":[{"href":"https:\/\/metlaninst.com\/fr\/wp-json\/wp\/v2\/product"}],"about":[{"href":"https:\/\/metlaninst.com\/fr\/wp-json\/wp\/v2\/types\/product"}],"version-history":[{"count":1,"href":"https:\/\/metlaninst.com\/fr\/wp-json\/wp\/v2\/product\/25490\/revisions"}],"predecessor-version":[{"id":25493,"href":"https:\/\/metlaninst.com\/fr\/wp-json\/wp\/v2\/product\/25490\/revisions\/25493"}],"wp:featuredmedia":[{"embeddable":true,"href":"https:\/\/metlaninst.com\/fr\/wp-json\/wp\/v2\/media\/25482"}],"wp:attachment":[{"href":"https:\/\/metlaninst.com\/fr\/wp-json\/wp\/v2\/media?parent=25490"}],"wp:term":[{"taxonomy":"product_brand","embeddable":true,"href":"https:\/\/metlaninst.com\/fr\/wp-json\/wp\/v2\/product_brand?post=25490"},{"taxonomy":"product_cat","embeddable":true,"href":"https:\/\/metlaninst.com\/fr\/wp-json\/wp\/v2\/product_cat?post=25490"},{"taxonomy":"product_tag","embeddable":true,"href":"https:\/\/metlaninst.com\/fr\/wp-json\/wp\/v2\/product_tag?post=25490"}],"curies":[{"name":"wp","href":"https:\/\/api.w.org\/{rel}","templated":true}]}}