{"id":25498,"date":"2024-12-15T07:11:58","date_gmt":"2024-12-15T07:11:58","guid":{"rendered":"https:\/\/www.metlaninst.com\/?post_type=product&#038;p=25498"},"modified":"2025-02-02T03:50:15","modified_gmt":"2025-02-02T03:50:15","slug":"debitmetre-a-turbine-liquide-lwgymt-100","status":"publish","type":"product","link":"https:\/\/metlaninst.com\/fr\/p\/debitmetre-a-turbine-liquide-lwgymt-100\/","title":{"rendered":"D\u00e9bitm\u00e8tre \u00e0 turbine \u00e0 liquide (LWGYMT-100)"},"content":{"rendered":"<div class=\"e-con-inner\">\n<div class=\"elementor-element e-con-full e-flex e-con e-child\">\n<div class=\"elementor-widget-container\">\n<h3 class=\"elementor-heading-title elementor-size-default\">Caract\u00e9ristiques :<\/h3>\n<\/div>\n<div class=\"elementor-widget-container\">\n<ol>\n<li data-zone-id=\"0\" data-line-index=\"0\" data-line=\"true\">Sp\u00e9cialement con\u00e7u pour les applications liquides<\/li>\n<li data-zone-id=\"0\" data-line-index=\"1\" data-line=\"true\">Les couleurs et l'aspect peuvent \u00eatre personnalis\u00e9s sur demande<b><\/b><\/li>\n<li data-zone-id=\"0\" data-line-index=\"2\" data-line=\"true\">\u00c9galement disponible dans des constructions sp\u00e9cifiques au client<\/li>\n<li data-zone-id=\"0\" data-line-index=\"3\" data-line=\"true\">L'anglais, l'espagnol, le fran\u00e7ais et d'autres langues sur demande sont disponibles pour l'affichage LCD.<\/li>\n<li data-zone-id=\"0\" data-line-index=\"4\" data-line=\"true\">Chaque d\u00e9bitm\u00e8tre est \u00e9talonn\u00e9 et re\u00e7oit un num\u00e9ro de s\u00e9rie unique correspondant \u00e0 toutes les donn\u00e9es d'\u00e9talonnage.<\/li>\n<\/ol>\n<\/div>\n<\/div>\n<div class=\"elementor-element e-con-full e-flex e-con e-child\">\n<div class=\"elementor-widget-container\">\n<h3 class=\"elementor-heading-title elementor-size-default\">Applications :<\/h3>\n<\/div>\n<div class=\"elementor-widget-container\">\n<h5>Industrie du p\u00e9trole et du gaz<\/h5>\n<div>\n<ul>\n<li data-zone-id=\"0\" data-line-index=\"0\" data-line=\"true\">Surveillance des transferts d'hydrocarbures liquides<\/li>\n<li data-zone-id=\"0\" data-line-index=\"0\" data-line=\"true\">Mesures dans les syst\u00e8mes de canalisation \u00e0 haute pression<\/li>\n<\/ul>\n<\/div>\n<h5>Fabrication industrielle<\/h5>\n<div>\n<ul>\n<li data-zone-id=\"0\" data-line-index=\"0\" data-line=\"true\">Contr\u00f4le et surveillance des fluides de processus, y compris les liquides de refroidissement et les lubrifiants<\/li>\n<\/ul>\n<h5>Production d'\u00e9lectricit\u00e9<\/h5>\n<div>\n<ul>\n<li data-zone-id=\"0\" data-line-index=\"0\" data-line=\"true\">Mesure de diff\u00e9rents fluides dans les centrales \u00e9lectriques pour l'efficacit\u00e9 du syst\u00e8me<\/li>\n<\/ul>\n<\/div>\n<\/div>\n<\/div>\n<\/div>\n<\/div>","protected":false},"excerpt":{"rendered":"<div class=\"short-description-head\">\n<div data-zone-id=\"0\" data-line-index=\"0\" data-line=\"true\">Le LWGYMT-100 est une ligne de produits tr\u00e8s polyvalente qui offre des composants enti\u00e8rement en acier inoxydable, usin\u00e9s avec pr\u00e9cision, avec des rotors en acier inoxydable. Il est con\u00e7u sp\u00e9cifiquement pour les applications liquides et peut \u00eatre configur\u00e9 avec une vari\u00e9t\u00e9 de connexions de processus, y compris filet\u00e9es et \u00e0 brides.<\/div>\n<\/div>","protected":false},"featured_media":25480,"template":"","meta":[],"product_brand":[],"product_cat":[120,166,165,163],"product_tag":[],"class_list":{"0":"post-25498","1":"product","2":"type-product","3":"status-publish","4":"has-post-thumbnail","6":"product_cat-turbine-flow-meters","7":"product_cat-liquid-flow-meters","8":"product_cat-oil-flow-meters","9":"product_cat-water-flow-meters","11":"first","12":"instock","13":"shipping-taxable","14":"purchasable","15":"product-type-simple"},"_links":{"self":[{"href":"https:\/\/metlaninst.com\/fr\/wp-json\/wp\/v2\/product\/25498","targetHints":{"allow":["GET"]}}],"collection":[{"href":"https:\/\/metlaninst.com\/fr\/wp-json\/wp\/v2\/product"}],"about":[{"href":"https:\/\/metlaninst.com\/fr\/wp-json\/wp\/v2\/types\/product"}],"version-history":[{"count":1,"href":"https:\/\/metlaninst.com\/fr\/wp-json\/wp\/v2\/product\/25498\/revisions"}],"predecessor-version":[{"id":25501,"href":"https:\/\/metlaninst.com\/fr\/wp-json\/wp\/v2\/product\/25498\/revisions\/25501"}],"wp:featuredmedia":[{"embeddable":true,"href":"https:\/\/metlaninst.com\/fr\/wp-json\/wp\/v2\/media\/25480"}],"wp:attachment":[{"href":"https:\/\/metlaninst.com\/fr\/wp-json\/wp\/v2\/media?parent=25498"}],"wp:term":[{"taxonomy":"product_brand","embeddable":true,"href":"https:\/\/metlaninst.com\/fr\/wp-json\/wp\/v2\/product_brand?post=25498"},{"taxonomy":"product_cat","embeddable":true,"href":"https:\/\/metlaninst.com\/fr\/wp-json\/wp\/v2\/product_cat?post=25498"},{"taxonomy":"product_tag","embeddable":true,"href":"https:\/\/metlaninst.com\/fr\/wp-json\/wp\/v2\/product_tag?post=25498"}],"curies":[{"name":"wp","href":"https:\/\/api.w.org\/{rel}","templated":true}]}}