{"id":25502,"date":"2024-12-15T07:16:41","date_gmt":"2024-12-15T07:16:41","guid":{"rendered":"https:\/\/www.metlaninst.com\/?post_type=product&#038;p=25502"},"modified":"2025-02-02T03:49:53","modified_gmt":"2025-02-02T03:49:53","slug":"debitmetre-a-turbine-a-gaz-lwgymt-g","status":"publish","type":"product","link":"https:\/\/metlaninst.com\/fr\/p\/debitmetre-a-turbine-a-gaz-lwgymt-g\/","title":{"rendered":"D\u00e9bitm\u00e8tres pour turbines \u00e0 gaz (LWGYMT-G)"},"content":{"rendered":"<div class=\"e-con-inner\">\n<div class=\"elementor-element e-con-full e-flex e-con e-child\">\n<div class=\"elementor-widget-container\">\n<h3 class=\"elementor-heading-title elementor-size-default\">Caract\u00e9ristiques :<\/h3>\n<\/div>\n<div class=\"elementor-widget-container\">\n<ol>\n<li data-zone-id=\"0\" data-line-index=\"0\" data-line=\"true\">Sp\u00e9cialement con\u00e7u pour les applications gazi\u00e8res<\/li>\n<li data-zone-id=\"0\" data-line-index=\"1\" data-line=\"true\">Les couleurs et l'aspect peuvent \u00eatre personnalis\u00e9s sur demande<b><\/b><\/li>\n<li data-zone-id=\"0\" data-line-index=\"2\" data-line=\"true\">\u00c9galement disponible dans des constructions sp\u00e9cifiques au client<\/li>\n<li data-zone-id=\"0\" data-line-index=\"3\" data-line=\"true\">L'anglais, l'espagnol, le fran\u00e7ais et d'autres langues sur demande sont disponibles pour l'affichage LCD.<\/li>\n<li data-zone-id=\"0\" data-line-index=\"4\" data-line=\"true\">Chaque d\u00e9bitm\u00e8tre est \u00e9talonn\u00e9 et re\u00e7oit un num\u00e9ro de s\u00e9rie unique correspondant \u00e0 toutes les donn\u00e9es d'\u00e9talonnage.<\/li>\n<\/ol>\n<\/div>\n<\/div>\n<div class=\"elementor-element e-con-full e-flex e-con e-child\">\n<div class=\"elementor-widget-container\">\n<h3 class=\"elementor-heading-title elementor-size-default\">Applications :<\/h3>\n<\/div>\n<div class=\"elementor-widget-container\">\n<h5>G\u00e9n\u00e9ral<\/h5>\n<div>\n<ul>\n<li data-zone-id=\"0\" data-line-index=\"0\" data-line=\"true\">Mesure pr\u00e9cise du d\u00e9bit de gaz dans divers environnements industriels<\/li>\n<\/ul>\n<\/div>\n<h5>Industrie du p\u00e9trole et du gaz<\/h5>\n<div>\n<ul>\n<li data-zone-id=\"0\" data-line-index=\"0\" data-line=\"true\">Surveillance des gazoducs<\/li>\n<li data-zone-id=\"0\" data-line-index=\"0\" data-line=\"true\">Mesures pr\u00e9cises dans les syst\u00e8mes d'injection et de traitement du gaz<\/li>\n<\/ul>\n<\/div>\n<h5>Fabrication industrielle<\/h5>\n<div>\n<ul>\n<li data-zone-id=\"0\" data-line-index=\"0\" data-line=\"true\">Mesure des gaz dans les applications industrielles et chimiques<\/li>\n<\/ul>\n<h5>Production d'\u00e9lectricit\u00e9<\/h5>\n<div>\n<ul>\n<li data-zone-id=\"0\" data-line-index=\"0\" data-line=\"true\">Surveillance des flux de gaz pour l'efficacit\u00e9 des centrales \u00e9lectriques<\/li>\n<\/ul>\n<\/div>\n<\/div>\n<\/div>\n<\/div>\n<\/div>","protected":false},"excerpt":{"rendered":"<div class=\"short-description-head\">\n<div data-zone-id=\"0\" data-line-index=\"0\" data-line=\"true\">Le LWGYMT-G est un d\u00e9bitm\u00e8tre \u00e0 turbine pour la mesure des gaz, con\u00e7u pour r\u00e9sister \u00e0 des conditions difficiles et fournir des r\u00e9sultats pr\u00e9cis pendant une longue dur\u00e9e de vie, en offrant une large gamme de d\u00e9bits et d'applications.<\/div>\n<\/div>","protected":false},"featured_media":25487,"template":"","meta":[],"product_brand":[],"product_cat":[120,208,164],"product_tag":[],"class_list":{"0":"post-25502","1":"product","2":"type-product","3":"status-publish","4":"has-post-thumbnail","6":"product_cat-turbine-flow-meters","7":"product_cat-gas-flow-meters","8":"product_cat-air-flow-meters","10":"first","11":"instock","12":"shipping-taxable","13":"purchasable","14":"product-type-simple"},"_links":{"self":[{"href":"https:\/\/metlaninst.com\/fr\/wp-json\/wp\/v2\/product\/25502","targetHints":{"allow":["GET"]}}],"collection":[{"href":"https:\/\/metlaninst.com\/fr\/wp-json\/wp\/v2\/product"}],"about":[{"href":"https:\/\/metlaninst.com\/fr\/wp-json\/wp\/v2\/types\/product"}],"version-history":[{"count":1,"href":"https:\/\/metlaninst.com\/fr\/wp-json\/wp\/v2\/product\/25502\/revisions"}],"predecessor-version":[{"id":25507,"href":"https:\/\/metlaninst.com\/fr\/wp-json\/wp\/v2\/product\/25502\/revisions\/25507"}],"wp:featuredmedia":[{"embeddable":true,"href":"https:\/\/metlaninst.com\/fr\/wp-json\/wp\/v2\/media\/25487"}],"wp:attachment":[{"href":"https:\/\/metlaninst.com\/fr\/wp-json\/wp\/v2\/media?parent=25502"}],"wp:term":[{"taxonomy":"product_brand","embeddable":true,"href":"https:\/\/metlaninst.com\/fr\/wp-json\/wp\/v2\/product_brand?post=25502"},{"taxonomy":"product_cat","embeddable":true,"href":"https:\/\/metlaninst.com\/fr\/wp-json\/wp\/v2\/product_cat?post=25502"},{"taxonomy":"product_tag","embeddable":true,"href":"https:\/\/metlaninst.com\/fr\/wp-json\/wp\/v2\/product_tag?post=25502"}],"curies":[{"name":"wp","href":"https:\/\/api.w.org\/{rel}","templated":true}]}}