{"id":25512,"date":"2024-09-15T13:05:03","date_gmt":"2024-09-15T13:05:03","guid":{"rendered":"https:\/\/www.metlaninst.com\/?post_type=product&#038;p=25512"},"modified":"2025-02-08T04:46:23","modified_gmt":"2025-02-08T04:46:23","slug":"v-cone-different-pressure-flowmeter-mtkb-v","status":"publish","type":"product","link":"https:\/\/metlaninst.com\/fr\/p\/v-cone-different-pressure-flowmeter-mtkb-v\/","title":{"rendered":"D\u00e9bitm\u00e8tre \u00e0 c\u00f4ne \u00e0 pression diff\u00e9rente (MTKB-V)"},"content":{"rendered":"<div class=\"e-con-inner\">\n<div class=\"elementor-element e-con-full e-flex e-con e-child\">\n<div class=\"elementor-widget-container\">\n<h3 class=\"elementor-heading-title elementor-size-default\">Caract\u00e9ristiques :<\/h3>\n<\/div>\n<div class=\"elementor-widget-container\">\n<ol>\n<li data-zone-id=\"0\" data-line-index=\"1\" data-line=\"true\">Les couleurs et l'aspect peuvent \u00eatre personnalis\u00e9s sur demande<b><\/b><\/li>\n<li data-zone-id=\"0\" data-line-index=\"2\" data-line=\"true\">\u00c9galement disponible dans des constructions sp\u00e9cifiques au client<\/li>\n<li data-zone-id=\"0\" data-line-index=\"3\" data-line=\"true\">L'anglais, l'espagnol, le fran\u00e7ais et d'autres langues sur demande sont disponibles pour l'affichage LCD.<\/li>\n<li data-zone-id=\"0\" data-line-index=\"4\" data-line=\"true\">Chaque d\u00e9bitm\u00e8tre est \u00e9talonn\u00e9 et re\u00e7oit un num\u00e9ro de s\u00e9rie unique correspondant \u00e0 toutes les donn\u00e9es d'\u00e9talonnage.<\/li>\n<\/ol>\n<\/div>\n<\/div>\n<div class=\"elementor-element e-con-full e-flex e-con e-child\">\n<div class=\"elementor-widget-container\">\n<h3 class=\"elementor-heading-title elementor-size-default\">Applications :<\/h3>\n<\/div>\n<div class=\"elementor-widget-container\">\n<h5>G\u00e9n\u00e9ral<\/h5>\n<div>\n<ul>\n<li data-zone-id=\"0\" data-line-index=\"0\" data-line=\"true\">Mesure du d\u00e9bit des liquides conducteurs et non conducteurs, des gaz et de la vapeur dans les applications avec des d\u00e9bits d'entr\u00e9e et de sortie limit\u00e9s<\/li>\n<li data-zone-id=\"0\" data-line-index=\"0\" data-line=\"true\">Applications avec des profils d'\u00e9coulement perturb\u00e9s<\/li>\n<\/ul>\n<\/div>\n<h5>Industrie du p\u00e9trole et du gaz<\/h5>\n<div>\n<ul>\n<li data-zone-id=\"0\" data-line-index=\"0\" data-line=\"true\">Offshore et FPSO : S\u00e9parateurs, gas lift, injection d'eau, injection de produits chimiques, vapeurs d'hydrocarbures<\/li>\n<li data-zone-id=\"0\" data-line-index=\"0\" data-line=\"true\">GNL : Mesure du gaz dans les usines de liqu\u00e9faction et de regaz\u00e9ification<\/li>\n<li data-zone-id=\"0\" data-line-index=\"0\" data-line=\"true\">Injection de CO2, injection d'eau, gaz d'hydrocarbures, t\u00eate de puits de production, gaz humide<\/li>\n<\/ul>\n<\/div>\n<h5>Production d'\u00e9lectricit\u00e9, services publics<\/h5>\n<div>\n<ul>\n<li data-zone-id=\"0\" data-line-index=\"0\" data-line=\"true\">Mesure de la vapeur dans les espaces confin\u00e9s<\/li>\n<\/ul>\n<div><\/div>\n<\/div>\n<\/div>\n<\/div>\n<\/div>","protected":false},"excerpt":{"rendered":"<div class=\"short-description-head\">\n<div data-zone-id=\"0\" data-line-index=\"0\" data-line=\"true\">Le d\u00e9bitm\u00e8tre \u00e0 c\u00f4ne MTKB-V est un d\u00e9bitm\u00e8tre \u00e0 pression diff\u00e9rentielle (DP) sp\u00e9cialement con\u00e7u pour les applications exigeant une grande pr\u00e9cision et des profils d'\u00e9coulement perturb\u00e9s dans des espaces d'installation confin\u00e9s.<\/div>\n<\/div>","protected":false},"featured_media":25515,"template":"","meta":[],"product_brand":[],"product_cat":[122,208,205,164,166],"product_tag":[],"class_list":{"0":"post-25512","1":"product","2":"type-product","3":"status-publish","4":"has-post-thumbnail","6":"product_cat-differential-pressure-flow-meters","7":"product_cat-gas-flow-meters","8":"product_cat-steam-flow-meters","9":"product_cat-air-flow-meters","10":"product_cat-liquid-flow-meters","12":"first","13":"instock","14":"shipping-taxable","15":"purchasable","16":"product-type-variable"},"_links":{"self":[{"href":"https:\/\/metlaninst.com\/fr\/wp-json\/wp\/v2\/product\/25512","targetHints":{"allow":["GET"]}}],"collection":[{"href":"https:\/\/metlaninst.com\/fr\/wp-json\/wp\/v2\/product"}],"about":[{"href":"https:\/\/metlaninst.com\/fr\/wp-json\/wp\/v2\/types\/product"}],"version-history":[{"count":2,"href":"https:\/\/metlaninst.com\/fr\/wp-json\/wp\/v2\/product\/25512\/revisions"}],"predecessor-version":[{"id":25517,"href":"https:\/\/metlaninst.com\/fr\/wp-json\/wp\/v2\/product\/25512\/revisions\/25517"}],"wp:featuredmedia":[{"embeddable":true,"href":"https:\/\/metlaninst.com\/fr\/wp-json\/wp\/v2\/media\/25515"}],"wp:attachment":[{"href":"https:\/\/metlaninst.com\/fr\/wp-json\/wp\/v2\/media?parent=25512"}],"wp:term":[{"taxonomy":"product_brand","embeddable":true,"href":"https:\/\/metlaninst.com\/fr\/wp-json\/wp\/v2\/product_brand?post=25512"},{"taxonomy":"product_cat","embeddable":true,"href":"https:\/\/metlaninst.com\/fr\/wp-json\/wp\/v2\/product_cat?post=25512"},{"taxonomy":"product_tag","embeddable":true,"href":"https:\/\/metlaninst.com\/fr\/wp-json\/wp\/v2\/product_tag?post=25512"}],"curies":[{"name":"wp","href":"https:\/\/api.w.org\/{rel}","templated":true}]}}