{"id":25518,"date":"2024-09-15T13:21:21","date_gmt":"2024-09-15T13:21:21","guid":{"rendered":"https:\/\/www.metlaninst.com\/?post_type=product&#038;p=25518"},"modified":"2025-02-08T04:46:11","modified_gmt":"2025-02-08T04:46:11","slug":"debitmetre-a-plaque-a-orifice-mtkb-o","status":"publish","type":"product","link":"https:\/\/metlaninst.com\/fr\/p\/debitmetre-a-plaque-a-orifice-mtkb-o\/","title":{"rendered":"D\u00e9bitm\u00e8tre \u00e0 plaque \u00e0 orifice (MTKB-O)"},"content":{"rendered":"<div class=\"e-con-inner\">\n<div class=\"elementor-element e-con-full e-flex e-con e-child\">\n<div class=\"elementor-widget-container\">\n<h3 class=\"elementor-heading-title elementor-size-default\">Caract\u00e9ristiques :<\/h3>\n<\/div>\n<div class=\"elementor-widget-container\">\n<ol>\n<li data-zone-id=\"0\" data-line-index=\"1\" data-line=\"true\">Les couleurs et l'aspect peuvent \u00eatre personnalis\u00e9s sur demande<b><\/b><\/li>\n<li data-zone-id=\"0\" data-line-index=\"2\" data-line=\"true\">\u00c9galement disponible dans des constructions sp\u00e9cifiques au client<\/li>\n<li data-zone-id=\"0\" data-line-index=\"3\" data-line=\"true\">L'anglais, l'espagnol, le fran\u00e7ais et d'autres langues sur demande sont disponibles pour l'affichage LCD.<\/li>\n<li data-zone-id=\"0\" data-line-index=\"4\" data-line=\"true\">Chaque d\u00e9bitm\u00e8tre est \u00e9talonn\u00e9 et re\u00e7oit un num\u00e9ro de s\u00e9rie unique correspondant \u00e0 toutes les donn\u00e9es d'\u00e9talonnage.<\/li>\n<\/ol>\n<\/div>\n<\/div>\n<div class=\"elementor-element e-con-full e-flex e-con e-child\">\n<div class=\"elementor-widget-container\">\n<h3 class=\"elementor-heading-title elementor-size-default\">Applications :<\/h3>\n<\/div>\n<div class=\"elementor-widget-container\">\n<h5>G\u00e9n\u00e9ral<\/h5>\n<div>\n<ul>\n<li data-zone-id=\"0\" data-line-index=\"0\" data-line=\"true\">Applications g\u00e9n\u00e9rales de d\u00e9bit avec des liquides conducteurs et non conducteurs, des gaz et de la vapeur<\/li>\n<li data-zone-id=\"0\" data-line-index=\"0\" data-line=\"true\">Flux de processus dans les industries chimiques, p\u00e9trochimiques et autres industries de transformation<\/li>\n<li data-zone-id=\"0\" data-line-index=\"0\" data-line=\"true\">Mesure du d\u00e9bit des produits raffin\u00e9s<\/li>\n<li data-zone-id=\"0\" data-line-index=\"0\" data-line=\"true\">Production de p\u00e9trole et de gaz, gas lift, eau produite<\/li>\n<li data-zone-id=\"0\" data-line-index=\"0\" data-line=\"true\">Installations de traitement du gaz<\/li>\n<li data-zone-id=\"0\" data-line-index=\"0\" data-line=\"true\">Traitement de l'eau et des eaux us\u00e9es (par exemple a\u00e9ration)<\/li>\n<li data-zone-id=\"0\" data-line-index=\"0\" data-line=\"true\">Eau d\u00e9min\u00e9ralis\u00e9e<\/li>\n<li data-zone-id=\"0\" data-line-index=\"0\" data-line=\"true\">Flux de vapeur et de condensat dans les services publics<\/li>\n<\/ul>\n<\/div>\n<\/div>\n<\/div>\n<\/div>","protected":false},"excerpt":{"rendered":"<div class=\"short-description-head\">\n<div data-zone-id=\"0\" data-line-index=\"0\" data-line=\"true\">Le d\u00e9bitm\u00e8tre \u00e0 plaque \u00e0 orifice MTKB-O est un d\u00e9bitm\u00e8tre \u00e0 pression diff\u00e9rentielle \u00e9conomique pour une large gamme d'applications - de la demi-eau \u00e0 la vapeur en passant par les produits chimiques, avec une grande pr\u00e9cision jusqu'\u00e0 \u00b10,075%.<\/div>\n<\/div>","protected":false},"featured_media":25521,"template":"","meta":[],"product_brand":[],"product_cat":[122,205,164,166],"product_tag":[],"class_list":{"0":"post-25518","1":"product","2":"type-product","3":"status-publish","4":"has-post-thumbnail","6":"product_cat-differential-pressure-flow-meters","7":"product_cat-steam-flow-meters","8":"product_cat-air-flow-meters","9":"product_cat-liquid-flow-meters","11":"first","12":"instock","13":"shipping-taxable","14":"purchasable","15":"product-type-variable"},"_links":{"self":[{"href":"https:\/\/metlaninst.com\/fr\/wp-json\/wp\/v2\/product\/25518","targetHints":{"allow":["GET"]}}],"collection":[{"href":"https:\/\/metlaninst.com\/fr\/wp-json\/wp\/v2\/product"}],"about":[{"href":"https:\/\/metlaninst.com\/fr\/wp-json\/wp\/v2\/types\/product"}],"version-history":[{"count":1,"href":"https:\/\/metlaninst.com\/fr\/wp-json\/wp\/v2\/product\/25518\/revisions"}],"predecessor-version":[{"id":25523,"href":"https:\/\/metlaninst.com\/fr\/wp-json\/wp\/v2\/product\/25518\/revisions\/25523"}],"wp:featuredmedia":[{"embeddable":true,"href":"https:\/\/metlaninst.com\/fr\/wp-json\/wp\/v2\/media\/25521"}],"wp:attachment":[{"href":"https:\/\/metlaninst.com\/fr\/wp-json\/wp\/v2\/media?parent=25518"}],"wp:term":[{"taxonomy":"product_brand","embeddable":true,"href":"https:\/\/metlaninst.com\/fr\/wp-json\/wp\/v2\/product_brand?post=25518"},{"taxonomy":"product_cat","embeddable":true,"href":"https:\/\/metlaninst.com\/fr\/wp-json\/wp\/v2\/product_cat?post=25518"},{"taxonomy":"product_tag","embeddable":true,"href":"https:\/\/metlaninst.com\/fr\/wp-json\/wp\/v2\/product_tag?post=25518"}],"curies":[{"name":"wp","href":"https:\/\/api.w.org\/{rel}","templated":true}]}}