{"id":25592,"date":"2024-09-20T07:49:55","date_gmt":"2024-09-20T07:49:55","guid":{"rendered":"https:\/\/www.metlaninst.com\/?post_type=product&#038;p=25592"},"modified":"2025-02-08T04:45:59","modified_gmt":"2025-02-08T04:45:59","slug":"rotametre-metal-debitmetres-a-surface-variable-mtlz-m","status":"publish","type":"product","link":"https:\/\/metlaninst.com\/fr\/p\/rotametre-metal-debitmetres-a-surface-variable-mtlz-m\/","title":{"rendered":"D\u00e9bitm\u00e8tres \u00e0 surface variable en m\u00e9tal Rotameter (MTLZ-M)"},"content":{"rendered":"<div class=\"e-con-inner\">\n<div class=\"elementor-element e-con-full e-flex e-con e-child\">\n<div class=\"elementor-widget-container\">\n<h3 class=\"elementor-heading-title elementor-size-default\">Caract\u00e9ristiques :<\/h3>\n<\/div>\n<div class=\"elementor-widget-container\">\n<ol>\n<li data-zone-id=\"0\" data-line-index=\"0\" data-line=\"true\">Installation simple et peu co\u00fbteuse : possibilit\u00e9 de mesurer et d'afficher sans alimentation \u00e9lectrique auxiliaire<\/li>\n<li data-zone-id=\"0\" data-line-index=\"1\" data-line=\"true\">Les couleurs et l'aspect peuvent \u00eatre personnalis\u00e9s sur demande<b><\/b><\/li>\n<li data-zone-id=\"0\" data-line-index=\"2\" data-line=\"true\">\u00c9galement disponible dans des constructions sp\u00e9cifiques au client<\/li>\n<li data-zone-id=\"0\" data-line-index=\"3\" data-line=\"true\">L'anglais, l'espagnol, le fran\u00e7ais et d'autres langues sur demande sont disponibles pour l'affichage LCD.<\/li>\n<li data-zone-id=\"0\" data-line-index=\"4\" data-line=\"true\">Chaque d\u00e9bitm\u00e8tre est \u00e9talonn\u00e9 et re\u00e7oit un num\u00e9ro de s\u00e9rie unique correspondant \u00e0 toutes les donn\u00e9es d'\u00e9talonnage.<\/li>\n<\/ol>\n<\/div>\n<\/div>\n<div class=\"elementor-element e-con-full e-flex e-con e-child\">\n<div class=\"elementor-widget-container\">\n<h3 class=\"elementor-heading-title elementor-size-default\">Applications :<\/h3>\n<\/div>\n<div class=\"elementor-widget-container\">\n<h5>Industrie chimique et autres industries de transformation<\/h5>\n<div>\n<ul>\n<li data-zone-id=\"0\" data-line-index=\"0\" data-line=\"true\">Additifs (par exemple, catalyseurs, agents tensioactifs, inhibiteurs de mousse, \u00e9mulsifiants)<\/li>\n<li data-zone-id=\"0\" data-line-index=\"0\" data-line=\"true\">Acides, bases, phosg\u00e8ne et autres substances chlor\u00e9es, substances sulfur\u00e9es<\/li>\n<li data-zone-id=\"0\" data-line-index=\"0\" data-line=\"true\">Condensat et eau de refroidissement<\/li>\n<li data-zone-id=\"0\" data-line-index=\"0\" data-line=\"true\">Inertisation \u00e0 l'azote des cuves et r\u00e9servoirs<\/li>\n<li data-zone-id=\"0\" data-line-index=\"0\" data-line=\"true\">Surveillance du flux d'\u00e9chantillons pour l'analyse des processus<\/li>\n<li data-zone-id=\"0\" data-line-index=\"0\" data-line=\"true\">Pulv\u00e9risation de gaz dans les liquides<\/li>\n<\/ul>\n<\/div>\n<h5>Industrie p\u00e9troli\u00e8re et gazi\u00e8re<\/h5>\n<div>\n<ul>\n<li data-zone-id=\"0\" data-line-index=\"0\" data-line=\"true\">Patins d'injection pour les inhibiteurs de corrosion, de tartre et d'hydrates<\/li>\n<li data-zone-id=\"0\" data-line-index=\"0\" data-line=\"true\">Azote, gaz de combustion, etc.<\/li>\n<li data-zone-id=\"0\" data-line-index=\"0\" data-line=\"true\">\u00c9mulsifiants<\/li>\n<\/ul>\n<h5>Industrie alimentaire et des boissons<\/h5>\n<div>\n<ul>\n<li data-zone-id=\"0\" data-line-index=\"0\" data-line=\"true\">Huile v\u00e9g\u00e9tale, eau potable, lait, dioxyde de carbone<\/li>\n<li data-zone-id=\"0\" data-line-index=\"0\" data-line=\"true\">Agents de nettoyage<\/li>\n<\/ul>\n<h5>Industrie de l'eau et des eaux us\u00e9es<\/h5>\n<div>\n<ul>\n<li data-zone-id=\"0\" data-line-index=\"0\" data-line=\"true\">Pulv\u00e9risation d'oxyg\u00e8ne dans les bassins d'a\u00e9ration<\/li>\n<li data-zone-id=\"0\" data-line-index=\"0\" data-line=\"true\">Injection d'air pour r\u00e9duire la teneur en fer<\/li>\n<\/ul>\n<h5>Industrie de l'\u00e9nergie conventionnelle et nucl\u00e9aire<\/h5>\n<div>\n<ul>\n<li data-zone-id=\"0\" data-line-index=\"0\" data-line=\"true\">Eau lourde, eau bor\u00e9e, tritium, etc.<\/li>\n<li data-zone-id=\"0\" data-line-index=\"0\" data-line=\"true\">Hydrazine<\/li>\n<li data-zone-id=\"0\" data-line-index=\"0\" data-line=\"true\">Acide sulfurique<\/li>\n<li data-zone-id=\"0\" data-line-index=\"0\" data-line=\"true\">Phosphate, azote, hydrog\u00e8ne, soufre<\/li>\n<li data-zone-id=\"0\" data-line-index=\"0\" data-line=\"true\">Eau purifi\u00e9e, eau sal\u00e9e, etc.<\/li>\n<li data-zone-id=\"0\" data-line-index=\"0\" data-line=\"true\">Vapeur, air, gaz, eau de lavage des chaudi\u00e8res, etc.<\/li>\n<li data-zone-id=\"0\" data-line-index=\"0\" data-line=\"true\">Gazole, flux de fioul de retour, etc.<\/li>\n<\/ul>\n<\/div>\n<\/div>\n<\/div>\n<\/div>\n<\/div>\n<\/div>\n<\/div>","protected":false},"excerpt":{"rendered":"<div class=\"short-description-head\">\n<div data-zone-id=\"0\" data-line-index=\"0\" data-line=\"true\">Le rotam\u00e8tre \u00e0 section variable MTLZ-M est disponible dans diff\u00e9rents mat\u00e9riaux et dans de nombreuses versions. Ce d\u00e9bitm\u00e8tre robuste enti\u00e8rement m\u00e9tallique peut \u00e9galement \u00eatre utilis\u00e9 dans des applications \u00e0 haute pression (jusqu'\u00e0 200 bar), \u00e0 haute temp\u00e9rature (-80 \u00e0 350 \u00b0C \/-112 \u00e0 +662 \u00b0F) ou dans des milieux agressifs.<\/div>\n<\/div>","protected":false},"featured_media":25595,"template":"","meta":[],"product_brand":[],"product_cat":[203,208,164,166,163],"product_tag":[],"class_list":{"0":"post-25592","1":"product","2":"type-product","3":"status-publish","4":"has-post-thumbnail","6":"product_cat-rotameters-flow-meter","7":"product_cat-gas-flow-meters","8":"product_cat-air-flow-meters","9":"product_cat-liquid-flow-meters","10":"product_cat-water-flow-meters","12":"first","13":"instock","14":"shipping-taxable","15":"purchasable","16":"product-type-simple"},"_links":{"self":[{"href":"https:\/\/metlaninst.com\/fr\/wp-json\/wp\/v2\/product\/25592","targetHints":{"allow":["GET"]}}],"collection":[{"href":"https:\/\/metlaninst.com\/fr\/wp-json\/wp\/v2\/product"}],"about":[{"href":"https:\/\/metlaninst.com\/fr\/wp-json\/wp\/v2\/types\/product"}],"version-history":[{"count":3,"href":"https:\/\/metlaninst.com\/fr\/wp-json\/wp\/v2\/product\/25592\/revisions"}],"predecessor-version":[{"id":25602,"href":"https:\/\/metlaninst.com\/fr\/wp-json\/wp\/v2\/product\/25592\/revisions\/25602"}],"wp:featuredmedia":[{"embeddable":true,"href":"https:\/\/metlaninst.com\/fr\/wp-json\/wp\/v2\/media\/25595"}],"wp:attachment":[{"href":"https:\/\/metlaninst.com\/fr\/wp-json\/wp\/v2\/media?parent=25592"}],"wp:term":[{"taxonomy":"product_brand","embeddable":true,"href":"https:\/\/metlaninst.com\/fr\/wp-json\/wp\/v2\/product_brand?post=25592"},{"taxonomy":"product_cat","embeddable":true,"href":"https:\/\/metlaninst.com\/fr\/wp-json\/wp\/v2\/product_cat?post=25592"},{"taxonomy":"product_tag","embeddable":true,"href":"https:\/\/metlaninst.com\/fr\/wp-json\/wp\/v2\/product_tag?post=25592"}],"curies":[{"name":"wp","href":"https:\/\/api.w.org\/{rel}","templated":true}]}}