{"id":25726,"date":"2024-12-27T05:06:06","date_gmt":"2024-12-27T05:06:06","guid":{"rendered":"https:\/\/www.metlaninst.com\/?post_type=product&#038;p=25726"},"modified":"2025-09-11T09:06:52","modified_gmt":"2025-09-11T09:06:52","slug":"debitmetre-volumetrique-a-double-rotor-mtdp-abr","status":"publish","type":"product","link":"https:\/\/metlaninst.com\/fr\/p\/debitmetre-volumetrique-a-double-rotor-mtdp-abr\/","title":{"rendered":"D\u00e9bitm\u00e8tre \u00e0 d\u00e9placement positif bi-rotor (MT-ABR)"},"content":{"rendered":"<div class=\"e-con-inner\">\n<div class=\"elementor-element e-con-full e-flex e-con e-child\">\n<div class=\"elementor-widget-container\">\n<h3 class=\"elementor-heading-title elementor-size-default\">Caract\u00e9ristiques :<\/h3>\n<\/div>\n<div class=\"elementor-widget-container\">\n<ol>\n<li data-zone-id=\"0\" data-line-index=\"0\" data-line=\"true\">Haute pr\u00e9cision jusqu'\u00e0 \u00b10,1 %, haute pression de processus jusqu'\u00e0 110 bar (1595 psi)<\/li>\n<li data-zone-id=\"0\" data-line-index=\"0\" data-line=\"true\">Dur\u00e9e de vie extr\u00eamement longue, entretien r\u00e9duit et \u00e9conomique<\/li>\n<li data-zone-id=\"0\" data-line-index=\"0\" data-line=\"true\">Deux rotors simples, sans contact m\u00e9tal contre m\u00e9tal, sont les seules pi\u00e8ces mobiles de la chambre de mesure.<\/li>\n<li data-zone-id=\"0\" data-line-index=\"0\" data-line=\"true\">Aucune pi\u00e8ce oscillante, alternative ou coulissante, ni aucune manivelle n'est susceptible d'user ou de perturber l'\u00e9quilibre rotatif.<\/li>\n<li data-zone-id=\"0\" data-line-index=\"0\" data-line=\"true\">Stabilit\u00e9 dans la course \u00e0 voix basse<\/li>\n<li data-zone-id=\"0\" data-line-index=\"0\" data-line=\"true\">Bonne performance anti-interf\u00e9rence et longue dur\u00e9e de vie<\/li>\n<li data-zone-id=\"0\" data-line-index=\"0\" data-line=\"true\">Forte applicabilit\u00e9 aux changements de viscosit\u00e9<\/li>\n<li data-zone-id=\"0\" data-line-index=\"0\" data-line=\"true\">Parfait pour : Essence \/ gaz liqu\u00e9fi\u00e9 (GPL), k\u00e9ros\u00e8ne, diesel l\u00e9ger, p\u00e9trole brut, fuel lourd, liquides \u00e0 haute viscosit\u00e9, liquides \u00e0 forte teneur en eau et liquides \u00e0 tr\u00e8s haute viscosit\u00e9.<\/li>\n<li data-zone-id=\"0\" data-line-index=\"0\" data-line=\"true\">La conception unique du rotor h\u00e9lico\u00efdal offre un certain nombre d'avantages par rapport aux compteurs PD traditionnels \u00e0 engrenages, notamment une perte de charge r\u00e9duite, la quasi-\u00e9limination des pulsations en aval, une meilleure tol\u00e9rance aux particules et une maintenance r\u00e9duite.<\/li>\n<li data-zone-id=\"0\" data-line-index=\"0\" data-line=\"true\">\u00c9galement disponible dans des constructions sp\u00e9cifiques au client<\/li>\n<li data-zone-id=\"0\" data-line-index=\"0\" data-line=\"true\">L'anglais, l'espagnol, le fran\u00e7ais et d'autres langues sur demande sont disponibles pour l'affichage LCD.<\/li>\n<li data-zone-id=\"0\" data-line-index=\"0\" data-line=\"true\">Chaque d\u00e9bitm\u00e8tre est \u00e9talonn\u00e9 et re\u00e7oit un num\u00e9ro de s\u00e9rie unique correspondant \u00e0 toutes les donn\u00e9es d'\u00e9talonnage.<\/li>\n<\/ol>\n<\/div>\n<\/div>\n<div class=\"elementor-element e-con-full e-flex e-con e-child\">\n<div class=\"elementor-widget-container\">\n<h3 class=\"elementor-heading-title elementor-size-default\">Applications :<\/h3>\n<\/div>\n<div class=\"elementor-widget-container\">\n<div>\n<ul>\n<li data-zone-id=\"0\" data-line-index=\"0\" data-line=\"true\">P\u00e9trole et gaz<\/li>\n<li data-zone-id=\"0\" data-line-index=\"0\" data-line=\"true\">Eau et eaux us\u00e9es<\/li>\n<li data-zone-id=\"0\" data-line-index=\"0\" data-line=\"true\">Industrie chimique et injection de produits chimiques<\/li>\n<li data-zone-id=\"0\" data-line-index=\"0\" data-line=\"true\">Production d'\u00e9lectricit\u00e9<\/li>\n<li data-zone-id=\"0\" data-line-index=\"0\" data-line=\"true\">Produits pharmaceutiques<\/li>\n<li data-zone-id=\"0\" data-line-index=\"0\" data-line=\"true\">Alimentation et boissons<\/li>\n<li data-zone-id=\"0\" data-line-index=\"0\" data-line=\"true\">P\u00e2tes et papiers<\/li>\n<li data-zone-id=\"0\" data-line-index=\"0\" data-line=\"true\">M\u00e9taux et mines<\/li>\n<li data-zone-id=\"0\" data-line-index=\"0\" data-line=\"true\">A\u00e9rospatiale<\/li>\n<li data-zone-id=\"0\" data-line-index=\"0\" data-line=\"true\">Essais hydrauliques<\/li>\n<\/ul>\n<\/div>\n<\/div>\n<\/div>\n<\/div>","protected":false},"excerpt":{"rendered":"<div class=\"short-description-head\">\n<div data-zone-id=\"0\" data-line-index=\"0\" data-line=\"true\">Le d\u00e9bitm\u00e8tre \u00e0 d\u00e9placement positif bi-rotor comporte deux pi\u00e8ces rotatives usin\u00e9es avec pr\u00e9cision, appel\u00e9es <strong>rotors h\u00e9lico\u00efdaux<\/strong> qui tournent et s'engr\u00e8nent \u00e0 l'int\u00e9rieur du bo\u00eetier du compteur afin de former une chambre de mesure de volume connu qui peut \u00eatre utilis\u00e9e pour d\u00e9terminer avec pr\u00e9cision le d\u00e9bit volum\u00e9trique en fonction de la vitesse des rotors. Il est utilis\u00e9 dans les applications les plus exigeantes en termes de pr\u00e9cision, de dur\u00e9e de vie et de robustesse, ce qui en fait un choix id\u00e9al pour les carburants et les huiles. Il est disponible en deux configurations, enregistrement m\u00e9canique int\u00e9gral ou sortie \u00e9lectronique. Le d\u00e9bitm\u00e8tre bi-rotor a une grande pr\u00e9cision jusqu'\u00e0 \u00b10,1 % et une pression de traitement \u00e9lev\u00e9e jusqu'\u00e0 110 bar (1595 psi).<\/div>\n<\/div>","protected":false},"featured_media":25729,"template":"","meta":[],"product_brand":[],"product_cat":[209,166,165],"product_tag":[],"class_list":{"0":"post-25726","1":"product","2":"type-product","3":"status-publish","4":"has-post-thumbnail","6":"product_cat-positive-displacement-flow-meters","7":"product_cat-liquid-flow-meters","8":"product_cat-oil-flow-meters","10":"first","11":"instock","12":"shipping-taxable","13":"purchasable","14":"product-type-simple"},"_links":{"self":[{"href":"https:\/\/metlaninst.com\/fr\/wp-json\/wp\/v2\/product\/25726","targetHints":{"allow":["GET"]}}],"collection":[{"href":"https:\/\/metlaninst.com\/fr\/wp-json\/wp\/v2\/product"}],"about":[{"href":"https:\/\/metlaninst.com\/fr\/wp-json\/wp\/v2\/types\/product"}],"version-history":[{"count":8,"href":"https:\/\/metlaninst.com\/fr\/wp-json\/wp\/v2\/product\/25726\/revisions"}],"predecessor-version":[{"id":27094,"href":"https:\/\/metlaninst.com\/fr\/wp-json\/wp\/v2\/product\/25726\/revisions\/27094"}],"wp:featuredmedia":[{"embeddable":true,"href":"https:\/\/metlaninst.com\/fr\/wp-json\/wp\/v2\/media\/25729"}],"wp:attachment":[{"href":"https:\/\/metlaninst.com\/fr\/wp-json\/wp\/v2\/media?parent=25726"}],"wp:term":[{"taxonomy":"product_brand","embeddable":true,"href":"https:\/\/metlaninst.com\/fr\/wp-json\/wp\/v2\/product_brand?post=25726"},{"taxonomy":"product_cat","embeddable":true,"href":"https:\/\/metlaninst.com\/fr\/wp-json\/wp\/v2\/product_cat?post=25726"},{"taxonomy":"product_tag","embeddable":true,"href":"https:\/\/metlaninst.com\/fr\/wp-json\/wp\/v2\/product_tag?post=25726"}],"curies":[{"name":"wp","href":"https:\/\/api.w.org\/{rel}","templated":true}]}}