{"id":26104,"date":"2024-01-16T08:06:44","date_gmt":"2024-01-16T08:06:44","guid":{"rendered":"https:\/\/www.metlaninst.com\/?post_type=product&#038;p=26104"},"modified":"2025-12-23T03:20:27","modified_gmt":"2025-12-23T03:20:27","slug":"eliminateurs-dair-filtres-mt-lpgx","status":"publish","type":"product","link":"https:\/\/metlaninst.com\/fr\/p\/eliminateurs-dair-filtres-mt-lpgx\/","title":{"rendered":"\u00c9liminateurs d'air \/ Filtres (MT-LPGX)"},"content":{"rendered":"<div class=\"e-con-inner\">\n<div class=\"elementor-element e-con-full e-flex e-con e-child\">\n<div class=\"elementor-widget-container\">\n<h3 class=\"elementor-heading-title elementor-size-default\">Caract\u00e9ristiques :<\/h3>\n<\/div>\n<div class=\"elementor-widget-container\">\n<ol>\n<li data-zone-id=\"0\" data-line-index=\"0\" data-line=\"true\">Install\u00e9 en amont du d\u00e9bitm\u00e8tre pour s'assurer que le fluide entrant dans l'appareil est exempt d'air ou de gaz.<\/li>\n<li data-zone-id=\"0\" data-line-index=\"0\" data-line=\"true\">\u00c9limine l'air ou le gaz entra\u00een\u00e9 dans le fluide.<\/li>\n<li data-zone-id=\"0\" data-line-index=\"0\" data-line=\"true\">prot\u00e9ger tous les composants du syst\u00e8me en aval.<\/li>\n<li data-zone-id=\"0\" data-line-index=\"0\" data-line=\"true\">\u00c9vite les impr\u00e9cisions dues aux poches d'air ou aux bulles dans le fluide, qui peuvent perturber les mesures de d\u00e9bit.<\/li>\n<li data-zone-id=\"0\" data-line-index=\"0\" data-line=\"true\">Indispensable dans les syst\u00e8mes o\u00f9 de l'air ou du gaz est susceptible de se m\u00e9langer au fluide, tels que les syst\u00e8mes de mesure de d\u00e9bit de carburant ou de produits chimiques.<\/li>\n<li data-zone-id=\"0\" data-line-index=\"0\" data-line=\"true\">Utilis\u00e9 dans les applications o\u00f9 la pr\u00e9cision de la mesure des liquides est essentielle.<\/li>\n<\/ol>\n<\/div>\n<\/div>\n<div class=\"elementor-element e-con-full e-flex e-con e-child\">\n<div class=\"elementor-widget-container\">\n<h3 class=\"elementor-heading-title elementor-size-default\">Applications :<\/h3>\n<\/div>\n<div class=\"elementor-widget-container\">\n<ul>\n<li data-zone-id=\"0\" data-line-index=\"0\" data-line=\"true\">P\u00e9trole et gaz<\/li>\n<li data-zone-id=\"0\" data-line-index=\"0\" data-line=\"true\">Eau et eaux us\u00e9es<\/li>\n<li data-zone-id=\"0\" data-line-index=\"0\" data-line=\"true\">Industrie chimique et injection de produits chimiques<\/li>\n<li data-zone-id=\"0\" data-line-index=\"0\" data-line=\"true\">Produits pharmaceutiques<\/li>\n<li data-zone-id=\"0\" data-line-index=\"0\" data-line=\"true\">Alimentation et boissons<\/li>\n<li data-zone-id=\"0\" data-line-index=\"0\" data-line=\"true\">Transfert de garde<\/li>\n<\/ul>\n<\/div>\n<\/div>\n<\/div>","protected":false},"excerpt":{"rendered":"<div class=\"short-description-head\">\n<div data-zone-id=\"0\" data-line-index=\"0\" data-line=\"true\">\n<div>\n<div data-zone-id=\"0\" data-line-index=\"0\" data-line=\"true\">The air Eliminators are designed to provide separation and elimination of air and solids in metering systems. Installing air eliminators \/ strainers upstream of measurement devices (especially positive displacement flow meters) ensures accurate measurement, whilst protecting all downstream system components.<\/div>\n<\/div>\n<\/div>\n<\/div>","protected":false},"featured_media":26107,"template":"","meta":[],"product_brand":[],"product_cat":[209,165],"product_tag":[],"class_list":{"0":"post-26104","1":"product","2":"type-product","3":"status-publish","4":"has-post-thumbnail","6":"product_cat-positive-displacement-flow-meters","7":"product_cat-oil-flow-meters","9":"first","10":"instock","11":"shipping-taxable","12":"purchasable","13":"product-type-simple"},"_links":{"self":[{"href":"https:\/\/metlaninst.com\/fr\/wp-json\/wp\/v2\/product\/26104","targetHints":{"allow":["GET"]}}],"collection":[{"href":"https:\/\/metlaninst.com\/fr\/wp-json\/wp\/v2\/product"}],"about":[{"href":"https:\/\/metlaninst.com\/fr\/wp-json\/wp\/v2\/types\/product"}],"version-history":[{"count":3,"href":"https:\/\/metlaninst.com\/fr\/wp-json\/wp\/v2\/product\/26104\/revisions"}],"predecessor-version":[{"id":27698,"href":"https:\/\/metlaninst.com\/fr\/wp-json\/wp\/v2\/product\/26104\/revisions\/27698"}],"wp:featuredmedia":[{"embeddable":true,"href":"https:\/\/metlaninst.com\/fr\/wp-json\/wp\/v2\/media\/26107"}],"wp:attachment":[{"href":"https:\/\/metlaninst.com\/fr\/wp-json\/wp\/v2\/media?parent=26104"}],"wp:term":[{"taxonomy":"product_brand","embeddable":true,"href":"https:\/\/metlaninst.com\/fr\/wp-json\/wp\/v2\/product_brand?post=26104"},{"taxonomy":"product_cat","embeddable":true,"href":"https:\/\/metlaninst.com\/fr\/wp-json\/wp\/v2\/product_cat?post=26104"},{"taxonomy":"product_tag","embeddable":true,"href":"https:\/\/metlaninst.com\/fr\/wp-json\/wp\/v2\/product_tag?post=26104"}],"curies":[{"name":"wp","href":"https:\/\/api.w.org\/{rel}","templated":true}]}}