{"id":26311,"date":"2025-02-16T10:14:37","date_gmt":"2025-02-16T10:14:37","guid":{"rendered":"https:\/\/www.metlaninst.com\/?post_type=product&#038;p=26311"},"modified":"2025-06-15T11:21:07","modified_gmt":"2025-06-15T11:21:07","slug":"insertion-debitmetre-massique-thermique-antideflagrant-mt211x-ex","status":"publish","type":"product","link":"https:\/\/metlaninst.com\/fr\/p\/insertion-debitmetre-massique-thermique-antideflagrant-mt211x-ex\/","title":{"rendered":"D\u00e9bitm\u00e8tre massique thermique antid\u00e9flagrant \u00e0 insertion (MT211x-Ex)"},"content":{"rendered":"<div class=\"e-con-inner\">\n<div class=\"elementor-element e-con-full e-flex e-con e-child\">\n<div class=\"elementor-widget-container\">\n<h3 class=\"elementor-heading-title elementor-size-default\">Caract\u00e9ristiques :<\/h3>\n<\/div>\n<div class=\"elementor-widget-container\">\n<ol>\n<li data-zone-id=\"0\" data-line-index=\"0\" data-line=\"true\">Classe antid\u00e9flagrante : Ex db IIC T6 Gb \/ Ex tb IIIC T80\u00b0CDb.<\/li>\n<li data-zone-id=\"0\" data-line-index=\"0\" data-line=\"true\">M\u00e9dium : Air comprim\u00e9, azote, oxyg\u00e8ne, dioxyde de carbone et autres gaz sans condensation.<\/li>\n<li data-zone-id=\"0\" data-line-index=\"0\" data-line=\"true\">Convient aux tuyaux de diam\u00e8tre DN20 \u00e0 DN1000.<\/li>\n<li data-zone-id=\"0\" data-line-index=\"0\" data-line=\"true\">\u00a0Rapport de r\u00e9duction ultra large de 1:2500, la plage de mesure s'\u00e9tend de 0,1 Nm\/s \u00e0 250 Nm\/s.<\/li>\n<li data-zone-id=\"0\" data-line-index=\"0\" data-line=\"true\">Traitement enti\u00e8rement num\u00e9rique du signal, plus grande pr\u00e9cision, stabilit\u00e9 \u00e0 long terme.<\/li>\n<li data-zone-id=\"0\" data-line-index=\"0\" data-line=\"true\">Bas\u00e9 sur le principe de la mesure du d\u00e9bit thermique, il n'est pas n\u00e9cessaire de compenser la pression et la temp\u00e9rature du gaz, la mesure de la temp\u00e9rature est int\u00e9gr\u00e9e.<\/li>\n<li data-zone-id=\"0\" data-line-index=\"0\" data-line=\"true\">La structure \u00e9lectrique enti\u00e8rement isol\u00e9e peut filtrer compl\u00e8tement les perturbations du champ.<\/li>\n<li data-zone-id=\"0\" data-line-index=\"0\" data-line=\"true\">L'anglais, l'espagnol, le fran\u00e7ais et d'autres langues sur demande sont disponibles pour l'affichage LCD.<\/li>\n<li data-zone-id=\"0\" data-line-index=\"0\" data-line=\"true\">Chaque d\u00e9bitm\u00e8tre est \u00e9talonn\u00e9 et re\u00e7oit un num\u00e9ro de s\u00e9rie unique correspondant \u00e0 toutes les donn\u00e9es d'\u00e9talonnage.<\/li>\n<\/ol>\n<\/div>\n<\/div>\n<div class=\"elementor-element e-con-full e-flex e-con e-child\">\n<div class=\"elementor-widget-container\">\n<h3 class=\"elementor-heading-title elementor-size-default\">Applications :<\/h3>\n<\/div>\n<div class=\"elementor-widget-container\">\n<p><strong>P\u00e9trole et gaz<\/strong><br \/>\n- Gaz de t\u00eate de puits, gaz de torche<br \/>\n<strong>Surveillance de l'environnement<\/strong><br \/>\n- \u00c9missions de chemin\u00e9e, biogaz, qualit\u00e9 de l'air<br \/>\n<strong>Chimie et p\u00e9trochimie<\/strong><br \/>\n- D\u00e9bit de gaz de process, injection de gaz, d\u00e9tection de fuites<br \/>\n<strong>Produits pharmaceutiques et biotechnologiques<\/strong><br \/>\n- D\u00e9bit d'air de la salle blanche, d\u00e9bit de gaz du bior\u00e9acteur<br \/>\n<strong>Alimentation et boissons<\/strong><br \/>\n- CO\u2082 dans la carbonatation, azote dans l'emballage<br \/>\n<strong>CVC<\/strong><br \/>\n- D\u00e9bit d'air des conduits, syst\u00e8mes de ventilation<\/p>\n<\/div>\n<\/div>\n<\/div>","protected":false},"excerpt":{"rendered":"<div class=\"short-description-head\">\n<div data-zone-id=\"0\" data-line-index=\"0\" data-line=\"true\">Ce d\u00e9bitm\u00e8tre massique thermique est la version antid\u00e9flagrante du MT211x, avec la classe Ex db IIC T6 Gb \/ Ex tb IIIC T80\u00b0C Db. Avec un rapport de r\u00e9duction tr\u00e8s large de 1:2500, la plage de mesure s'\u00e9tend de 0,1 Nm\/s \u00e0 250 Nm\/s, ce qui convient aux conduites de diam\u00e8tres DN20 \u00e0 DN1000.<\/div>\n<\/div>","protected":false},"featured_media":26312,"template":"","meta":[],"product_brand":[],"product_cat":[215,208,164],"product_tag":[],"class_list":{"0":"post-26311","1":"product","2":"type-product","3":"status-publish","4":"has-post-thumbnail","6":"product_cat-thermal-mass-flow-meters","7":"product_cat-gas-flow-meters","8":"product_cat-air-flow-meters","10":"first","11":"instock","12":"shipping-taxable","13":"purchasable","14":"product-type-simple"},"_links":{"self":[{"href":"https:\/\/metlaninst.com\/fr\/wp-json\/wp\/v2\/product\/26311","targetHints":{"allow":["GET"]}}],"collection":[{"href":"https:\/\/metlaninst.com\/fr\/wp-json\/wp\/v2\/product"}],"about":[{"href":"https:\/\/metlaninst.com\/fr\/wp-json\/wp\/v2\/types\/product"}],"version-history":[{"count":1,"href":"https:\/\/metlaninst.com\/fr\/wp-json\/wp\/v2\/product\/26311\/revisions"}],"predecessor-version":[{"id":26313,"href":"https:\/\/metlaninst.com\/fr\/wp-json\/wp\/v2\/product\/26311\/revisions\/26313"}],"wp:featuredmedia":[{"embeddable":true,"href":"https:\/\/metlaninst.com\/fr\/wp-json\/wp\/v2\/media\/26312"}],"wp:attachment":[{"href":"https:\/\/metlaninst.com\/fr\/wp-json\/wp\/v2\/media?parent=26311"}],"wp:term":[{"taxonomy":"product_brand","embeddable":true,"href":"https:\/\/metlaninst.com\/fr\/wp-json\/wp\/v2\/product_brand?post=26311"},{"taxonomy":"product_cat","embeddable":true,"href":"https:\/\/metlaninst.com\/fr\/wp-json\/wp\/v2\/product_cat?post=26311"},{"taxonomy":"product_tag","embeddable":true,"href":"https:\/\/metlaninst.com\/fr\/wp-json\/wp\/v2\/product_tag?post=26311"}],"curies":[{"name":"wp","href":"https:\/\/api.w.org\/{rel}","templated":true}]}}