{"id":26402,"date":"2024-11-10T07:06:27","date_gmt":"2024-11-10T07:06:27","guid":{"rendered":"https:\/\/www.metlaninst.com\/?post_type=product&#038;p=26402"},"modified":"2025-04-25T09:27:39","modified_gmt":"2025-04-25T09:27:39","slug":"debitmetre-massique-coriolis-forme-c-mtd-acmc","status":"publish","type":"product","link":"https:\/\/metlaninst.com\/fr\/p\/debitmetre-massique-coriolis-forme-c-mtd-acmc\/","title":{"rendered":"D\u00e9bitm\u00e8tre massique Coriolis forme C (MTD-ACMC)"},"content":{"rendered":"<div class=\"e-con-inner\">\n<div class=\"elementor-element e-con-full e-flex e-con e-child\">\n<div class=\"elementor-widget-container\">\n<h3 class=\"elementor-heading-title elementor-size-default\">Caract\u00e9ristiques :<\/h3>\n<\/div>\n<div class=\"elementor-widget-container\">\n<ol class=\"product-description-list\">\n<li>Haute pr\u00e9cision jusqu'\u00e0 \u00b10,1 %, Bonne fiabilit\u00e9<\/li>\n<li>Bonnes performances en mati\u00e8re de stabilit\u00e9 z\u00e9ro et d'anti-interf\u00e9rence<\/li>\n<li>Pas de pi\u00e8ces mobiles, pas d'entretien n\u00e9cessaire<\/li>\n<li>Communication num\u00e9rique multiple, y compris Hart<\/li>\n<li>L'anglais, l'espagnol, le fran\u00e7ais et d'autres langues sur demande sont disponibles pour l'affichage LCD.<\/li>\n<li>Chaque d\u00e9bitm\u00e8tre est \u00e9talonn\u00e9 et re\u00e7oit un num\u00e9ro de s\u00e9rie unique correspondant \u00e0 toutes les donn\u00e9es d'\u00e9talonnage.<\/li>\n<\/ol>\n<\/div>\n<\/div>\n<div class=\"elementor-element e-con-full e-flex e-con e-child\">\n<div class=\"elementor-widget-container\">\n<h3 class=\"elementor-heading-title elementor-size-default\">Applications :<\/h3>\n<\/div>\n<div class=\"elementor-widget-container\">\n<h5 class=\"first\">G\u00e9n\u00e9ral<\/h5>\n<ul class=\"product-description-list\">\n<li style=\"list-style-type: none;\">\n<ul class=\"product-description-list\">\n<li>Mesure des liquides, des gaz et des liquides entra\u00een\u00e9s par le gaz<\/li>\n<li>Produits tr\u00e8s agressifs, hautement corrosifs ou sensibles au cisaillement<\/li>\n<li>Produits n\u00e9cessitant une faible vitesse d'\u00e9coulement<\/li>\n<li>M\u00e9langes non homog\u00e8nes<\/li>\n<li>Transfert de garde (comptage fiscal)<\/li>\n<\/ul>\n<\/li>\n<\/ul>\n<h5>Industrie chimique et autres industries de transformation<\/h5>\n<ul class=\"product-description-list\">\n<li style=\"list-style-type: none;\">\n<ul class=\"product-description-list\">\n<li>Mesure de la concentration, de la densit\u00e9<\/li>\n<li>Chargement en vrac<\/li>\n<li>Mise en lots vers les r\u00e9acteurs<\/li>\n<li>Acides, bases, phosg\u00e8ne et autres substances chlor\u00e9es, substances sulfuriques<\/li>\n<\/ul>\n<\/li>\n<\/ul>\n<h5>Industrie alimentaire et des boissons<\/h5>\n<ul class=\"product-description-list\">\n<li style=\"list-style-type: none;\">\n<ul class=\"product-description-list\">\n<li>M\u00e9lange, dosage, remplissage<\/li>\n<li>Mesure du d\u00e9bit, de la densit\u00e9 et de la gravit\u00e9 sp\u00e9cifique dans les processus de brassage<\/li>\n<li>Dosage de l'extrait de houblon<\/li>\n<li>Processus de r\u00e9ception, de dosage et de s\u00e9paration du lait dans les laiteries<\/li>\n<li>Mesure de la valeur Brix, de la densit\u00e9 et du d\u00e9bit dans les jus de fruits<\/li>\n<li>Produits huileux et gras (par exemple, m\u00e9langes cr\u00e9meux d'\u00e9pinards, etc.)<\/li>\n<li>Chocolat liquide, miel, marmelade, sirop, cr\u00e8me glac\u00e9e, etc.<\/li>\n<li>Injection de CO2<\/li>\n<li>Boissons alcoolis\u00e9es (whisky, vin, vodka, etc.)<\/li>\n<\/ul>\n<\/li>\n<\/ul>\n<h5>Industrie pharmaceutique<\/h5>\n<ul class=\"product-description-list\">\n<li style=\"list-style-type: none;\">\n<ul class=\"product-description-list\">\n<li>M\u00e9lange, dosage, remplissage<\/li>\n<li>Extraction par solvant<\/li>\n<\/ul>\n<\/li>\n<\/ul>\n<h5>Industrie p\u00e9troli\u00e8re et gazi\u00e8re<\/h5>\n<ul class=\"product-description-list\">\n<li style=\"list-style-type: none;\">\n<ul class=\"product-description-list\">\n<li>Skids de comptage, chargement de vrac et de citernes, transfert par pipeline, mesure de densit\u00e9 en ligne<\/li>\n<li>Hydrocarbures liquides, gaz liqu\u00e9fi\u00e9s (propane, etc.)<\/li>\n<\/ul>\n<\/li>\n<\/ul>\n<h5>Industrie du papier et de la p\u00e2te \u00e0 papier<\/h5>\n<ul class=\"product-description-list\">\n<li style=\"list-style-type: none;\">\n<ul class=\"product-description-list\">\n<li>Papier de base, p\u00e2te \u00e0 papier<\/li>\n<li>Cuisines de rev\u00eatement<\/li>\n<\/ul>\n<\/li>\n<\/ul>\n<h5>Industrie de l'eau et des eaux us\u00e9es<\/h5>\n<ul class=\"product-description-list\">\n<li>Dosage des floculants<\/li>\n<li>Mesure du d\u00e9bit et de la densit\u00e9 des boues<\/li>\n<\/ul>\n<\/div>\n<\/div>\n<\/div>","protected":false},"excerpt":{"rendered":"<div class=\"short-description-head\">Ce d\u00e9bitm\u00e8tre massique Coriolis MTD-ACMC offre les meilleures performances en mati\u00e8re de mesure du d\u00e9bit massique, de la densit\u00e9 et de la temp\u00e9rature, avec une pr\u00e9cision pouvant atteindre \u00b10,1 %. Il pr\u00e9sente les caract\u00e9ristiques d'une faible r\u00e9sistance et d'une faible perte de pression, ce qui am\u00e9liore consid\u00e9rablement la pr\u00e9cision de la mesure, \u00e9largit le rapport de gamme, am\u00e9liore la capacit\u00e9 anti-interf\u00e9rence et r\u00e9pond davantage aux conditions de travail sur site de plus en plus complexes pour les mesures de haute pr\u00e9cision.<\/div>","protected":false},"featured_media":26405,"template":"","meta":[],"product_brand":[],"product_cat":[171,208,205,164,166,165],"product_tag":[],"class_list":{"0":"post-26402","1":"product","2":"type-product","3":"status-publish","4":"has-post-thumbnail","6":"product_cat-coriolis-flow-meters","7":"product_cat-gas-flow-meters","8":"product_cat-steam-flow-meters","9":"product_cat-air-flow-meters","10":"product_cat-liquid-flow-meters","11":"product_cat-oil-flow-meters","13":"first","14":"instock","15":"shipping-taxable","16":"purchasable","17":"product-type-simple"},"_links":{"self":[{"href":"https:\/\/metlaninst.com\/fr\/wp-json\/wp\/v2\/product\/26402","targetHints":{"allow":["GET"]}}],"collection":[{"href":"https:\/\/metlaninst.com\/fr\/wp-json\/wp\/v2\/product"}],"about":[{"href":"https:\/\/metlaninst.com\/fr\/wp-json\/wp\/v2\/types\/product"}],"version-history":[{"count":1,"href":"https:\/\/metlaninst.com\/fr\/wp-json\/wp\/v2\/product\/26402\/revisions"}],"predecessor-version":[{"id":26406,"href":"https:\/\/metlaninst.com\/fr\/wp-json\/wp\/v2\/product\/26402\/revisions\/26406"}],"wp:featuredmedia":[{"embeddable":true,"href":"https:\/\/metlaninst.com\/fr\/wp-json\/wp\/v2\/media\/26405"}],"wp:attachment":[{"href":"https:\/\/metlaninst.com\/fr\/wp-json\/wp\/v2\/media?parent=26402"}],"wp:term":[{"taxonomy":"product_brand","embeddable":true,"href":"https:\/\/metlaninst.com\/fr\/wp-json\/wp\/v2\/product_brand?post=26402"},{"taxonomy":"product_cat","embeddable":true,"href":"https:\/\/metlaninst.com\/fr\/wp-json\/wp\/v2\/product_cat?post=26402"},{"taxonomy":"product_tag","embeddable":true,"href":"https:\/\/metlaninst.com\/fr\/wp-json\/wp\/v2\/product_tag?post=26402"}],"curies":[{"name":"wp","href":"https:\/\/api.w.org\/{rel}","templated":true}]}}