{"id":26420,"date":"2025-02-15T09:24:32","date_gmt":"2025-02-15T09:24:32","guid":{"rendered":"https:\/\/www.metlaninst.com\/?post_type=product&#038;p=26420"},"modified":"2025-06-17T03:14:44","modified_gmt":"2025-06-17T03:14:44","slug":"debitmetre-de-gaz-a-ultrasons-de-haute-precision-mts-lynsb","status":"publish","type":"product","link":"https:\/\/metlaninst.com\/fr\/p\/debitmetre-de-gaz-a-ultrasons-de-haute-precision-mts-lynsb\/","title":{"rendered":"D\u00e9bitm\u00e8tre de gaz \u00e0 ultrasons de haute pr\u00e9cision (MTS-LYNSB)"},"content":{"rendered":"<div class=\"e-con-inner\">\n<div class=\"elementor-element e-con-full e-flex e-con e-child\">\n<div class=\"elementor-widget-container\">\n<h3 class=\"elementor-heading-title elementor-size-default\">Caract\u00e9ristiques :<\/h3>\n<\/div>\n<div class=\"elementor-widget-container\">\n<ol>\n<li data-zone-id=\"0\" data-line-index=\"0\" data-line=\"true\">Haute pr\u00e9cision pour les gaz jusqu'\u00e0 \u00b10,5%<\/li>\n<li data-zone-id=\"0\" data-line-index=\"0\" data-line=\"true\">Pas de pi\u00e8ces mobiles, pas de perte de pression, pas d'obstruction de la ligne<\/li>\n<li data-zone-id=\"0\" data-line-index=\"0\" data-line=\"true\">Pas de lubrification ni d'entretien p\u00e9riodique<\/li>\n<li data-zone-id=\"0\" data-line-index=\"0\" data-line=\"true\">La mesure n'est pas affect\u00e9e par les propri\u00e9t\u00e9s du gaz<\/li>\n<li data-zone-id=\"0\" data-line-index=\"0\" data-line=\"true\">Rapport de r\u00e9duction large de 100:1<\/li>\n<li data-zone-id=\"0\" data-line-index=\"0\" data-line=\"true\">Capacit\u00e9 bidirectionnelle<\/li>\n<li data-zone-id=\"0\" data-line-index=\"0\" data-line=\"true\">L'anglais, l'espagnol, le fran\u00e7ais et d'autres langues sur demande sont disponibles pour l'affichage LCD.<\/li>\n<li data-zone-id=\"0\" data-line-index=\"0\" data-line=\"true\">Chaque d\u00e9bitm\u00e8tre est \u00e9talonn\u00e9 et re\u00e7oit un num\u00e9ro de s\u00e9rie unique correspondant \u00e0 toutes les donn\u00e9es d'\u00e9talonnage.<\/li>\n<\/ol>\n<\/div>\n<\/div>\n<div class=\"elementor-element e-con-full e-flex e-con e-child\">\n<div class=\"elementor-widget-container\">\n<h3 class=\"elementor-heading-title elementor-size-default\">Applications :<\/h3>\n<\/div>\n<div class=\"elementor-widget-container\">\n<h5 class=\"first\">Applications typiques :<\/h5>\n<div>\n<ul>\n<li data-zone-id=\"0\" data-line-index=\"0\" data-line=\"true\">Applications de transfert de garde (gaz naturel, N2, 02, air, \u00e9thyl\u00e8ne)<\/li>\n<li data-zone-id=\"0\" data-line-index=\"0\" data-line=\"true\">applications onshore et offshore<\/li>\n<li data-zone-id=\"0\" data-line-index=\"0\" data-line=\"true\">Installations de stockage souterrain de gaz (mesure bidirectionnelle possible)<\/li>\n<li data-zone-id=\"0\" data-line-index=\"0\" data-line=\"true\">Pour les gaz \u00e0 forte teneur en H2S, tels que les gaz acides ou les biogaz<\/li>\n<\/ul>\n<\/div>\n<h5>Industries :<\/h5>\n<div>\n<ul>\n<li data-zone-id=\"0\" data-line-index=\"0\" data-line=\"true\">Solutions en amont\/en mer<\/li>\n<li data-zone-id=\"0\" data-line-index=\"0\" data-line=\"true\">Stockage et distribution de p\u00e9trole et de gaz<\/li>\n<li data-zone-id=\"0\" data-line-index=\"0\" data-line=\"true\">Solutions pour les raffineries<\/li>\n<li data-zone-id=\"0\" data-line-index=\"0\" data-line=\"true\">Stockage et traitement souterrain du gaz<\/li>\n<li data-zone-id=\"0\" data-line-index=\"0\" data-line=\"true\">Solutions pour le p\u00e9trole et le gaz onshore\/shaleIndustrie du fer, de l'acier et des m\u00e9taux<\/li>\n<\/ul>\n<\/div>\n<div><\/div>\n<\/div>\n<\/div>\n<\/div>","protected":false},"excerpt":{"rendered":"<div class=\"short-description-head\">\n<div data-zone-id=\"0\" data-line-index=\"0\" data-line=\"true\">Le MTS-LYNSB est id\u00e9al pour le transfert de propri\u00e9t\u00e9 du gaz naturel et la mesure tr\u00e8s pr\u00e9cise des gaz de process avec une pr\u00e9cision allant jusqu'\u00e0 \u00b10,5%. Il mesure la vitesse d'\u00e9coulement du gaz par le biais des temps de transit des impulsions ultrasoniques et calcule le taux d'\u00e9coulement dans les conditions de mesure.<\/div>\n<\/div>","protected":false},"featured_media":26421,"template":"","meta":[],"product_brand":[],"product_cat":[216,208,164],"product_tag":[],"class_list":{"0":"post-26420","1":"product","2":"type-product","3":"status-publish","4":"has-post-thumbnail","6":"product_cat-ultrasonic-gas-flow-meter","7":"product_cat-gas-flow-meters","8":"product_cat-air-flow-meters","10":"first","11":"instock","12":"shipping-taxable","13":"purchasable","14":"product-type-simple"},"_links":{"self":[{"href":"https:\/\/metlaninst.com\/fr\/wp-json\/wp\/v2\/product\/26420","targetHints":{"allow":["GET"]}}],"collection":[{"href":"https:\/\/metlaninst.com\/fr\/wp-json\/wp\/v2\/product"}],"about":[{"href":"https:\/\/metlaninst.com\/fr\/wp-json\/wp\/v2\/types\/product"}],"version-history":[{"count":2,"href":"https:\/\/metlaninst.com\/fr\/wp-json\/wp\/v2\/product\/26420\/revisions"}],"predecessor-version":[{"id":27022,"href":"https:\/\/metlaninst.com\/fr\/wp-json\/wp\/v2\/product\/26420\/revisions\/27022"}],"wp:featuredmedia":[{"embeddable":true,"href":"https:\/\/metlaninst.com\/fr\/wp-json\/wp\/v2\/media\/26421"}],"wp:attachment":[{"href":"https:\/\/metlaninst.com\/fr\/wp-json\/wp\/v2\/media?parent=26420"}],"wp:term":[{"taxonomy":"product_brand","embeddable":true,"href":"https:\/\/metlaninst.com\/fr\/wp-json\/wp\/v2\/product_brand?post=26420"},{"taxonomy":"product_cat","embeddable":true,"href":"https:\/\/metlaninst.com\/fr\/wp-json\/wp\/v2\/product_cat?post=26420"},{"taxonomy":"product_tag","embeddable":true,"href":"https:\/\/metlaninst.com\/fr\/wp-json\/wp\/v2\/product_tag?post=26420"}],"curies":[{"name":"wp","href":"https:\/\/api.w.org\/{rel}","templated":true}]}}