{"id":26591,"date":"2024-12-15T08:22:22","date_gmt":"2024-12-15T08:22:22","guid":{"rendered":"https:\/\/www.metlaninst.com\/?post_type=product&#038;p=26591"},"modified":"2025-03-21T02:25:06","modified_gmt":"2025-03-21T02:25:06","slug":"debitmetres-de-gaz-a-turbine-de-haute-precision-lwgymt-es","status":"publish","type":"product","link":"https:\/\/metlaninst.com\/fr\/p\/debitmetres-de-gaz-a-turbine-de-haute-precision-lwgymt-es\/","title":{"rendered":"D\u00e9bitm\u00e8tres de gaz de turbine de haute pr\u00e9cision (LWGYMT-ES)"},"content":{"rendered":"<div class=\"e-con-inner\">\n<div class=\"elementor-element e-con-full e-flex e-con e-child\">\n<div class=\"elementor-widget-container\">\n<h3 class=\"elementor-heading-title elementor-size-default\">Caract\u00e9ristiques :<\/h3>\n<\/div>\n<div class=\"elementor-widget-container\">\n<ol>\n<li>Compensation de la temp\u00e9rature et de la pression.<\/li>\n<li>\u00c9cran LCD \u00e0 segments, affichage normal \u00e0 -30\u2103<\/li>\n<li>Mouvement int\u00e9gr\u00e9<\/li>\n<li>Communication : Modbus RS485<\/li>\n<li>Affichage simultan\u00e9 du d\u00e9bit, du volume total, de la pression et de la temp\u00e9rature.<\/li>\n<li>\u00c9galement disponible dans des constructions sp\u00e9cifiques au client<\/li>\n<li>L'anglais, l'espagnol, le fran\u00e7ais et d'autres langues sur demande sont disponibles pour l'affichage LCD.<\/li>\n<li>Chaque d\u00e9bitm\u00e8tre est \u00e9talonn\u00e9 et re\u00e7oit un num\u00e9ro de s\u00e9rie unique correspondant \u00e0 toutes les donn\u00e9es d'\u00e9talonnage.<\/li>\n<\/ol>\n<\/div>\n<\/div>\n<div class=\"elementor-element e-con-full e-flex e-con e-child\">\n<div class=\"elementor-widget-container\">\n<h3 class=\"elementor-heading-title elementor-size-default\">Applications :<\/h3>\n<\/div>\n<div class=\"elementor-widget-container\">\n<h5>G\u00e9n\u00e9ral<\/h5>\n<div>\n<ul>\n<li data-zone-id=\"0\" data-line-index=\"0\" data-line=\"true\">Mesure pr\u00e9cise du d\u00e9bit de gaz dans divers environnements industriels<\/li>\n<\/ul>\n<\/div>\n<h5>Industrie du p\u00e9trole et du gaz<\/h5>\n<div>\n<ul>\n<li data-zone-id=\"0\" data-line-index=\"0\" data-line=\"true\">Surveillance des gazoducs<\/li>\n<li data-zone-id=\"0\" data-line-index=\"0\" data-line=\"true\">Mesures pr\u00e9cises dans les syst\u00e8mes d'injection et de traitement du gaz<\/li>\n<\/ul>\n<\/div>\n<h5>Fabrication industrielle<\/h5>\n<div>\n<ul>\n<li data-zone-id=\"0\" data-line-index=\"0\" data-line=\"true\">Mesure des gaz dans les applications industrielles et chimiques<\/li>\n<\/ul>\n<h5>Production d'\u00e9lectricit\u00e9<\/h5>\n<div>\n<ul>\n<li data-zone-id=\"0\" data-line-index=\"0\" data-line=\"true\">Surveillance des flux de gaz pour l'efficacit\u00e9 des centrales \u00e9lectriques<\/li>\n<\/ul>\n<\/div>\n<\/div>\n<\/div>\n<\/div>\n<\/div>","protected":false},"excerpt":{"rendered":"<div class=\"short-description-head\">\n<div data-zone-id=\"0\" data-line-index=\"0\" data-line=\"true\">Le LWGYMT-ES est un d\u00e9bitm\u00e8tre de gaz de turbine de haute pr\u00e9cision, jusqu'\u00e0 \u00b11,0%. Il convient parfaitement \u00e0 la mesure de fluides gazeux non corrosifs \u00e0 d\u00e9bit moyen ou faible, tels que le gaz naturel, le propane, le butane, le dioxyde de carbone et l'azote, largement utilis\u00e9s dans les secteurs de l'industrie, de l'agriculture et de la sant\u00e9. <em>comptage du gaz<\/em> pour les industries p\u00e9troli\u00e8res, chimiques, \u00e9nerg\u00e9tiques et m\u00e9tallurgiques, les syst\u00e8mes de chaudi\u00e8res, ainsi que les r\u00e9seaux urbains de gaz naturel, les stations de r\u00e9gulation de la pression du gaz et la mesure du commerce du gaz.<\/div>\n<\/div>","protected":false},"featured_media":26592,"template":"","meta":[],"product_brand":[],"product_cat":[120,208,164],"product_tag":[],"class_list":{"0":"post-26591","1":"product","2":"type-product","3":"status-publish","4":"has-post-thumbnail","6":"product_cat-turbine-flow-meters","7":"product_cat-gas-flow-meters","8":"product_cat-air-flow-meters","10":"first","11":"instock","12":"shipping-taxable","13":"purchasable","14":"product-type-simple"},"_links":{"self":[{"href":"https:\/\/metlaninst.com\/fr\/wp-json\/wp\/v2\/product\/26591","targetHints":{"allow":["GET"]}}],"collection":[{"href":"https:\/\/metlaninst.com\/fr\/wp-json\/wp\/v2\/product"}],"about":[{"href":"https:\/\/metlaninst.com\/fr\/wp-json\/wp\/v2\/types\/product"}],"version-history":[{"count":1,"href":"https:\/\/metlaninst.com\/fr\/wp-json\/wp\/v2\/product\/26591\/revisions"}],"predecessor-version":[{"id":26593,"href":"https:\/\/metlaninst.com\/fr\/wp-json\/wp\/v2\/product\/26591\/revisions\/26593"}],"wp:featuredmedia":[{"embeddable":true,"href":"https:\/\/metlaninst.com\/fr\/wp-json\/wp\/v2\/media\/26592"}],"wp:attachment":[{"href":"https:\/\/metlaninst.com\/fr\/wp-json\/wp\/v2\/media?parent=26591"}],"wp:term":[{"taxonomy":"product_brand","embeddable":true,"href":"https:\/\/metlaninst.com\/fr\/wp-json\/wp\/v2\/product_brand?post=26591"},{"taxonomy":"product_cat","embeddable":true,"href":"https:\/\/metlaninst.com\/fr\/wp-json\/wp\/v2\/product_cat?post=26591"},{"taxonomy":"product_tag","embeddable":true,"href":"https:\/\/metlaninst.com\/fr\/wp-json\/wp\/v2\/product_tag?post=26591"}],"curies":[{"name":"wp","href":"https:\/\/api.w.org\/{rel}","templated":true}]}}