{"id":26621,"date":"2024-09-15T13:30:46","date_gmt":"2024-09-15T13:30:46","guid":{"rendered":"https:\/\/www.metlaninst.com\/?post_type=product&#038;p=26621"},"modified":"2025-03-21T02:47:06","modified_gmt":"2025-03-21T02:47:06","slug":"debitmetre-de-gaz-a-tube-de-pitot-mtkb-201x","status":"publish","type":"product","link":"https:\/\/metlaninst.com\/fr\/p\/debitmetre-de-gaz-a-tube-de-pitot-mtkb-201x\/","title":{"rendered":"D\u00e9bitm\u00e8tre de gaz \u00e0 tube de Pitot MTKB-201x"},"content":{"rendered":"<div class=\"e-con-inner\">\n<div class=\"elementor-element e-con-full e-flex e-con e-child\">\n<div class=\"elementor-widget-container\">\n<h3 class=\"elementor-heading-title elementor-size-default\">Caract\u00e9ristiques :<\/h3>\n<\/div>\n<div class=\"elementor-widget-container\">\n<ol>\n<li>Applicable \u00e0 la mesure de l'air sale et humide<\/li>\n<li>L'\u00e9talonnage automatique en ligne r\u00e9duit la d\u00e9rive des donn\u00e9es<\/li>\n<li>haute sensibilit\u00e9, la limite inf\u00e9rieure est de 5 Nm\/s<\/li>\n<li>Rapport de r\u00e9duction large de 1:60<\/li>\n<li>Mesure du d\u00e9bit bidirectionnel<\/li>\n<li>Int\u00e9gration de capteurs de pression et de temp\u00e9rature pour surveiller la pression et la temp\u00e9rature du gaz en ligne<\/li>\n<li>Pas de pi\u00e8ces mobiles, faible perte de charge<\/li>\n<li>Il n'est pas affect\u00e9 par les vibrations du pipeline<\/li>\n<li>L'anglais, l'espagnol, le fran\u00e7ais et d'autres langues sur demande sont disponibles pour l'affichage LCD.<\/li>\n<li>Chaque d\u00e9bitm\u00e8tre est \u00e9talonn\u00e9 et re\u00e7oit un num\u00e9ro de s\u00e9rie unique correspondant \u00e0 toutes les donn\u00e9es d'\u00e9talonnage.<\/li>\n<\/ol>\n<\/div>\n<\/div>\n<div class=\"elementor-element e-con-full e-flex e-con e-child\">\n<div class=\"elementor-widget-container\">\n<h3 class=\"elementor-heading-title elementor-size-default\">Applications :<\/h3>\n<\/div>\n<div class=\"elementor-widget-container\">\n<p><strong>G\u00e9n\u00e9ral<\/strong><\/p>\n<ul>\n<li>Air sec \/ humide et gaz non corrosifs<\/li>\n<li>Services publics et vapeur, surveillance de l'\u00e9nergie<\/li>\n<li>Proc\u00e9d\u00e9s de combustion thermique, air primaire et secondaire<\/li>\n<li>D\u00e9poussi\u00e9rage et ventilation<\/li>\n<li>Air comprim\u00e9<\/li>\n<li>Biogaz<\/li>\n<\/ul>\n<\/div>\n<\/div>\n<\/div>","protected":false},"excerpt":{"rendered":"<div class=\"short-description-head\">\n<div data-zone-id=\"0\" data-line-index=\"0\" data-line=\"true\">Le d\u00e9bitm\u00e8tre \u00e0 tube de Pitot MTKB-201x est un choix parfait pour les gaz, en particulier les gaz non corrosifs sales\/humides. La limite de mesure tr\u00e8s basse peut atteindre 5 Nm\/s, et le rapport de r\u00e9duction est de 1:60. L'auto-\u00e9talonnage en ligne compense automatiquement les impacts des changements de temp\u00e9rature, des changements de pression et de la pollution du capteur.<\/div>\n<\/div>","protected":false},"featured_media":26624,"template":"","meta":[],"product_brand":[],"product_cat":[122,208,164],"product_tag":[],"class_list":{"0":"post-26621","1":"product","2":"type-product","3":"status-publish","4":"has-post-thumbnail","6":"product_cat-differential-pressure-flow-meters","7":"product_cat-gas-flow-meters","8":"product_cat-air-flow-meters","10":"first","11":"instock","12":"shipping-taxable","13":"purchasable","14":"product-type-variable"},"_links":{"self":[{"href":"https:\/\/metlaninst.com\/fr\/wp-json\/wp\/v2\/product\/26621","targetHints":{"allow":["GET"]}}],"collection":[{"href":"https:\/\/metlaninst.com\/fr\/wp-json\/wp\/v2\/product"}],"about":[{"href":"https:\/\/metlaninst.com\/fr\/wp-json\/wp\/v2\/types\/product"}],"version-history":[{"count":2,"href":"https:\/\/metlaninst.com\/fr\/wp-json\/wp\/v2\/product\/26621\/revisions"}],"predecessor-version":[{"id":26628,"href":"https:\/\/metlaninst.com\/fr\/wp-json\/wp\/v2\/product\/26621\/revisions\/26628"}],"wp:featuredmedia":[{"embeddable":true,"href":"https:\/\/metlaninst.com\/fr\/wp-json\/wp\/v2\/media\/26624"}],"wp:attachment":[{"href":"https:\/\/metlaninst.com\/fr\/wp-json\/wp\/v2\/media?parent=26621"}],"wp:term":[{"taxonomy":"product_brand","embeddable":true,"href":"https:\/\/metlaninst.com\/fr\/wp-json\/wp\/v2\/product_brand?post=26621"},{"taxonomy":"product_cat","embeddable":true,"href":"https:\/\/metlaninst.com\/fr\/wp-json\/wp\/v2\/product_cat?post=26621"},{"taxonomy":"product_tag","embeddable":true,"href":"https:\/\/metlaninst.com\/fr\/wp-json\/wp\/v2\/product_tag?post=26621"}],"curies":[{"name":"wp","href":"https:\/\/api.w.org\/{rel}","templated":true}]}}