{"id":26694,"date":"2025-04-19T02:56:05","date_gmt":"2025-04-19T02:56:05","guid":{"rendered":"https:\/\/www.metlaninst.com\/?post_type=product&#038;p=26694"},"modified":"2025-06-15T11:05:40","modified_gmt":"2025-06-15T11:05:40","slug":"controleur-de-debit-massique-de-gaz-thermique-mtl20fd","status":"publish","type":"product","link":"https:\/\/metlaninst.com\/fr\/p\/controleur-de-debit-massique-de-gaz-thermique-mtl20fd\/","title":{"rendered":"D\u00e9bitm\u00e8tre massique \u00e0 gaz thermique \/ Contr\u00f4leur (MTL20FD)"},"content":{"rendered":"<div class=\"e-con-inner\">\n<div class=\"elementor-element e-con-full e-flex e-con e-child\">\n<div class=\"elementor-widget-container\">\n<h3 class=\"elementor-heading-title elementor-size-default\">Caract\u00e9ristiques :<\/h3>\n<\/div>\n<div class=\"elementor-widget-container\">\n<ol>\n<li data-zone-id=\"0\" data-line-index=\"0\" data-line=\"true\">\u00a0Con\u00e7u pour la mesure de gaz \u00e0 faible d\u00e9bit.<\/li>\n<li data-zone-id=\"0\" data-line-index=\"0\" data-line=\"true\">Rapport de r\u00e9duction : 50:1 pour le r\u00e9gulateur de d\u00e9bit massique num\u00e9rique ; 100:1 pour le d\u00e9bitm\u00e8tre massique num\u00e9rique.<\/li>\n<li data-zone-id=\"0\" data-line-index=\"0\" data-line=\"true\">Temps de r\u00e9ponse : r\u00e9gulateur de d\u00e9bit massique&lt;0,2s ; d\u00e9bitm\u00e8tre massique &lt;0,1s<\/li>\n<li data-zone-id=\"0\" data-line-index=\"0\" data-line=\"true\">Contr\u00f4leur PID int\u00e9gr\u00e9 pour r\u00e9guler le d\u00e9bit<\/li>\n<li data-zone-id=\"0\" data-line-index=\"0\" data-line=\"true\">Mesure directe du d\u00e9bit massique, compensation automatique de la temp\u00e9rature<\/li>\n<li data-zone-id=\"0\" data-line-index=\"0\" data-line=\"true\">\u00c9cran tactile<\/li>\n<li data-zone-id=\"0\" data-line-index=\"0\" data-line=\"true\">Convient \u00e0 diverses canalisations \u00e0 haute et basse pression.<\/li>\n<li data-zone-id=\"0\" data-line-index=\"0\" data-line=\"true\">L'anglais, l'espagnol, le fran\u00e7ais et d'autres langues sur demande sont disponibles pour l'affichage LCD.<\/li>\n<li data-zone-id=\"0\" data-line-index=\"0\" data-line=\"true\">Chaque d\u00e9bitm\u00e8tre est \u00e9talonn\u00e9 et re\u00e7oit un num\u00e9ro de s\u00e9rie unique correspondant \u00e0 toutes les donn\u00e9es d'\u00e9talonnage.<\/li>\n<\/ol>\n<\/div>\n<\/div>\n<div class=\"elementor-element e-con-full e-flex e-con e-child\">\n<div class=\"elementor-widget-container\">\n<h3 class=\"elementor-heading-title elementor-size-default\">Applications :<\/h3>\n<\/div>\n<div class=\"elementor-widget-container\">\n<p>Industrie du verre, \u00e9nergie solaire, surveillance de l'atmosph\u00e8re, industrie<br \/>\nproduction, p\u00e9trole et p\u00e9trochimie, gestion de l'or du charbon,<br \/>\nla production et la distribution de gaz, la protection de l'environnement,<br \/>\n\u00e9nergie hydrog\u00e8ne \/ pile \u00e0 combustible, analyse de divers instruments<\/p>\n<\/div>\n<\/div>\n<\/div>","protected":false},"excerpt":{"rendered":"<div class=\"short-description-head\">\n<div data-zone-id=\"0\" data-line-index=\"0\" data-line=\"true\">MTL20FD est une s\u00e9rie de d\u00e9bitm\u00e8tres\/contr\u00f4leurs massiques de haute pr\u00e9cision, avec une pr\u00e9cision allant jusqu'\u00e0 \u00b1 0,5% de la pleine \u00e9chelle, bas\u00e9e sur le principe thermique. Il peut \u00eatre utilis\u00e9 pour diverses exp\u00e9riences en laboratoire et dans des environnements industriels complexes. Afin de s'adapter aux environnements industriels complexes, nous proposons \u00e9galement des mod\u00e8les qui r\u00e9pondent \u00e0 la norme IP67 en mati\u00e8re de poussi\u00e8re et d'\u00e9tanch\u00e9it\u00e9, ainsi qu'\u00e0 la norme IICT4 en mati\u00e8re de s\u00e9curit\u00e9 intrins\u00e8que et d'antid\u00e9flagration. En plus de l'interface standard d'entr\u00e9e\/sortie analogique, il prend \u00e9galement en charge l'interface 485\/232 et le protocole de communication est le protocole standard modbus RTU.<\/div>\n<\/div>","protected":false},"featured_media":26789,"template":"","meta":[],"product_brand":[],"product_cat":[223],"product_tag":[],"class_list":{"0":"post-26694","1":"product","2":"type-product","3":"status-publish","4":"has-post-thumbnail","6":"product_cat-low-flow-mass-flow-meter-controller","8":"first","9":"instock","10":"shipping-taxable","11":"purchasable","12":"product-type-simple"},"_links":{"self":[{"href":"https:\/\/metlaninst.com\/fr\/wp-json\/wp\/v2\/product\/26694","targetHints":{"allow":["GET"]}}],"collection":[{"href":"https:\/\/metlaninst.com\/fr\/wp-json\/wp\/v2\/product"}],"about":[{"href":"https:\/\/metlaninst.com\/fr\/wp-json\/wp\/v2\/types\/product"}],"version-history":[{"count":1,"href":"https:\/\/metlaninst.com\/fr\/wp-json\/wp\/v2\/product\/26694\/revisions"}],"predecessor-version":[{"id":26696,"href":"https:\/\/metlaninst.com\/fr\/wp-json\/wp\/v2\/product\/26694\/revisions\/26696"}],"wp:featuredmedia":[{"embeddable":true,"href":"https:\/\/metlaninst.com\/fr\/wp-json\/wp\/v2\/media\/26789"}],"wp:attachment":[{"href":"https:\/\/metlaninst.com\/fr\/wp-json\/wp\/v2\/media?parent=26694"}],"wp:term":[{"taxonomy":"product_brand","embeddable":true,"href":"https:\/\/metlaninst.com\/fr\/wp-json\/wp\/v2\/product_brand?post=26694"},{"taxonomy":"product_cat","embeddable":true,"href":"https:\/\/metlaninst.com\/fr\/wp-json\/wp\/v2\/product_cat?post=26694"},{"taxonomy":"product_tag","embeddable":true,"href":"https:\/\/metlaninst.com\/fr\/wp-json\/wp\/v2\/product_tag?post=26694"}],"curies":[{"name":"wp","href":"https:\/\/api.w.org\/{rel}","templated":true}]}}