{"id":26697,"date":"2025-04-19T03:28:22","date_gmt":"2025-04-19T03:28:22","guid":{"rendered":"https:\/\/www.metlaninst.com\/?post_type=product&#038;p=26697"},"modified":"2025-11-05T01:52:50","modified_gmt":"2025-11-05T01:52:50","slug":"controleur-de-debitmetre-massique-de-gaz-a-pression-differentielle-mtl20fc","status":"publish","type":"product","link":"https:\/\/metlaninst.com\/fr\/p\/controleur-de-debitmetre-massique-de-gaz-a-pression-differentielle-mtl20fc\/","title":{"rendered":"D\u00e9bitm\u00e8tre massique \u00e0 pression diff\u00e9rentielle \/ Contr\u00f4leur MTL20FC"},"content":{"rendered":"<div class=\"e-con-inner\">\n<div class=\"elementor-element e-con-full e-flex e-con e-child\">\n<div class=\"elementor-widget-container\">\n<h3 class=\"elementor-heading-title elementor-size-default\">Caract\u00e9ristiques :<\/h3>\n<\/div>\n<div class=\"elementor-widget-container\">\n<ol>\n<li data-zone-id=\"0\" data-line-index=\"0\" data-line=\"true\">\u00a0Con\u00e7u pour la mesure de faible d\u00e9bit de liquide\/gaz\/vapeur.<\/li>\n<li data-zone-id=\"0\" data-line-index=\"0\" data-line=\"true\">Rapport de r\u00e9duction : 50:1 pour le r\u00e9gulateur de d\u00e9bit massique num\u00e9rique ; 100:1 pour le d\u00e9bitm\u00e8tre massique num\u00e9rique.<\/li>\n<li data-zone-id=\"0\" data-line-index=\"0\" data-line=\"true\">Temps de r\u00e9ponse : r\u00e9gulateur de d\u00e9bit massique&lt;0,2s ; d\u00e9bitm\u00e8tre massique &lt;0,1s<\/li>\n<li data-zone-id=\"0\" data-line-index=\"0\" data-line=\"true\">Contr\u00f4leur PID int\u00e9gr\u00e9 pour r\u00e9guler le d\u00e9bit<\/li>\n<li data-zone-id=\"0\" data-line-index=\"0\" data-line=\"true\">Mesure directe du d\u00e9bit massique, compensation automatique de la temp\u00e9rature<\/li>\n<li data-zone-id=\"0\" data-line-index=\"0\" data-line=\"true\">\u00c9cran tactile<\/li>\n<li data-zone-id=\"0\" data-line-index=\"0\" data-line=\"true\">Pas de pr\u00e9chauffage n\u00e9cessaire, pas de d\u00e9calage de r\u00e9ponse pendant la mesure.<\/li>\n<li data-zone-id=\"0\" data-line-index=\"0\" data-line=\"true\">L'anglais, l'espagnol, le fran\u00e7ais et d'autres langues sur demande sont disponibles pour l'affichage LCD.<\/li>\n<li data-zone-id=\"0\" data-line-index=\"0\" data-line=\"true\">Chaque d\u00e9bitm\u00e8tre est \u00e9talonn\u00e9 et re\u00e7oit un num\u00e9ro de s\u00e9rie unique correspondant \u00e0 toutes les donn\u00e9es d'\u00e9talonnage.<\/li>\n<\/ol>\n<\/div>\n<\/div>\n<div class=\"elementor-element e-con-full e-flex e-con e-child\">\n<div class=\"elementor-widget-container\">\n<h3 class=\"elementor-heading-title elementor-size-default\">Applications :<\/h3>\n<\/div>\n<div class=\"elementor-widget-container\">\n<p>Vide, rev\u00eatement, \u00e9nergie solaire, semi-conducteurs, p\u00e9trole et gaz naturel<br \/>\np\u00e9trochimie, m\u00e9tallurgie du charbon, production et distribution de gaz,<br \/>\nprotection de l'environnement, \u00e9nergie hydrog\u00e8ne\/piles \u00e0 combustible, analyse de tous types d'instruments<\/p>\n<\/div>\n<\/div>\n<\/div>","protected":false},"excerpt":{"rendered":"<div class=\"short-description-head\">\n<div data-zone-id=\"0\" data-line-index=\"0\" data-line=\"true\">Bas\u00e9e sur le principe de la pression diff\u00e9rentielle, la s\u00e9rie de d\u00e9bitm\u00e8tres \/ r\u00e9gulateurs massiques MTL20FC peut afficher et \u00e9mettre simultan\u00e9ment le d\u00e9bit instantan\u00e9, le d\u00e9bit cumul\u00e9, la pression, la temp\u00e9rature, etc. Lorsque des fonctions de contr\u00f4le sont requises, des vannes de contr\u00f4le proportionnelles \u00e9lectromagn\u00e9tiques et des fonctions de r\u00e9glage PID int\u00e9gr\u00e9es peuvent \u00e9galement \u00eatre install\u00e9es.<\/div>\n<\/div>","protected":false},"featured_media":26788,"template":"","meta":[],"product_brand":[],"product_cat":[223],"product_tag":[],"class_list":{"0":"post-26697","1":"product","2":"type-product","3":"status-publish","4":"has-post-thumbnail","6":"product_cat-low-flow-mass-flow-meter-controller","8":"first","9":"instock","10":"shipping-taxable","11":"purchasable","12":"product-type-simple"},"_links":{"self":[{"href":"https:\/\/metlaninst.com\/fr\/wp-json\/wp\/v2\/product\/26697","targetHints":{"allow":["GET"]}}],"collection":[{"href":"https:\/\/metlaninst.com\/fr\/wp-json\/wp\/v2\/product"}],"about":[{"href":"https:\/\/metlaninst.com\/fr\/wp-json\/wp\/v2\/types\/product"}],"version-history":[{"count":3,"href":"https:\/\/metlaninst.com\/fr\/wp-json\/wp\/v2\/product\/26697\/revisions"}],"predecessor-version":[{"id":27067,"href":"https:\/\/metlaninst.com\/fr\/wp-json\/wp\/v2\/product\/26697\/revisions\/27067"}],"wp:featuredmedia":[{"embeddable":true,"href":"https:\/\/metlaninst.com\/fr\/wp-json\/wp\/v2\/media\/26788"}],"wp:attachment":[{"href":"https:\/\/metlaninst.com\/fr\/wp-json\/wp\/v2\/media?parent=26697"}],"wp:term":[{"taxonomy":"product_brand","embeddable":true,"href":"https:\/\/metlaninst.com\/fr\/wp-json\/wp\/v2\/product_brand?post=26697"},{"taxonomy":"product_cat","embeddable":true,"href":"https:\/\/metlaninst.com\/fr\/wp-json\/wp\/v2\/product_cat?post=26697"},{"taxonomy":"product_tag","embeddable":true,"href":"https:\/\/metlaninst.com\/fr\/wp-json\/wp\/v2\/product_tag?post=26697"}],"curies":[{"name":"wp","href":"https:\/\/api.w.org\/{rel}","templated":true}]}}