{"id":26700,"date":"2025-04-19T03:35:25","date_gmt":"2025-04-19T03:35:25","guid":{"rendered":"https:\/\/www.metlaninst.com\/?post_type=product&#038;p=26700"},"modified":"2025-09-12T14:41:34","modified_gmt":"2025-09-12T14:41:34","slug":"controleur-de-debit-massique-coriolis-mtl20fe","status":"publish","type":"product","link":"https:\/\/metlaninst.com\/fr\/p\/controleur-de-debit-massique-coriolis-mtl20fe\/","title":{"rendered":"D\u00e9bitm\u00e8tre massique Coriolis \/ Contr\u00f4leur MTL20FE"},"content":{"rendered":"<div class=\"e-con-inner\">\n<div class=\"elementor-element e-con-full e-flex e-con e-child\">\n<div class=\"elementor-widget-container\">\n<h3 class=\"elementor-heading-title elementor-size-default\">Caract\u00e9ristiques :<\/h3>\n<\/div>\n<div class=\"elementor-widget-container\">\n<ol>\n<li data-zone-id=\"0\" data-line-index=\"0\" data-line=\"true\">Con\u00e7u pour la mesure de gaz\/liquides \u00e0 faible d\u00e9bit.<\/li>\n<li data-zone-id=\"0\" data-line-index=\"0\" data-line=\"true\">Haute pr\u00e9cision, bonne r\u00e9p\u00e9tabilit\u00e9. Pour les liquides, la pr\u00e9cision de mesure peut atteindre \u00b1 0,25% ; pour les gaz, la pr\u00e9cision de mesure peut atteindre \u00b1 0,5%.<\/li>\n<li data-zone-id=\"0\" data-line-index=\"0\" data-line=\"true\">Fiabilit\u00e9 et stabilit\u00e9 \u00e9lev\u00e9es, capables de r\u00e9sister \u00e0 des conditions environnementales extr\u00eames : Le produit conserve des performances constantes m\u00eame dans des environnements sujets aux vibrations. En cas de perturbations physiques accidentelles telles que des chocs ou des collisions, le syst\u00e8me r\u00e9tablit automatiquement des mesures stables en 400 millisecondes.<\/li>\n<li data-zone-id=\"0\" data-line-index=\"0\" data-line=\"true\">Il peut mesurer des fluides \u00e0 haute viscosit\u00e9 et des gaz \u00e0 haute densit\u00e9 : Le MTL20FE mesure une large gamme de fluides, tels que<br \/>\nL'huile lubrifiante, l'azote liquide et d'autres fluides \u00e0 haute densit\u00e9 peuvent \u00e9galement \u00eatre mesur\u00e9s avec pr\u00e9cision.<\/li>\n<li data-zone-id=\"0\" data-line-index=\"0\" data-line=\"true\">Rapport de r\u00e9duction : 50:1 pour le r\u00e9gulateur de d\u00e9bit massique num\u00e9rique ; 100:1 pour le d\u00e9bitm\u00e8tre massique num\u00e9rique.<\/li>\n<li data-zone-id=\"0\" data-line-index=\"0\" data-line=\"true\">Temps de r\u00e9ponse : r\u00e9gulateur de d\u00e9bit massique&lt;0,2s ; d\u00e9bitm\u00e8tre massique &lt;0,1s<\/li>\n<li data-zone-id=\"0\" data-line-index=\"0\" data-line=\"true\">Contr\u00f4leur PID int\u00e9gr\u00e9 pour r\u00e9guler le d\u00e9bit.<\/li>\n<li data-zone-id=\"0\" data-line-index=\"0\" data-line=\"true\">Mesure directe du d\u00e9bit massique, compensation automatique de la temp\u00e9rature.<\/li>\n<li data-zone-id=\"0\" data-line-index=\"0\" data-line=\"true\">\u00c9cran tactile.<\/li>\n<li data-zone-id=\"0\" data-line-index=\"0\" data-line=\"true\">Pas de pr\u00e9chauffage n\u00e9cessaire, pas de d\u00e9calage de r\u00e9ponse pendant la mesure.<\/li>\n<li data-zone-id=\"0\" data-line-index=\"0\" data-line=\"true\">L'anglais, l'espagnol, le fran\u00e7ais et d'autres langues sur demande sont disponibles pour l'affichage LCD.<\/li>\n<li data-zone-id=\"0\" data-line-index=\"0\" data-line=\"true\">Chaque d\u00e9bitm\u00e8tre est \u00e9talonn\u00e9 et re\u00e7oit un num\u00e9ro de s\u00e9rie unique correspondant \u00e0 toutes les donn\u00e9es d'\u00e9talonnage.<\/li>\n<\/ol>\n<\/div>\n<\/div>\n<div class=\"elementor-element e-con-full e-flex e-con e-child\">\n<div class=\"elementor-widget-container\">\n<h3 class=\"elementor-heading-title elementor-size-default\">Applications :<\/h3>\n<\/div>\n<div class=\"elementor-widget-container\">\n<ul>\n<li><strong>Fabrication de semi-conducteurs :<\/strong> Contr\u00f4le pr\u00e9cis des flux de gaz et de liquides pour assurer la pr\u00e9cision des processus de fabrication des puces.<\/li>\n<li><strong>Transformation des aliments et des boissons :<\/strong> Doser avec pr\u00e9cision les additifs alimentaires, les ar\u00f4mes et les produits laitiers afin de maintenir une qualit\u00e9 constante des produits.<\/li>\n<li><strong>Recherche scientifique :<\/strong> Permet une mesure exacte des fluides pour les r\u00e9actions chimiques et le d\u00e9veloppement de formulations.<\/li>\n<li><strong>P\u00e9trole, gaz et \u00e9nergie :<\/strong> Optimiser le contr\u00f4le des flux de r\u00e9actifs et de produits pour am\u00e9liorer l'efficacit\u00e9 et la qualit\u00e9 de la production.<\/li>\n<li><strong>Surveillance de l'environnement :<\/strong> Fournir des mesures d'\u00e9missions fiables pour le contr\u00f4le de la pollution et la conformit\u00e9 r\u00e9glementaire.<\/li>\n<li><strong>Technologie des piles \u00e0 combustible :<\/strong> R\u00e9gulation pr\u00e9cise des rapports de flux hydrog\u00e8ne\/oxyg\u00e8ne pour maximiser l'efficacit\u00e9 et la dur\u00e9e de vie de la cellule.<br \/>\nProduction pharmaceutique : Assurer un contr\u00f4le strict du dosage des ingr\u00e9dients actifs pour garantir la s\u00e9curit\u00e9 des m\u00e9dicaments et l'homog\u00e9n\u00e9it\u00e9 des lots.<\/li>\n<\/ul>\n<\/div>\n<\/div>\n<\/div>","protected":false},"excerpt":{"rendered":"<div class=\"short-description-head\">\n<div data-zone-id=\"0\" data-line-index=\"0\" data-line=\"true\">Le contr\u00f4leur de d\u00e9bit massique\/d\u00e9bitm\u00e8tre Coriolis de la s\u00e9rie MTL20FE est un instrument de haute pr\u00e9cision qui utilise la technologie avanc\u00e9e de Coriolis pour fournir des mesures de fluide exceptionnellement pr\u00e9cises, non affect\u00e9es par les caract\u00e9ristiques du fluide, ce qui en fait un instrument id\u00e9al pour mesurer des d\u00e9bits extr\u00eamement faibles avec une fiabilit\u00e9 in\u00e9gal\u00e9e. Gr\u00e2ce \u00e0 des innovations technologiques continues, cette s\u00e9rie permet non seulement de mesurer directement le d\u00e9bit massique, mais aussi de mesurer simultan\u00e9ment la densit\u00e9 et la temp\u00e9rature du fluide, offrant deux niveaux de pr\u00e9cision : \u00b10,25% pour les liquides et \u00b10,5% pour les gaz, surpassant ainsi les technologies de mesure alternatives dans les applications exigeant les plus hauts niveaux de coh\u00e9rence et de r\u00e9p\u00e9tabilit\u00e9 des mesures.<\/div>\n<\/div>","protected":false},"featured_media":26785,"template":"","meta":[],"product_brand":[],"product_cat":[223],"product_tag":[],"class_list":{"0":"post-26700","1":"product","2":"type-product","3":"status-publish","4":"has-post-thumbnail","6":"product_cat-low-flow-mass-flow-meter-controller","8":"first","9":"instock","10":"shipping-taxable","11":"purchasable","12":"product-type-simple"},"_links":{"self":[{"href":"https:\/\/metlaninst.com\/fr\/wp-json\/wp\/v2\/product\/26700","targetHints":{"allow":["GET"]}}],"collection":[{"href":"https:\/\/metlaninst.com\/fr\/wp-json\/wp\/v2\/product"}],"about":[{"href":"https:\/\/metlaninst.com\/fr\/wp-json\/wp\/v2\/types\/product"}],"version-history":[{"count":4,"href":"https:\/\/metlaninst.com\/fr\/wp-json\/wp\/v2\/product\/26700\/revisions"}],"predecessor-version":[{"id":26787,"href":"https:\/\/metlaninst.com\/fr\/wp-json\/wp\/v2\/product\/26700\/revisions\/26787"}],"wp:featuredmedia":[{"embeddable":true,"href":"https:\/\/metlaninst.com\/fr\/wp-json\/wp\/v2\/media\/26785"}],"wp:attachment":[{"href":"https:\/\/metlaninst.com\/fr\/wp-json\/wp\/v2\/media?parent=26700"}],"wp:term":[{"taxonomy":"product_brand","embeddable":true,"href":"https:\/\/metlaninst.com\/fr\/wp-json\/wp\/v2\/product_brand?post=26700"},{"taxonomy":"product_cat","embeddable":true,"href":"https:\/\/metlaninst.com\/fr\/wp-json\/wp\/v2\/product_cat?post=26700"},{"taxonomy":"product_tag","embeddable":true,"href":"https:\/\/metlaninst.com\/fr\/wp-json\/wp\/v2\/product_tag?post=26700"}],"curies":[{"name":"wp","href":"https:\/\/api.w.org\/{rel}","templated":true}]}}