{"id":26723,"date":"2024-12-25T08:09:06","date_gmt":"2024-12-25T08:09:06","guid":{"rendered":"https:\/\/www.metlaninst.com\/?post_type=product&#038;p=26723"},"modified":"2025-06-15T12:04:14","modified_gmt":"2025-06-15T12:04:14","slug":"debitmetre-pd-a-engrenage-ovale-mt-lc","status":"publish","type":"product","link":"https:\/\/metlaninst.com\/fr\/p\/debitmetre-pd-a-engrenage-ovale-mt-lc\/","title":{"rendered":"D\u00e9bitm\u00e8tre PD \u00e0 engrenage ovale MT-LC"},"content":{"rendered":"<div class=\"e-con-inner\">\n<div class=\"elementor-element e-con-full e-flex e-con e-child\">\n<div class=\"elementor-widget-container\">\n<h3 class=\"elementor-heading-title elementor-size-default\">Caract\u00e9ristiques :<\/h3>\n<\/div>\n<div class=\"elementor-widget-container\">\n<ol>\n<li data-zone-id=\"0\" data-line-index=\"0\" data-line=\"true\">Fonctionnement r\u00e9gulier du rotor en spirale avec un minimum de vibrations pour des performances constantes<\/li>\n<li data-zone-id=\"0\" data-line-index=\"0\" data-line=\"true\">Large plage de mesure avec une bonne r\u00e9p\u00e9tabilit\u00e9<\/li>\n<li data-zone-id=\"0\" data-line-index=\"0\" data-line=\"true\">Mesures de haute pr\u00e9cision jusqu'\u00e0 \u00b10,2%<\/li>\n<li data-zone-id=\"0\" data-line-index=\"0\" data-line=\"true\">Insensible au changement de viscosit\u00e9<\/li>\n<li data-zone-id=\"0\" data-line-index=\"0\" data-line=\"true\">Optimis\u00e9 pour la mesure des liquides \u00e0 haute viscosit\u00e9<\/li>\n<li data-zone-id=\"0\" data-line-index=\"0\" data-line=\"true\">Installation simple ne n\u00e9cessitant pas de tuyaux droits<\/li>\n<li data-zone-id=\"0\" data-line-index=\"0\" data-line=\"true\">\u00c9galement disponible dans des constructions sp\u00e9cifiques au client<\/li>\n<li data-zone-id=\"0\" data-line-index=\"0\" data-line=\"true\">L'anglais, l'espagnol, le fran\u00e7ais et d'autres langues sur demande sont disponibles pour l'affichage LCD.<\/li>\n<li data-zone-id=\"0\" data-line-index=\"0\" data-line=\"true\">Chaque d\u00e9bitm\u00e8tre est \u00e9talonn\u00e9 et re\u00e7oit un num\u00e9ro de s\u00e9rie unique correspondant \u00e0 toutes les donn\u00e9es d'\u00e9talonnage.<\/li>\n<\/ol>\n<\/div>\n<\/div>\n<div class=\"elementor-element e-con-full e-flex e-con e-child\">\n<div class=\"elementor-widget-container\">\n<h3 class=\"elementor-heading-title elementor-size-default\">Applications :<\/h3>\n<\/div>\n<div class=\"elementor-widget-container\">\n<ul>\n<li data-zone-id=\"0\" data-line-index=\"0\" data-line=\"true\">Industrie mini\u00e8re<\/li>\n<li data-zone-id=\"0\" data-line-index=\"0\" data-line=\"true\">Petits et moyens d\u00e9p\u00f4ts p\u00e9troliers<\/li>\n<li data-zone-id=\"0\" data-line-index=\"0\" data-line=\"true\">Chantier naval<\/li>\n<li data-zone-id=\"0\" data-line-index=\"0\" data-line=\"true\">Entrep\u00f4t de p\u00e9trole<\/li>\n<li data-zone-id=\"0\" data-line-index=\"0\" data-line=\"true\">Carburant diesel<\/li>\n<li data-zone-id=\"0\" data-line-index=\"0\" data-line=\"true\">P\u00e9trole brut<\/li>\n<li data-zone-id=\"0\" data-line-index=\"0\" data-line=\"true\">Essence<\/li>\n<\/ul>\n<\/div>\n<\/div>\n<\/div>","protected":false},"excerpt":{"rendered":"<div class=\"short-description-head\">\n<div data-zone-id=\"0\" data-line-index=\"0\" data-line=\"true\">Le d\u00e9bitm\u00e8tre PD \u00e0 engrenage ovale de la s\u00e9rie MT-LC offre en option des compteurs \u00e9lectroniques intelligents qui permettent une lecture directe du d\u00e9bit total accumul\u00e9 et des d\u00e9bits instantan\u00e9s. Lorsqu'il est connect\u00e9 \u00e0 une source d'alimentation externe, il peut \u00e9mettre des signaux d'impulsion et de courant tout en prenant en charge les protocoles de communication HART et RS485. Pour les applications plus simples, un compteur m\u00e9canique est disponible en option pour afficher directement le volume total de liquide passant dans la canalisation. Con\u00e7us pour traiter divers liquides, notamment le diesel, les acides, les alcalis, les solutions salines et les compos\u00e9s organiques, ces d\u00e9bitm\u00e8tres sont disponibles dans de nombreux mat\u00e9riaux tels que la fonte, l'acier moul\u00e9, l'alliage d'aluminium et l'acier inoxydable, afin de r\u00e9pondre aux diff\u00e9rentes exigences en mati\u00e8re de fluides.<\/div>\n<\/div>","protected":false},"featured_media":26724,"template":"","meta":[],"product_brand":[],"product_cat":[209,166,165],"product_tag":[],"class_list":{"0":"post-26723","1":"product","2":"type-product","3":"status-publish","4":"has-post-thumbnail","6":"product_cat-positive-displacement-flow-meters","7":"product_cat-liquid-flow-meters","8":"product_cat-oil-flow-meters","10":"first","11":"instock","12":"shipping-taxable","13":"purchasable","14":"product-type-simple"},"_links":{"self":[{"href":"https:\/\/metlaninst.com\/fr\/wp-json\/wp\/v2\/product\/26723","targetHints":{"allow":["GET"]}}],"collection":[{"href":"https:\/\/metlaninst.com\/fr\/wp-json\/wp\/v2\/product"}],"about":[{"href":"https:\/\/metlaninst.com\/fr\/wp-json\/wp\/v2\/types\/product"}],"version-history":[{"count":1,"href":"https:\/\/metlaninst.com\/fr\/wp-json\/wp\/v2\/product\/26723\/revisions"}],"predecessor-version":[{"id":26728,"href":"https:\/\/metlaninst.com\/fr\/wp-json\/wp\/v2\/product\/26723\/revisions\/26728"}],"wp:featuredmedia":[{"embeddable":true,"href":"https:\/\/metlaninst.com\/fr\/wp-json\/wp\/v2\/media\/26724"}],"wp:attachment":[{"href":"https:\/\/metlaninst.com\/fr\/wp-json\/wp\/v2\/media?parent=26723"}],"wp:term":[{"taxonomy":"product_brand","embeddable":true,"href":"https:\/\/metlaninst.com\/fr\/wp-json\/wp\/v2\/product_brand?post=26723"},{"taxonomy":"product_cat","embeddable":true,"href":"https:\/\/metlaninst.com\/fr\/wp-json\/wp\/v2\/product_cat?post=26723"},{"taxonomy":"product_tag","embeddable":true,"href":"https:\/\/metlaninst.com\/fr\/wp-json\/wp\/v2\/product_tag?post=26723"}],"curies":[{"name":"wp","href":"https:\/\/api.w.org\/{rel}","templated":true}]}}