{"id":26730,"date":"2024-12-26T08:21:44","date_gmt":"2024-12-26T08:21:44","guid":{"rendered":"https:\/\/www.metlaninst.com\/?post_type=product&#038;p=26730"},"modified":"2025-06-24T08:01:31","modified_gmt":"2025-06-24T08:01:31","slug":"debitmetre-a-engrenage-volumetrique-a-faible-debit-mt-gf","status":"publish","type":"product","link":"https:\/\/metlaninst.com\/fr\/p\/debitmetre-a-engrenage-volumetrique-a-faible-debit-mt-gf\/","title":{"rendered":"D\u00e9bitm\u00e8tre \u00e0 engrenages \u00e0 faible d\u00e9bit et \u00e0 d\u00e9placement positif MT-GF"},"content":{"rendered":"<div class=\"e-con-inner\">\n<div class=\"elementor-element e-con-full e-flex e-con e-child\">\n<div class=\"elementor-widget-container\">\n<h3 class=\"elementor-heading-title elementor-size-default\">Caract\u00e9ristiques :<\/h3>\n<\/div>\n<div class=\"elementor-widget-container\">\n<ol>\n<li data-zone-id=\"0\" data-line-index=\"0\" data-line=\"true\">Capable de mesurer des milieux tr\u00e8s corrosifs, y compris l'acide sulfurique, l'acide fluorhydrique et d'autres produits chimiques agressifs.<\/li>\n<li data-zone-id=\"0\" data-line-index=\"0\" data-line=\"true\">Con\u00e7ue pour la mesure de fluides \u00e0 haute viscosit\u00e9, elle permet de traiter des fluides difficiles tels que le sirop, l'asphalte fondu et le miel avec une pr\u00e9cision fiable.<\/li>\n<li data-zone-id=\"0\" data-line-index=\"0\" data-line=\"true\">Mesures de haute pr\u00e9cision jusqu'\u00e0 \u00b10,5%<\/li>\n<li data-zone-id=\"0\" data-line-index=\"0\" data-line=\"true\">Rapport de r\u00e9duction large de 150:1<\/li>\n<li data-zone-id=\"0\" data-line-index=\"0\" data-line=\"true\">Con\u00e7u pour les liquides \u00e0 faible d\u00e9bit \u00e0 partir de 0,6 L\/H<\/li>\n<li data-zone-id=\"0\" data-line-index=\"0\" data-line=\"true\">\u00c9galement disponible dans des constructions sp\u00e9cifiques au client<\/li>\n<li data-zone-id=\"0\" data-line-index=\"0\" data-line=\"true\">L'anglais, l'espagnol, le fran\u00e7ais et d'autres langues sur demande sont disponibles pour l'affichage LCD.<\/li>\n<li data-zone-id=\"0\" data-line-index=\"0\" data-line=\"true\">Chaque d\u00e9bitm\u00e8tre est \u00e9talonn\u00e9 et re\u00e7oit un num\u00e9ro de s\u00e9rie unique correspondant \u00e0 toutes les donn\u00e9es d'\u00e9talonnage.<\/li>\n<\/ol>\n<\/div>\n<\/div>\n<div class=\"elementor-element e-con-full e-flex e-con e-child\">\n<div class=\"elementor-widget-container\">\n<h3 class=\"elementor-heading-title elementor-size-default\">Applications :<\/h3>\n<\/div>\n<div class=\"elementor-widget-container\">\n<ul>\n<li><strong>Industrie du p\u00e9trole et du gaz<\/strong><\/li>\n<\/ul>\n<p><strong>Combustibles :<\/strong> Essence, diesel, huile lourde marine, mazout<br \/>\n<strong>Lubrifiants :<\/strong> Huile pour engrenages, huiles hydrauliques<br \/>\n<strong>Autre : <\/strong>R\u00e9sines, asphalte<\/p>\n<ul>\n<li><strong> Production chimique<\/strong><\/li>\n<\/ul>\n<p><strong>Milieux corrosifs : <\/strong>Acide ac\u00e9tique, alcali caustique, hydroxyde de potassium<br \/>\n<strong>Pure Media :<\/strong> Eau d\u00e9ionis\u00e9e<\/p>\n<ul>\n<li><strong>Industrie alimentaire et des boissons<\/strong><\/li>\n<\/ul>\n<p><strong>\u00c9dulcorants :<\/strong> Solutions sucr\u00e9es, sirops, miel, chocolat<br \/>\n<strong>Liquides :<\/strong> Jus de fruits, alcool, \u00e9thanol, sauces<br \/>\n<strong>Produits laitiers :<\/strong> Lait, cr\u00e8me, yaourt<\/p>\n<ul>\n<li><strong>Produits pharmaceutiques et cosm\u00e9tiques<\/strong><\/li>\n<\/ul>\n<p><strong>Pharmaceutique :<\/strong> Alcool, sirops m\u00e9dicinaux, glyc\u00e9rine<br \/>\n<strong>Cosm\u00e9tiques :<\/strong> Shampooings, gels, parfums, cr\u00e8mes<\/p>\n<ul>\n<li><strong>Traitement de l'eau et des eaux us\u00e9es<\/strong><\/li>\n<\/ul>\n<p>Produits chimiques de traitement, fluorures, acides<\/p>\n<ul>\n<li><strong>Fabrication industrielle<\/strong><\/li>\n<\/ul>\n<p><strong>P\u00e2tes et papiers :<\/strong> Enduits de cire, colorants, agents de traitement de surface<br \/>\n<strong>Impression :<\/strong> Encres, solvants<br \/>\n<strong>Automobile :<\/strong> Fluides de transmission, \u00e9thyl\u00e8ne glycol, r\u00e9frig\u00e9rants de climatisation<br \/>\n<strong>Textile :<\/strong> Colorants, agents de blanchiment, produits chimiques de transformation<br \/>\n<strong>Peinture :<\/strong> Peintures, solvants et vernis \u00e0 base de latex<br \/>\n<strong>Construction navale :<\/strong> Huiles lubrifiantes, carburants marins<br \/>\n<strong>Exploitation mini\u00e8re :<\/strong> Lubrifiants pour usage intensif, huiles hydrauliques<\/p>\n<ul>\n<li><strong>Applications sp\u00e9cialis\u00e9es<\/strong><\/li>\n<\/ul>\n<p><strong>Adh\u00e9sifs :<\/strong> Colles, r\u00e9sines \u00e9poxy<br \/>\n<strong>Rev\u00eatements :<\/strong> Films de protection, sealan<\/p>\n<\/div>\n<\/div>\n<\/div>","protected":false},"excerpt":{"rendered":"<div class=\"short-description-head\">\n<div data-zone-id=\"0\" data-line-index=\"0\" data-line=\"true\">Le d\u00e9bitm\u00e8tre \u00e0 engrenages fonctionne selon un principe m\u00e9canique simple mais tr\u00e8s efficace. Il comporte deux rotors usin\u00e9s avec pr\u00e9cision et dot\u00e9s d'une denture de synchronisation int\u00e9gr\u00e9e sur leur circonf\u00e9rence, qui tournent en opposition synchronis\u00e9e \u00e0 l'int\u00e9rieur d'une chambre de mesure \u00e0 haute tol\u00e9rance. Il peut mesurer des fluides tr\u00e8s corrosifs et \u00e0 haute viscosit\u00e9 avec une pr\u00e9cision allant jusqu'\u00e0 \u00b10,5%.<\/div>\n<\/div>","protected":false},"featured_media":26731,"template":"","meta":[],"product_brand":[],"product_cat":[209,166,165],"product_tag":[],"class_list":{"0":"post-26730","1":"product","2":"type-product","3":"status-publish","4":"has-post-thumbnail","6":"product_cat-positive-displacement-flow-meters","7":"product_cat-liquid-flow-meters","8":"product_cat-oil-flow-meters","10":"first","11":"instock","12":"shipping-taxable","13":"purchasable","14":"product-type-simple"},"_links":{"self":[{"href":"https:\/\/metlaninst.com\/fr\/wp-json\/wp\/v2\/product\/26730","targetHints":{"allow":["GET"]}}],"collection":[{"href":"https:\/\/metlaninst.com\/fr\/wp-json\/wp\/v2\/product"}],"about":[{"href":"https:\/\/metlaninst.com\/fr\/wp-json\/wp\/v2\/types\/product"}],"version-history":[{"count":3,"href":"https:\/\/metlaninst.com\/fr\/wp-json\/wp\/v2\/product\/26730\/revisions"}],"predecessor-version":[{"id":26737,"href":"https:\/\/metlaninst.com\/fr\/wp-json\/wp\/v2\/product\/26730\/revisions\/26737"}],"wp:featuredmedia":[{"embeddable":true,"href":"https:\/\/metlaninst.com\/fr\/wp-json\/wp\/v2\/media\/26731"}],"wp:attachment":[{"href":"https:\/\/metlaninst.com\/fr\/wp-json\/wp\/v2\/media?parent=26730"}],"wp:term":[{"taxonomy":"product_brand","embeddable":true,"href":"https:\/\/metlaninst.com\/fr\/wp-json\/wp\/v2\/product_brand?post=26730"},{"taxonomy":"product_cat","embeddable":true,"href":"https:\/\/metlaninst.com\/fr\/wp-json\/wp\/v2\/product_cat?post=26730"},{"taxonomy":"product_tag","embeddable":true,"href":"https:\/\/metlaninst.com\/fr\/wp-json\/wp\/v2\/product_tag?post=26730"}],"curies":[{"name":"wp","href":"https:\/\/api.w.org\/{rel}","templated":true}]}}