{"id":27060,"date":"2024-12-26T08:31:36","date_gmt":"2024-12-26T08:31:36","guid":{"rendered":"https:\/\/metlaninst.com\/?post_type=product&#038;p=27060"},"modified":"2025-06-24T07:57:15","modified_gmt":"2025-06-24T07:57:15","slug":"serie-m-debitmetre-mecanique-a-deplacement-positif","status":"publish","type":"product","link":"https:\/\/metlaninst.com\/fr\/p\/serie-m-debitmetre-mecanique-a-deplacement-positif\/","title":{"rendered":"D\u00e9bitm\u00e8tre m\u00e9canique \u00e0 d\u00e9placement positif de la s\u00e9rie M"},"content":{"rendered":"<div class=\"e-con-inner\">\n<div class=\"elementor-element e-con-full e-flex e-con e-child\">\n<div class=\"elementor-widget-container\">\n<h3 class=\"elementor-heading-title elementor-size-default\">Caract\u00e9ristiques :<\/h3>\n<\/div>\n<div class=\"elementor-widget-container\">\n<ol>\n<li data-zone-id=\"0\" data-line-index=\"0\" data-line=\"true\">Haute pr\u00e9cision jusqu'\u00e0 \u00b10,2 %, bonne r\u00e9p\u00e9tabilit\u00e9 \u22640,05%.<\/li>\n<li data-zone-id=\"0\" data-line-index=\"0\" data-line=\"true\">Un excellent m\u00e9canisme de r\u00e9glage progressif permet un micro-r\u00e9glage du compteur.<\/li>\n<li data-zone-id=\"0\" data-line-index=\"0\" data-line=\"true\">Peu d'entretien, pas de contact m\u00e9tal contre m\u00e9tal dans la chambre de mesure, longue dur\u00e9e de vie.<\/li>\n<li data-zone-id=\"0\" data-line-index=\"0\" data-line=\"true\">Faible perte de pression, v\u00e9ritable d\u00e9bitm\u00e8tre \u00e0 gravit\u00e9.<\/li>\n<li data-zone-id=\"0\" data-line-index=\"0\" data-line=\"true\">La pr\u00e9cision n'est pas affect\u00e9e par les fluctuations de pression, les variations thermiques ou les changements de viscosit\u00e9 des fluides.<\/li>\n<\/ol>\n<\/div>\n<\/div>\n<div class=\"elementor-element e-con-full e-flex e-con e-child\">\n<div class=\"elementor-widget-container\">\n<h3 class=\"elementor-heading-title elementor-size-default\">Applications :<\/h3>\n<\/div>\n<div class=\"elementor-widget-container\">\n<ul>\n<li data-zone-id=\"0\" data-line-index=\"0\" data-line=\"true\">Produits p\u00e9troliers raffin\u00e9s ;<\/li>\n<li data-zone-id=\"0\" data-line-index=\"0\" data-line=\"true\">Essences et carburants pour l'aviation ;<\/li>\n<li data-zone-id=\"0\" data-line-index=\"0\" data-line=\"true\">Une grande vari\u00e9t\u00e9 de produits tels que : sucres liquides, sirop de ma\u00efs, \u00e9dulcorants de ma\u00efs, dextrose, fructose, saccharose, maltose, lactose, huile de ma\u00efs, huile de soja, huile de coton, huile de noix de coco ;<\/li>\n<li data-zone-id=\"0\" data-line-index=\"0\" data-line=\"true\">Eaux trait\u00e9es (d\u00e9ionis\u00e9es, d\u00e9min\u00e9ralis\u00e9es et potables) ;<\/li>\n<li data-zone-id=\"0\" data-line-index=\"0\" data-line=\"true\">Solvants chlor\u00e9s et dosage g\u00e9n\u00e9ral des solvants ;<\/li>\n<li data-zone-id=\"0\" data-line-index=\"0\" data-line=\"true\">Liquides \u00e0 pH acide ;<\/li>\n<li data-zone-id=\"0\" data-line-index=\"0\" data-line=\"true\">Gaz de p\u00e9trole liqu\u00e9fi\u00e9 (GPL) ;<\/li>\n<li data-zone-id=\"0\" data-line-index=\"0\" data-line=\"true\">P\u00e9trole brut, \u00e9galement pour les liquides chauff\u00e9s et\/ou visqueux ;<\/li>\n<li data-zone-id=\"0\" data-line-index=\"0\" data-line=\"true\">Produits en latex \u00e0 base d'huile ou d'eau, r\u00e9sines de polyester et adh\u00e9sifs (pH neutre), \u00e9galement pour le dosage d'herbicides et de solutions d'engrais azot\u00e9s ;<\/li>\n<li data-zone-id=\"0\" data-line-index=\"0\" data-line=\"true\">Herbicide ;<\/li>\n<li data-zone-id=\"0\" data-line-index=\"0\" data-line=\"true\">Solutions d'hydroxyde de sodium (caustique), p\u00e9trole brut \u00e0 haute teneur en soufre (LACT et NOD) et autres liquides \u00e0 pH alcalin ;<\/li>\n<li data-zone-id=\"0\" data-line-index=\"0\" data-line=\"true\">Liquides abrasifs.<\/li>\n<\/ul>\n<\/div>\n<\/div>\n<\/div>","protected":false},"excerpt":{"rendered":"<div class=\"short-description-head\">\n<div data-zone-id=\"0\" data-line-index=\"0\" data-line=\"true\">Le\u00a0<strong>D\u00e9bitm\u00e8tre \u00e0 d\u00e9placement positif Metlan s\u00e9rie M<\/strong>\u00a0livre\u00a0<strong>haute pr\u00e9cision (\u00b10,2%) et bonne r\u00e9p\u00e9tabilit\u00e9 (\u22640,05%)<\/strong> sur de larges plages de viscosit\u00e9 (30SSU-1 500 000SSU), ce qui le rend id\u00e9al pour le p\u00e9trole, le GPL et les fluides \u00e0 haute viscosit\u00e9. Son m\u00e9canisme de micro-r\u00e9glage en continu assure un contr\u00f4le pr\u00e9cis du d\u00e9bit, tandis que la chambre de mesure sans contact garantit une longue dur\u00e9e de vie avec un minimum d'entretien.<\/div>\n<\/div>","protected":false},"featured_media":27061,"template":"","meta":[],"product_brand":[],"product_cat":[209,166,165],"product_tag":[],"class_list":{"0":"post-27060","1":"product","2":"type-product","3":"status-publish","4":"has-post-thumbnail","6":"product_cat-positive-displacement-flow-meters","7":"product_cat-liquid-flow-meters","8":"product_cat-oil-flow-meters","10":"first","11":"instock","12":"shipping-taxable","13":"purchasable","14":"product-type-simple"},"_links":{"self":[{"href":"https:\/\/metlaninst.com\/fr\/wp-json\/wp\/v2\/product\/27060","targetHints":{"allow":["GET"]}}],"collection":[{"href":"https:\/\/metlaninst.com\/fr\/wp-json\/wp\/v2\/product"}],"about":[{"href":"https:\/\/metlaninst.com\/fr\/wp-json\/wp\/v2\/types\/product"}],"version-history":[{"count":1,"href":"https:\/\/metlaninst.com\/fr\/wp-json\/wp\/v2\/product\/27060\/revisions"}],"predecessor-version":[{"id":27062,"href":"https:\/\/metlaninst.com\/fr\/wp-json\/wp\/v2\/product\/27060\/revisions\/27062"}],"wp:featuredmedia":[{"embeddable":true,"href":"https:\/\/metlaninst.com\/fr\/wp-json\/wp\/v2\/media\/27061"}],"wp:attachment":[{"href":"https:\/\/metlaninst.com\/fr\/wp-json\/wp\/v2\/media?parent=27060"}],"wp:term":[{"taxonomy":"product_brand","embeddable":true,"href":"https:\/\/metlaninst.com\/fr\/wp-json\/wp\/v2\/product_brand?post=27060"},{"taxonomy":"product_cat","embeddable":true,"href":"https:\/\/metlaninst.com\/fr\/wp-json\/wp\/v2\/product_cat?post=27060"},{"taxonomy":"product_tag","embeddable":true,"href":"https:\/\/metlaninst.com\/fr\/wp-json\/wp\/v2\/product_tag?post=27060"}],"curies":[{"name":"wp","href":"https:\/\/api.w.org\/{rel}","templated":true}]}}