{"id":27317,"date":"2024-12-25T06:43:49","date_gmt":"2024-12-25T06:43:49","guid":{"rendered":"https:\/\/metlaninst.com\/?post_type=product&#038;p=27317"},"modified":"2025-07-17T10:11:39","modified_gmt":"2025-07-17T10:11:39","slug":"steam-vortex-flow-meter-anti-vibration-lugbmt-vs","status":"publish","type":"product","link":"https:\/\/metlaninst.com\/fr\/p\/steam-vortex-flow-meter-anti-vibration-lugbmt-vs\/","title":{"rendered":"Steam Vortex Flow Meter Anti-vibration (LUGBMT-VS)"},"content":{"rendered":"<div class=\"e-con-inner\">\n<div class=\"elementor-element e-con-full e-flex e-con e-child\">\n<div class=\"elementor-widget-container\">\n<h3 class=\"elementor-heading-title elementor-size-default\">Caract\u00e9ristiques :<\/h3>\n<\/div>\n<div class=\"elementor-widget-container\">\n<ol>\n<li data-zone-id=\"0\" data-line-index=\"0\" data-line=\"true\">Suitable for measuring dirty and wet compressed air, oxygen, natural gas and other industrial gases, steam, and etc.<\/li>\n<li data-zone-id=\"0\" data-line-index=\"0\" data-line=\"true\">Wide measuring range, the low measuring limit can reach 1.5m\/s.<\/li>\n<li data-zone-id=\"0\" data-line-index=\"0\" data-line=\"true\">The turndown range ratio is 53:1, which exceeds the traditional vortex flow meters.<\/li>\n<li data-zone-id=\"0\" data-line-index=\"0\" data-line=\"true\">Combining with DSA (digital full spectrum analysis technology), the flowmeter can accurately identify flow, vibration, and electromagnetic disturbance signals, greatly improving the anti-vibration ability of this vortex flow meter.<\/li>\n<li data-zone-id=\"0\" data-line-index=\"0\" data-line=\"true\">Integrates pressure and temperature sensors to monitor online gas pressure and temperature.<\/li>\n<li data-zone-id=\"0\" data-line-index=\"0\" data-line=\"true\">No moving parts, low pressure drop.<\/li>\n<li data-zone-id=\"0\" data-line-index=\"0\" data-line=\"true\">Standard Modbus RTU (RS485) interface, 4 to 20 mA current and pulse output.<\/li>\n<li data-zone-id=\"0\" data-line-index=\"0\" data-line=\"true\">Bluetooth function for wireless flowmeter configuration and data transmission.<\/li>\n<li data-zone-id=\"0\" data-line-index=\"0\" data-line=\"true\">The fully welded structure has better corrosion and high pressure and temperature resistance.<\/li>\n<li data-zone-id=\"0\" data-line-index=\"0\" data-line=\"true\">Explosion-proof class: Ex db IIC T6 Gb \/ Ex tb IIIC T80\u00b0C Db<\/li>\n<li data-zone-id=\"0\" data-line-index=\"0\" data-line=\"true\">L'anglais, l'espagnol, le fran\u00e7ais et d'autres langues sur demande sont disponibles pour l'affichage LCD.<\/li>\n<li data-zone-id=\"0\" data-line-index=\"4\" data-line=\"true\">Chaque d\u00e9bitm\u00e8tre est \u00e9talonn\u00e9 et re\u00e7oit un num\u00e9ro de s\u00e9rie unique correspondant \u00e0 toutes les donn\u00e9es d'\u00e9talonnage.<\/li>\n<\/ol>\n<\/div>\n<\/div>\n<div class=\"elementor-element e-con-full e-flex e-con e-child\">\n<div class=\"elementor-widget-container\">\n<h3 class=\"elementor-heading-title elementor-size-default\">Applications :<\/h3>\n<\/div>\n<div class=\"elementor-widget-container\">\n<h5 class=\"first\">G\u00e9n\u00e9ral<\/h5>\n<div>\n<ul>\n<li data-zone-id=\"0\" data-line-index=\"0\" data-line=\"true\">Applications utilitaires : Distribution d'\u00e9nergie dans les circuits auxiliaires et d'alimentation<\/li>\n<li data-zone-id=\"0\" data-line-index=\"0\" data-line=\"true\">Mesure des liquides (non) conducteurs, des gaz, de la vapeur satur\u00e9e et surchauff\u00e9e<\/li>\n<li data-zone-id=\"0\" data-line-index=\"0\" data-line=\"true\">Mesure de la chaleur brute\/net de la vapeur et de l'eau chaude<\/li>\n<li data-zone-id=\"0\" data-line-index=\"0\" data-line=\"true\">Mesure de la consommation de gaz industriels (gaz naturel, azote, etc.)<\/li>\n<li data-zone-id=\"0\" data-line-index=\"0\" data-line=\"true\">Mesure de la consommation dans les syst\u00e8mes d'air comprim\u00e9<\/li>\n<\/ul>\n<\/div>\n<h5>Industrie chimique et autres industries de transformation<\/h5>\n<div>\n<ul>\n<li data-zone-id=\"0\" data-line-index=\"0\" data-line=\"true\">Hydrocarbures, huiles thermiques, etc.<\/li>\n<li data-zone-id=\"0\" data-line-index=\"0\" data-line=\"true\">Solvants<\/li>\n<li data-zone-id=\"0\" data-line-index=\"0\" data-line=\"true\">Eau dessal\u00e9e<\/li>\n<li data-zone-id=\"0\" data-line-index=\"0\" data-line=\"true\">Gaz, gaz de soudage, vapeur<\/li>\n<li data-zone-id=\"0\" data-line-index=\"0\" data-line=\"true\">Produits p\u00e9trochimiques (benz\u00e8ne, \u00e9thyl\u00e8ne, etc.)<\/li>\n<\/ul>\n<\/div>\n<h5>Industrie sid\u00e9rurgique et m\u00e9tallurgique<\/h5>\n<div>\n<ul>\n<li data-zone-id=\"0\" data-line-index=\"0\" data-line=\"true\">Circuits de refroidissement<\/li>\n<li data-zone-id=\"0\" data-line-index=\"0\" data-line=\"true\">Air comprim\u00e9<\/li>\n<li data-zone-id=\"0\" data-line-index=\"0\" data-line=\"true\">Gaz inertes<\/li>\n<li data-zone-id=\"0\" data-line-index=\"0\" data-line=\"true\">Oxyg\u00e8ne<\/li>\n<li data-zone-id=\"0\" data-line-index=\"0\" data-line=\"true\">Gaz naturel<\/li>\n<li data-zone-id=\"0\" data-line-index=\"0\" data-line=\"true\">Vapeur<\/li>\n<\/ul>\n<\/div>\n<h5>Industrie alimentaire et des boissons<\/h5>\n<ul>\n<li>Eau purifi\u00e9e et dessal\u00e9e<\/li>\n<li>CO2<\/li>\n<li>Consommation du br\u00fbleur<\/li>\n<li>Vapeur<\/li>\n<\/ul>\n<h5>Industrie du papier et de la p\u00e2te \u00e0 papier<\/h5>\n<ul>\n<li>Air comprim\u00e9, vapeur, etc.<\/li>\n<\/ul>\n<h5>Industrie p\u00e9troli\u00e8re et gazi\u00e8re<\/h5>\n<ul>\n<li>Produits p\u00e9trochimiques (benz\u00e8ne, \u00e9thyl\u00e8ne, vapeur, etc.)<\/li>\n<li>Gaz naturel<\/li>\n<\/ul>\n<\/div>\n<\/div>\n<\/div>","protected":false},"excerpt":{"rendered":"<div class=\"short-description-head\">\n<div data-zone-id=\"0\" data-line-index=\"0\" data-line=\"true\">The LUGBMT-VS vortex flow meter integrated temperature and pressure sensor, automatically calculates the mass flow of the medium through the international standard density compensation algorithm. Due to the built-in ultra-high sensitivity dual vortex sensor, the flow meter can simultaneously detect the flow signal and interference signal, through the algorithm can automatically identify the flow signal and vibration, electromagnetic disturbance signal. In comparison to the traditional vortex flow meter, the newly developed DSA (Digital Spectrum Analysis) technology greatly improves the low limit of measurement, turndown ratio, anti-vibration and anti-disturbance performance of flow meters, providing users with high accuracy and long-term stability.<\/div>\n<\/div>","protected":false},"featured_media":27319,"template":"","meta":[],"product_brand":[],"product_cat":[121,205,164,166,163],"product_tag":[],"class_list":{"0":"post-27317","1":"product","2":"type-product","3":"status-publish","4":"has-post-thumbnail","6":"product_cat-vortex-flow-meters","7":"product_cat-steam-flow-meters","8":"product_cat-air-flow-meters","9":"product_cat-liquid-flow-meters","10":"product_cat-water-flow-meters","12":"first","13":"instock","14":"shipping-taxable","15":"purchasable","16":"product-type-simple"},"_links":{"self":[{"href":"https:\/\/metlaninst.com\/fr\/wp-json\/wp\/v2\/product\/27317","targetHints":{"allow":["GET"]}}],"collection":[{"href":"https:\/\/metlaninst.com\/fr\/wp-json\/wp\/v2\/product"}],"about":[{"href":"https:\/\/metlaninst.com\/fr\/wp-json\/wp\/v2\/types\/product"}],"version-history":[{"count":1,"href":"https:\/\/metlaninst.com\/fr\/wp-json\/wp\/v2\/product\/27317\/revisions"}],"predecessor-version":[{"id":27320,"href":"https:\/\/metlaninst.com\/fr\/wp-json\/wp\/v2\/product\/27317\/revisions\/27320"}],"wp:featuredmedia":[{"embeddable":true,"href":"https:\/\/metlaninst.com\/fr\/wp-json\/wp\/v2\/media\/27319"}],"wp:attachment":[{"href":"https:\/\/metlaninst.com\/fr\/wp-json\/wp\/v2\/media?parent=27317"}],"wp:term":[{"taxonomy":"product_brand","embeddable":true,"href":"https:\/\/metlaninst.com\/fr\/wp-json\/wp\/v2\/product_brand?post=27317"},{"taxonomy":"product_cat","embeddable":true,"href":"https:\/\/metlaninst.com\/fr\/wp-json\/wp\/v2\/product_cat?post=27317"},{"taxonomy":"product_tag","embeddable":true,"href":"https:\/\/metlaninst.com\/fr\/wp-json\/wp\/v2\/product_tag?post=27317"}],"curies":[{"name":"wp","href":"https:\/\/api.w.org\/{rel}","templated":true}]}}