{"id":27592,"date":"2025-04-18T01:52:55","date_gmt":"2025-04-18T01:52:55","guid":{"rendered":"https:\/\/metlaninst.com\/?post_type=product&#038;p=27592"},"modified":"2025-11-05T02:08:56","modified_gmt":"2025-11-05T02:08:56","slug":"digital-liquid-mass-flow-meter-controller-mtl10l","status":"publish","type":"product","link":"https:\/\/metlaninst.com\/fr\/p\/digital-liquid-mass-flow-meter-controller-mtl10l\/","title":{"rendered":"Digital Liquid Mass Flow Meter \/ Controller MTL10L"},"content":{"rendered":"<div class=\"e-con-inner\">\n<div class=\"elementor-element e-con-full e-flex e-con e-child\">\n<div class=\"elementor-widget-container\">\n<h3 class=\"elementor-heading-title elementor-size-default\">Caract\u00e9ristiques :<\/h3>\n<\/div>\n<div class=\"elementor-widget-container\">\n<ol>\n<li data-zone-id=\"0\" data-line-index=\"0\" data-line=\"true\">Enables quick and accurate measurement of volumetric\/mass flow rates for liquids.<\/li>\n<li data-zone-id=\"0\" data-line-index=\"0\" data-line=\"true\">Utilizes internally compensated laminar flow differential pressure technology to maintain stable laminar flow, even at high flow rates, for consistent and accurate readings.<\/li>\n<li data-zone-id=\"0\" data-line-index=\"0\" data-line=\"true\">Equipped with a specially engineered high-speed proportional control valve to ensure precise and stable regulation of\u00a0 flow rates.<\/li>\n<li data-zone-id=\"0\" data-line-index=\"0\" data-line=\"true\">Features a uniquely designed vent that effortlessly releases air.<\/li>\n<li data-zone-id=\"0\" data-line-index=\"0\" data-line=\"true\">No moving parts or internal heating elements, ensuring excellent durability, vibration resistance, and flexible installation in any orientation.<\/li>\n<li data-zone-id=\"0\" data-line-index=\"0\" data-line=\"true\">Comes with an integrated multi-function digital display that enables easy setpoint configuration and PID valve tuning through intuitive on-screen controls, complemented by versatile analog I\/O and RS-485 digital communication options.<\/li>\n<li data-zone-id=\"0\" data-line-index=\"0\" data-line=\"true\">L'anglais, l'espagnol, le fran\u00e7ais et d'autres langues sur demande sont disponibles pour l'affichage LCD.<\/li>\n<li data-zone-id=\"0\" data-line-index=\"0\" data-line=\"true\">Chaque d\u00e9bitm\u00e8tre est \u00e9talonn\u00e9 et re\u00e7oit un num\u00e9ro de s\u00e9rie unique correspondant \u00e0 toutes les donn\u00e9es d'\u00e9talonnage.<\/li>\n<\/ol>\n<\/div>\n<\/div>\n<div class=\"elementor-element e-con-full e-flex e-con e-child\">\n<div class=\"elementor-widget-container\">\n<h3 class=\"elementor-heading-title elementor-size-default\">Applications :<\/h3>\n<\/div>\n<div class=\"elementor-widget-container\">\n<p>The MTL10L digital liquid flow controllers\/flow meters are widely used across various industries, including process manufacturing, food analysis, analytical testing, and metrology.<\/p>\n<\/div>\n<\/div>\n<\/div>","protected":false},"excerpt":{"rendered":"<div class=\"short-description-head\">\n<div data-zone-id=\"0\" data-line-index=\"0\" data-line=\"true\">\n<p data-start=\"85\" data-end=\"409\">The MTL10L Series digital liquid flow controllers and flow meters deliver fast and precise measurement of both volumetric and mass flow rates for process liquids. Each unit features a custom-engineered high-speed proportional control valve that ensures accurate and stable flow regulation under varying operating conditions. Multi-variable measurement and a 50:1 adjustable range allow a single MTL10L liquid flow controller\/flowmeter to replace the functionality of multiple devices. With 1% accuracy, 1% repeatability, and a control response time of less than 200 milliseconds, it ensures smooth operation of process fluids.<\/p>\n<\/div>\n<\/div>","protected":false},"featured_media":27593,"template":"","meta":[],"product_brand":[],"product_cat":[223],"product_tag":[],"class_list":{"0":"post-27592","1":"product","2":"type-product","3":"status-publish","4":"has-post-thumbnail","6":"product_cat-low-flow-mass-flow-meter-controller","8":"first","9":"instock","10":"shipping-taxable","11":"purchasable","12":"product-type-simple"},"_links":{"self":[{"href":"https:\/\/metlaninst.com\/fr\/wp-json\/wp\/v2\/product\/27592","targetHints":{"allow":["GET"]}}],"collection":[{"href":"https:\/\/metlaninst.com\/fr\/wp-json\/wp\/v2\/product"}],"about":[{"href":"https:\/\/metlaninst.com\/fr\/wp-json\/wp\/v2\/types\/product"}],"version-history":[{"count":1,"href":"https:\/\/metlaninst.com\/fr\/wp-json\/wp\/v2\/product\/27592\/revisions"}],"predecessor-version":[{"id":27594,"href":"https:\/\/metlaninst.com\/fr\/wp-json\/wp\/v2\/product\/27592\/revisions\/27594"}],"wp:featuredmedia":[{"embeddable":true,"href":"https:\/\/metlaninst.com\/fr\/wp-json\/wp\/v2\/media\/27593"}],"wp:attachment":[{"href":"https:\/\/metlaninst.com\/fr\/wp-json\/wp\/v2\/media?parent=27592"}],"wp:term":[{"taxonomy":"product_brand","embeddable":true,"href":"https:\/\/metlaninst.com\/fr\/wp-json\/wp\/v2\/product_brand?post=27592"},{"taxonomy":"product_cat","embeddable":true,"href":"https:\/\/metlaninst.com\/fr\/wp-json\/wp\/v2\/product_cat?post=27592"},{"taxonomy":"product_tag","embeddable":true,"href":"https:\/\/metlaninst.com\/fr\/wp-json\/wp\/v2\/product_tag?post=27592"}],"curies":[{"name":"wp","href":"https:\/\/api.w.org\/{rel}","templated":true}]}}