{"id":23193,"date":"2024-10-18T07:18:42","date_gmt":"2024-10-18T07:18:42","guid":{"rendered":"https:\/\/www.metlaninst.com\/?post_type=product&#038;p=23193"},"modified":"2025-02-02T04:03:42","modified_gmt":"2025-02-02T04:03:42","slug":"przeplywomierz-elektromagnetyczny-do-gnojowicy-mtf-s","status":"publish","type":"product","link":"https:\/\/metlaninst.com\/pl\/p\/przeplywomierz-elektromagnetyczny-do-gnojowicy-mtf-s\/","title":{"rendered":"Przep\u0142ywomierz elektromagnetyczny do gnojowicy (MTF-S)"},"content":{"rendered":"<div class=\"e-con-inner\">\n<div class=\"elementor-element e-con-full e-flex e-con e-child\">\n<div class=\"elementor-widget-container\">\n<h3 class=\"elementor-heading-title elementor-size-default\">Cechy:<\/h3>\n<\/div>\n<div class=\"elementor-widget-container\">\n<ol class=\"product-description-list\">\n<li>Wyk\u0142adzina PU, PFA, ETFE lub FEP: doskona\u0142a odporno\u015b\u0107 chemiczna i na \u015bcieranie<\/li>\n<li>Szeroki zakres materia\u0142\u00f3w elektrod<\/li>\n<li>Kolory i wygl\u0105d mo\u017cna dostosowa\u0107 zgodnie z \u017cyczeniem<\/li>\n<li>Dost\u0119pne r\u00f3wnie\u017c w wersjach dostosowanych do potrzeb klienta<\/li>\n<li>Brak ruchomych cz\u0119\u015bci, brak zu\u017cycia, brak utraty ci\u015bnienia<\/li>\n<li>Niezawodny pomiar ze sta\u0142\u0105 dok\u0142adno\u015bci\u0105<\/li>\n<li>Zasada pomiaru jest praktycznie niezale\u017cna od ci\u015bnienia, g\u0119sto\u015bci, temperatury i lepko\u015bci.<\/li>\n<li>Dla wy\u015bwietlacza LCD dost\u0119pne s\u0105 j\u0119zyki angielski, hiszpa\u0144ski, francuski i inne na \u017cyczenie.<\/li>\n<li>Ka\u017cdy przep\u0142ywomierz jest kalibrowany i przypisywany jest mu unikalny numer seryjny odpowiadaj\u0105cy wszystkim danym kalibracyjnym.<\/li>\n<li>Dost\u0119pny z kompaktow\u0105 lub zdaln\u0105 wersj\u0105 nadajnika.<\/li>\n<\/ol>\n<\/div>\n<\/div>\n<div class=\"elementor-element e-con-full e-flex e-con e-child\">\n<div class=\"elementor-widget-container\">\n<h3 class=\"elementor-heading-title elementor-size-default\">Zastosowania:<\/h3>\n<\/div>\n<div class=\"elementor-widget-container\">\n<h5 class=\"first\">Og\u00f3lne<\/h5>\n<ul class=\"product-description-list\">\n<li style=\"list-style-type: none;\">\n<ul class=\"product-description-list\">\n<li>Standardowe zastosowania z czystymi, agresywnymi lub \u015bciernymi cieczami<\/li>\n<\/ul>\n<\/li>\n<\/ul>\n<h5>Przemys\u0142 chemiczny i inne bran\u017ce przetw\u00f3rcze<\/h5>\n<ul class=\"product-description-list\">\n<li style=\"list-style-type: none;\">\n<ul class=\"product-description-list\">\n<li>Chemikalia do p\u0142yn\u00f3w przewodz\u0105cych<\/li>\n<li>Woda procesowa, woda ch\u0142odz\u0105ca<\/li>\n<\/ul>\n<\/li>\n<\/ul>\n<h5>Przemys\u0142 naftowy i gazowy<\/h5>\n<ul class=\"product-description-list\">\n<li style=\"list-style-type: none;\">\n<ul class=\"product-description-list\">\n<li>Wtrysk wody (wysokie ci\u015bnienie)<\/li>\n<li>P\u0142uczka wiertnicza<\/li>\n<li>Wyprodukowana woda<\/li>\n<\/ul>\n<\/li>\n<\/ul>\n<h5>Przemys\u0142 mineralny i wydobywczy<\/h5>\n<ul class=\"product-description-list\">\n<li style=\"list-style-type: none;\">\n<ul class=\"product-description-list\">\n<li>Przewody zasilaj\u0105ce hydrocyklonu<\/li>\n<\/ul>\n<\/li>\n<\/ul>\n<h5>Przemys\u0142 celulozowo-papierniczy<\/h5>\n<ul class=\"product-description-list\">\n<li style=\"list-style-type: none;\">\n<ul class=\"product-description-list\">\n<li>Chemikalia (czarny alkohol, wybielacz itp.)<\/li>\n<\/ul>\n<\/li>\n<\/ul>\n<h5>Przemys\u0142 \u015bciekowy<\/h5>\n<ul class=\"product-description-list\">\n<li>Nawadnianie<\/li>\n<li>Oczyszczanie osad\u00f3w i \u015bciek\u00f3w<\/li>\n<\/ul>\n<\/div>\n<\/div>\n<\/div>","protected":false},"excerpt":{"rendered":"<div class=\"short-description-head\">MTF-S jest przep\u0142ywomierzem do szerokiego zakresu standardowych zastosowa\u0144 procesowych z agresywnymi i \u015bciernymi cieczami, zw\u0142aszcza zawiesinami. Umo\u017cliwia niezawodny pomiar przep\u0142ywu nawet w trudnych warunkach procesowych z temperaturami do +180\u00b0C \/ +356\u00b0F, nisk\u0105 przewodno\u015bci\u0105 (\u22655 \u00b5S\/cm) i zawarto\u015bci\u0105 cia\u0142 sta\u0142ych.<\/div>","protected":false},"featured_media":23250,"template":"","meta":[],"product_brand":[],"product_cat":[118,166],"product_tag":[],"class_list":{"0":"post-23193","1":"product","2":"type-product","3":"status-publish","4":"has-post-thumbnail","6":"product_cat-magnetic-flow-meters","7":"product_cat-liquid-flow-meters","9":"first","10":"instock","11":"shipping-taxable","12":"purchasable","13":"product-type-simple"},"_links":{"self":[{"href":"https:\/\/metlaninst.com\/pl\/wp-json\/wp\/v2\/product\/23193","targetHints":{"allow":["GET"]}}],"collection":[{"href":"https:\/\/metlaninst.com\/pl\/wp-json\/wp\/v2\/product"}],"about":[{"href":"https:\/\/metlaninst.com\/pl\/wp-json\/wp\/v2\/types\/product"}],"version-history":[{"count":11,"href":"https:\/\/metlaninst.com\/pl\/wp-json\/wp\/v2\/product\/23193\/revisions"}],"predecessor-version":[{"id":26157,"href":"https:\/\/metlaninst.com\/pl\/wp-json\/wp\/v2\/product\/23193\/revisions\/26157"}],"wp:featuredmedia":[{"embeddable":true,"href":"https:\/\/metlaninst.com\/pl\/wp-json\/wp\/v2\/media\/23250"}],"wp:attachment":[{"href":"https:\/\/metlaninst.com\/pl\/wp-json\/wp\/v2\/media?parent=23193"}],"wp:term":[{"taxonomy":"product_brand","embeddable":true,"href":"https:\/\/metlaninst.com\/pl\/wp-json\/wp\/v2\/product_brand?post=23193"},{"taxonomy":"product_cat","embeddable":true,"href":"https:\/\/metlaninst.com\/pl\/wp-json\/wp\/v2\/product_cat?post=23193"},{"taxonomy":"product_tag","embeddable":true,"href":"https:\/\/metlaninst.com\/pl\/wp-json\/wp\/v2\/product_tag?post=23193"}],"curies":[{"name":"wp","href":"https:\/\/api.w.org\/{rel}","templated":true}]}}