{"id":23196,"date":"2024-10-17T07:18:59","date_gmt":"2024-10-17T07:18:59","guid":{"rendered":"https:\/\/www.metlaninst.com\/?post_type=product&#038;p=23196"},"modified":"2025-02-02T04:04:37","modified_gmt":"2025-02-02T04:04:37","slug":"przeplywomierze-magnetyczne-sanitarne-mtf-a","status":"publish","type":"product","link":"https:\/\/metlaninst.com\/pl\/p\/przeplywomierze-magnetyczne-sanitarne-mtf-a\/","title":{"rendered":"Magnetyczne przep\u0142ywomierze sanitarne (MTF-A)"},"content":{"rendered":"<div class=\"e-con-inner\">\n<div class=\"elementor-element e-con-full e-flex e-con e-child\">\n<div class=\"elementor-widget-container\">\n<h3 class=\"elementor-heading-title elementor-size-default\">Cechy:<\/h3>\n<\/div>\n<div class=\"elementor-widget-container\">\n<ol class=\"product-description-list\">\n<li>Wk\u0142adka PFA: certyfikowana do zastosowa\u0144 higienicznych<\/li>\n<li>Szeroki zakres materia\u0142\u00f3w elektrod<\/li>\n<li>Kolory i wygl\u0105d mo\u017cna dostosowa\u0107 zgodnie z \u017cyczeniem<\/li>\n<li>Dost\u0119pne r\u00f3wnie\u017c w wersjach dostosowanych do potrzeb klienta<\/li>\n<li>Brak ruchomych cz\u0119\u015bci, brak zu\u017cycia, brak utraty ci\u015bnienia<\/li>\n<li>Niezawodny pomiar ze sta\u0142\u0105 dok\u0142adno\u015bci\u0105<\/li>\n<li>Zasada pomiaru jest praktycznie niezale\u017cna od ci\u015bnienia, g\u0119sto\u015bci, temperatury i lepko\u015bci.<\/li>\n<li>Dla wy\u015bwietlacza LCD dost\u0119pne s\u0105 j\u0119zyki angielski, hiszpa\u0144ski, francuski i inne na \u017cyczenie.<\/li>\n<li>Ka\u017cdy przep\u0142ywomierz jest kalibrowany i przypisywany jest mu unikalny numer seryjny odpowiadaj\u0105cy wszystkim danym kalibracyjnym.<\/li>\n<li>Dost\u0119pny z kompaktow\u0105 lub zdaln\u0105 wersj\u0105 nadajnika.<\/li>\n<\/ol>\n<\/div>\n<\/div>\n<div class=\"elementor-element e-con-full e-flex e-con e-child\">\n<div class=\"elementor-widget-container\">\n<h3 class=\"elementor-heading-title elementor-size-default\">Zastosowania:<\/h3>\n<\/div>\n<div class=\"elementor-widget-container\">\n<h5 class=\"first\">Og\u00f3lne<\/h5>\n<ul class=\"product-description-list\">\n<li style=\"list-style-type: none;\">\n<ul class=\"product-description-list\">\n<li>Standardowe zastosowania higieniczne<\/li>\n<li>Dla du\u017cych zak\u0142ad\u00f3w produkcyjnych o \u015brednicy do DN150 \/ 6\u2033 (inne na \u017cyczenie)<\/li>\n<\/ul>\n<\/li>\n<\/ul>\n<h5>Przemys\u0142 spo\u017cywczy i napoj\u00f3w<\/h5>\n<ul class=\"product-description-list\">\n<li style=\"list-style-type: none;\">\n<ul class=\"product-description-list\">\n<li>Napoje (napoje bezalkoholowe, piwo, wino, soki owocowe itp.)<\/li>\n<li>Mleko i inne produkty mleczne<\/li>\n<li>Media CIP (w tym kwasy i roztwory \u017cr\u0105ce)<\/li>\n<\/ul>\n<\/li>\n<\/ul>\n<h5>Przemys\u0142 farmaceutyczny<\/h5>\n<ul class=\"product-description-list\">\n<li>Przetwarzanie lek\u00f3w, \u017cr\u0105cych napoj\u00f3w gazowanych, kwas\u00f3w, bia\u0142ek, antybiotyk\u00f3w<\/li>\n<\/ul>\n<\/div>\n<\/div>\n<\/div>","protected":false},"excerpt":{"rendered":"<div class=\"short-description-head\">MTF-A to preferowany przep\u0142ywomierz elektromagnetyczny do zastosowa\u0144 higienicznych w przemy\u015ble spo\u017cywczym i napoj\u00f3w oraz w naukach przyrodniczych. Jest \u0142atwy w monta\u017cu i demonta\u017cu, obs\u0142uguje procedury czyszczenia CIP lub SIP i jest dost\u0119pny z kompaktow\u0105 lub zdaln\u0105 wersj\u0105 przetwornika.<\/div>","protected":false},"featured_media":23244,"template":"","meta":[],"product_brand":[],"product_cat":[118,166],"product_tag":[],"class_list":{"0":"post-23196","1":"product","2":"type-product","3":"status-publish","4":"has-post-thumbnail","6":"product_cat-magnetic-flow-meters","7":"product_cat-liquid-flow-meters","9":"first","10":"instock","11":"shipping-taxable","12":"purchasable","13":"product-type-simple"},"_links":{"self":[{"href":"https:\/\/metlaninst.com\/pl\/wp-json\/wp\/v2\/product\/23196","targetHints":{"allow":["GET"]}}],"collection":[{"href":"https:\/\/metlaninst.com\/pl\/wp-json\/wp\/v2\/product"}],"about":[{"href":"https:\/\/metlaninst.com\/pl\/wp-json\/wp\/v2\/types\/product"}],"version-history":[{"count":2,"href":"https:\/\/metlaninst.com\/pl\/wp-json\/wp\/v2\/product\/23196\/revisions"}],"predecessor-version":[{"id":26158,"href":"https:\/\/metlaninst.com\/pl\/wp-json\/wp\/v2\/product\/23196\/revisions\/26158"}],"wp:featuredmedia":[{"embeddable":true,"href":"https:\/\/metlaninst.com\/pl\/wp-json\/wp\/v2\/media\/23244"}],"wp:attachment":[{"href":"https:\/\/metlaninst.com\/pl\/wp-json\/wp\/v2\/media?parent=23196"}],"wp:term":[{"taxonomy":"product_brand","embeddable":true,"href":"https:\/\/metlaninst.com\/pl\/wp-json\/wp\/v2\/product_brand?post=23196"},{"taxonomy":"product_cat","embeddable":true,"href":"https:\/\/metlaninst.com\/pl\/wp-json\/wp\/v2\/product_cat?post=23196"},{"taxonomy":"product_tag","embeddable":true,"href":"https:\/\/metlaninst.com\/pl\/wp-json\/wp\/v2\/product_tag?post=23196"}],"curies":[{"name":"wp","href":"https:\/\/api.w.org\/{rel}","templated":true}]}}