{"id":23199,"date":"2024-10-16T07:19:27","date_gmt":"2024-10-16T07:19:27","guid":{"rendered":"https:\/\/www.metlaninst.com\/?post_type=product&#038;p=23199"},"modified":"2025-02-02T04:06:00","modified_gmt":"2025-02-02T04:06:00","slug":"przeplywomierz-magnetyczny-do-medium-o-wysokiej-temperaturze-mtf-h","status":"publish","type":"product","link":"https:\/\/metlaninst.com\/pl\/p\/przeplywomierz-magnetyczny-do-medium-o-wysokiej-temperaturze-mtf-h\/","title":{"rendered":"Przep\u0142ywomierz magnetyczny do medium o wysokiej temperaturze (MTF-H)"},"content":{"rendered":"<div class=\"e-con-inner\">\n<div class=\"elementor-element e-con-full e-flex e-con e-child\">\n<div class=\"elementor-widget-container\">\n<h3 class=\"elementor-heading-title elementor-size-default\">Cechy:<\/h3>\n<\/div>\n<div class=\"elementor-widget-container\">\n<ol class=\"product-description-list\">\n<li>Wyk\u0142adzina PFA\/PTFE\/ETFE\/FEP: Dedykowany do zastosowa\u0144 chemicznych i procesowych z korozyjnymi cieczami i wysokimi \u015brednimi temperaturami.<\/li>\n<li>Szeroki zakres materia\u0142\u00f3w elektrod<\/li>\n<li>Kolory i wygl\u0105d mo\u017cna dostosowa\u0107 zgodnie z \u017cyczeniem<\/li>\n<li>Dost\u0119pne r\u00f3wnie\u017c w wersjach dostosowanych do potrzeb klienta<\/li>\n<li>Brak ruchomych cz\u0119\u015bci, brak zu\u017cycia, brak utraty ci\u015bnienia<\/li>\n<li>Niezawodny pomiar ze sta\u0142\u0105 dok\u0142adno\u015bci\u0105<\/li>\n<li>Zasada pomiaru jest praktycznie niezale\u017cna od ci\u015bnienia, g\u0119sto\u015bci, temperatury i lepko\u015bci.<\/li>\n<li>Dla wy\u015bwietlacza LCD dost\u0119pne s\u0105 j\u0119zyki angielski, hiszpa\u0144ski, francuski i inne na \u017cyczenie.<\/li>\n<li>Ka\u017cdy przep\u0142ywomierz jest kalibrowany i przypisywany jest mu unikalny numer seryjny odpowiadaj\u0105cy wszystkim danym kalibracyjnym.<\/li>\n<li>Dost\u0119pny z kompaktow\u0105 lub zdaln\u0105 wersj\u0105 nadajnika.<\/li>\n<\/ol>\n<\/div>\n<\/div>\n<div class=\"elementor-element e-con-full e-flex e-con e-child\">\n<div class=\"elementor-widget-container\">\n<h3 class=\"elementor-heading-title elementor-size-default\">Zastosowania:<\/h3>\n<\/div>\n<div class=\"elementor-widget-container\">\n<h5 class=\"first\">Og\u00f3lne<\/h5>\n<ul class=\"product-description-list\">\n<li style=\"list-style-type: none;\">\n<ul class=\"product-description-list\">\n<li>Wymagaj\u0105ce zastosowania z czystymi, agresywnymi lub \u015bciernymi cieczami<\/li>\n<\/ul>\n<\/li>\n<\/ul>\n<h5>Przemys\u0142 chemiczny i inne bran\u017ce przetw\u00f3rcze<\/h5>\n<ul class=\"product-description-list\">\n<li style=\"list-style-type: none;\">\n<ul class=\"product-description-list\">\n<li>Nieorganiczna i organiczna produkcja masowa<\/li>\n<li>Silnie \u017cr\u0105ce i agresywne chemikalia (kwasy, media alkaliczne)<\/li>\n<li>Przetwarzanie \u017cr\u0105cych i agresywnych chemikali\u00f3w (kwasy, media alkaliczne)<\/li>\n<\/ul>\n<\/li>\n<\/ul>\n<h5>Przemys\u0142 mineralny i wydobywczy<\/h5>\n<ul class=\"product-description-list\">\n<li style=\"list-style-type: none;\">\n<ul class=\"product-description-list\">\n<li>Niejednorodne i \u015bcierne zawiesiny z drobnymi cz\u0105stkami (zawarto\u015b\u0107 cia\u0142 sta\u0142ych)<\/li>\n<li>Przewody zasilaj\u0105ce hydrocyklonu<\/li>\n<\/ul>\n<\/li>\n<\/ul>\n<h5>Przemys\u0142 spo\u017cywczy i napoj\u00f3w, przemys\u0142 farmaceutyczny<\/h5>\n<ul class=\"product-description-list\">\n<li style=\"list-style-type: none;\">\n<ul class=\"product-description-list\">\n<li>Mieszanie, dozowanie, porcjowanie cieczy przewodz\u0105cych<\/li>\n<\/ul>\n<\/li>\n<\/ul>\n<h5>Przemys\u0142 \u015bciekowy<\/h5>\n<ul class=\"product-description-list\">\n<li style=\"list-style-type: none;\">\n<ul class=\"product-description-list\">\n<li>Zawiesiny i szlamy osad\u00f3w<\/li>\n<li>Dozowanie koagulant\u00f3w i flokulant\u00f3w<\/li>\n<\/ul>\n<\/li>\n<\/ul>\n<h5>Przemys\u0142 celulozowo-papierniczy<\/h5>\n<ul class=\"product-description-list\">\n<li>Chemicznie agresywne produkty w\u0142\u00f3kniste<\/li>\n<\/ul>\n<\/div>\n<\/div>\n<\/div>","protected":false},"excerpt":{"rendered":"<div class=\"short-description-head\">Przep\u0142ywomierz magnetyczny MTF-H jest przeznaczony do zastosowa\u0144 chemicznych i procesowych z cieczami korozyjnymi i najwy\u017cszymi temperaturami medium do +180\u00b0C \/ +356\u00b0F. Dost\u0119pny jest zdalny nadajnik, aby zmaksymalizowa\u0107 elastyczno\u015b\u0107 instalacji i bezpiecze\u0144stwo pracy w wymagaj\u0105cych \u015brodowiskach.<\/div>","protected":false},"featured_media":23248,"template":"","meta":[],"product_brand":[],"product_cat":[118,166],"product_tag":[],"class_list":{"0":"post-23199","1":"product","2":"type-product","3":"status-publish","4":"has-post-thumbnail","6":"product_cat-magnetic-flow-meters","7":"product_cat-liquid-flow-meters","9":"first","10":"instock","11":"shipping-taxable","12":"purchasable","13":"product-type-simple"},"_links":{"self":[{"href":"https:\/\/metlaninst.com\/pl\/wp-json\/wp\/v2\/product\/23199","targetHints":{"allow":["GET"]}}],"collection":[{"href":"https:\/\/metlaninst.com\/pl\/wp-json\/wp\/v2\/product"}],"about":[{"href":"https:\/\/metlaninst.com\/pl\/wp-json\/wp\/v2\/types\/product"}],"version-history":[{"count":5,"href":"https:\/\/metlaninst.com\/pl\/wp-json\/wp\/v2\/product\/23199\/revisions"}],"predecessor-version":[{"id":26159,"href":"https:\/\/metlaninst.com\/pl\/wp-json\/wp\/v2\/product\/23199\/revisions\/26159"}],"wp:featuredmedia":[{"embeddable":true,"href":"https:\/\/metlaninst.com\/pl\/wp-json\/wp\/v2\/media\/23248"}],"wp:attachment":[{"href":"https:\/\/metlaninst.com\/pl\/wp-json\/wp\/v2\/media?parent=23199"}],"wp:term":[{"taxonomy":"product_brand","embeddable":true,"href":"https:\/\/metlaninst.com\/pl\/wp-json\/wp\/v2\/product_brand?post=23199"},{"taxonomy":"product_cat","embeddable":true,"href":"https:\/\/metlaninst.com\/pl\/wp-json\/wp\/v2\/product_cat?post=23199"},{"taxonomy":"product_tag","embeddable":true,"href":"https:\/\/metlaninst.com\/pl\/wp-json\/wp\/v2\/product_tag?post=23199"}],"curies":[{"name":"wp","href":"https:\/\/api.w.org\/{rel}","templated":true}]}}