{"id":23215,"date":"2024-12-26T08:16:33","date_gmt":"2024-12-26T08:16:33","guid":{"rendered":"https:\/\/www.metlaninst.com\/?post_type=product&#038;p=23215"},"modified":"2025-02-02T03:54:33","modified_gmt":"2025-02-02T03:54:33","slug":"zdalny-przeplywomierz-elektromagnetyczny-mtf-f-200","status":"publish","type":"product","link":"https:\/\/metlaninst.com\/pl\/p\/zdalny-przeplywomierz-elektromagnetyczny-mtf-f-200\/","title":{"rendered":"Zdalny przep\u0142ywomierz elektromagnetyczny (MTF-F-200)"},"content":{"rendered":"<div class=\"e-con-inner\">\n<div class=\"elementor-element e-con-full e-flex e-con e-child\">\n<div class=\"elementor-widget-container\">\n<h3 class=\"elementor-heading-title elementor-size-default\">Cechy:<\/h3>\n<\/div>\n<div class=\"elementor-widget-container\">\n<ol class=\"product-description-list\">\n<li>Szeroki wyb\u00f3r wyk\u0142adzin i materia\u0142\u00f3w elektrod<\/li>\n<li>Kolory i wygl\u0105d mo\u017cna dostosowa\u0107 zgodnie z \u017cyczeniem<\/li>\n<li>Dost\u0119pne r\u00f3wnie\u017c w wersjach dostosowanych do potrzeb klienta<\/li>\n<li>Brak ruchomych cz\u0119\u015bci, brak zu\u017cycia, brak utraty ci\u015bnienia<\/li>\n<li>Niezawodny pomiar ze sta\u0142\u0105 dok\u0142adno\u015bci\u0105<\/li>\n<li>Zasada pomiaru jest praktycznie niezale\u017cna od ci\u015bnienia, g\u0119sto\u015bci, temperatury i lepko\u015bci.<\/li>\n<li>Dla wy\u015bwietlacza LCD dost\u0119pne s\u0105 j\u0119zyki angielski, hiszpa\u0144ski, francuski i inne na \u017cyczenie.<\/li>\n<li>Ka\u017cdy przep\u0142ywomierz jest kalibrowany i przypisywany jest mu unikalny numer seryjny odpowiadaj\u0105cy wszystkim danym kalibracyjnym.<\/li>\n<li>Dost\u0119pny z kompaktow\u0105 lub zdaln\u0105 wersj\u0105 nadajnika.<\/li>\n<\/ol>\n<\/div>\n<\/div>\n<div class=\"elementor-element e-con-full e-flex e-con e-child\">\n<div class=\"elementor-widget-container\">\n<h3 class=\"elementor-heading-title elementor-size-default\">Zastosowania:<\/h3>\n<\/div>\n<div class=\"elementor-widget-container\">\n<h5 class=\"first\">Og\u00f3lne<\/h5>\n<ul class=\"product-description-list\">\n<li style=\"list-style-type: none;\">\n<ul class=\"product-description-list\">\n<li>Zastosowania z czystymi, agresywnymi lub \u015bciernymi cieczami<\/li>\n<li>Standardowe zastosowania higieniczne<\/li>\n<li>Dla du\u017cych zak\u0142ad\u00f3w produkcyjnych o \u015brednicy do DN3000 \/ 120\u2033 (inne na \u017cyczenie)<\/li>\n<\/ul>\n<\/li>\n<\/ul>\n<h5>Przemys\u0142 chemiczny i inne bran\u017ce przetw\u00f3rcze<\/h5>\n<ul class=\"product-description-list\">\n<li style=\"list-style-type: none;\">\n<ul class=\"product-description-list\">\n<li>Chemikalia do p\u0142yn\u00f3w przewodz\u0105cych<\/li>\n<li>Woda procesowa, woda ch\u0142odz\u0105ca<\/li>\n<li>Nieorganiczna i organiczna produkcja masowa<\/li>\n<li>Silnie \u017cr\u0105ce i agresywne chemikalia (kwasy, media alkaliczne)<\/li>\n<li>Przetwarzanie \u017cr\u0105cych i agresywnych chemikali\u00f3w (kwasy, media alkaliczne)<\/li>\n<\/ul>\n<\/li>\n<\/ul>\n<h5>Przemys\u0142 mineralny i wydobywczy<\/h5>\n<ul class=\"product-description-list\">\n<li style=\"list-style-type: none;\">\n<ul class=\"product-description-list\">\n<li>Niejednorodne i \u015bcierne zawiesiny z drobnymi cz\u0105stkami (zawarto\u015b\u0107 cia\u0142 sta\u0142ych)<\/li>\n<li>Przewody zasilaj\u0105ce hydrocyklonu<\/li>\n<\/ul>\n<\/li>\n<\/ul>\n<h5>Przemys\u0142 \u015bciekowy<\/h5>\n<ul class=\"product-description-list\">\n<li style=\"list-style-type: none;\">\n<ul class=\"product-description-list\">\n<li>Zawiesiny i szlamy osad\u00f3w<\/li>\n<li>Dozowanie koagulant\u00f3w i flokulant\u00f3w<\/li>\n<li>Abstrakcja i nawadnianie<\/li>\n<li>Monitorowanie sieci dystrybucyjnych<\/li>\n<li>Systemy cyrkulacji i uzdatniania wody<\/li>\n<li>Oczyszczanie i odsalanie wody<\/li>\n<\/ul>\n<\/li>\n<\/ul>\n<h5>Przemys\u0142 celulozowo-papierniczy<\/h5>\n<ul class=\"product-description-list\">\n<li style=\"list-style-type: none;\">\n<ul class=\"product-description-list\">\n<li>Chemicznie agresywne produkty w\u0142\u00f3kniste<\/li>\n<\/ul>\n<\/li>\n<\/ul>\n<h5>Przemys\u0142 naftowy i gazowy<\/h5>\n<ul class=\"product-description-list\">\n<li>Wtrysk wody (wysokie ci\u015bnienie)<\/li>\n<li>P\u0142uczka wiertnicza<\/li>\n<li>Wyprodukowana woda<\/li>\n<\/ul>\n<\/div>\n<\/div>\n<\/div>","protected":false},"excerpt":{"rendered":"<div class=\"short-description-head\">MTF-F-200 to zdalna wersja przep\u0142ywomierza eletromagnetycznego MTF-F-100, kt\u00f3ra zapewnia szeroki wyb\u00f3r materia\u0142\u00f3w zwil\u017canych i zakresy \u015brednich temperatur do 180 \u00b0C\/356 \u00b0F, aby zmaksymalizowa\u0107 elastyczno\u015b\u0107 instalacji i bezpiecze\u0144stwo pracy w wymagaj\u0105cych \u015brodowiskach.<\/div>","protected":false},"featured_media":23247,"template":"","meta":[],"product_brand":[],"product_cat":[118,166,163],"product_tag":[],"class_list":{"0":"post-23215","1":"product","2":"type-product","3":"status-publish","4":"has-post-thumbnail","6":"product_cat-magnetic-flow-meters","7":"product_cat-liquid-flow-meters","8":"product_cat-water-flow-meters","10":"first","11":"instock","12":"shipping-taxable","13":"purchasable","14":"product-type-simple"},"_links":{"self":[{"href":"https:\/\/metlaninst.com\/pl\/wp-json\/wp\/v2\/product\/23215","targetHints":{"allow":["GET"]}}],"collection":[{"href":"https:\/\/metlaninst.com\/pl\/wp-json\/wp\/v2\/product"}],"about":[{"href":"https:\/\/metlaninst.com\/pl\/wp-json\/wp\/v2\/types\/product"}],"version-history":[{"count":2,"href":"https:\/\/metlaninst.com\/pl\/wp-json\/wp\/v2\/product\/23215\/revisions"}],"predecessor-version":[{"id":26148,"href":"https:\/\/metlaninst.com\/pl\/wp-json\/wp\/v2\/product\/23215\/revisions\/26148"}],"wp:featuredmedia":[{"embeddable":true,"href":"https:\/\/metlaninst.com\/pl\/wp-json\/wp\/v2\/media\/23247"}],"wp:attachment":[{"href":"https:\/\/metlaninst.com\/pl\/wp-json\/wp\/v2\/media?parent=23215"}],"wp:term":[{"taxonomy":"product_brand","embeddable":true,"href":"https:\/\/metlaninst.com\/pl\/wp-json\/wp\/v2\/product_brand?post=23215"},{"taxonomy":"product_cat","embeddable":true,"href":"https:\/\/metlaninst.com\/pl\/wp-json\/wp\/v2\/product_cat?post=23215"},{"taxonomy":"product_tag","embeddable":true,"href":"https:\/\/metlaninst.com\/pl\/wp-json\/wp\/v2\/product_tag?post=23215"}],"curies":[{"name":"wp","href":"https:\/\/api.w.org\/{rel}","templated":true}]}}